{"id":11729,"date":"2024-11-18T12:28:06","date_gmt":"2024-11-18T12:28:06","guid":{"rendered":"https:\/\/crawl.es\/producto\/boxer-turbo-junior-playful-chamaeleon-crawl\/"},"modified":"2024-11-18T12:28:06","modified_gmt":"2024-11-18T12:28:06","slug":"boxer-turbo-junior-playful-chamaeleon-crawl","status":"publish","type":"product","link":"https:\/\/crawl.es\/ca\/producto\/boxer-turbo-junior-playful-chamaeleon-crawl\/","title":{"rendered":"Boxer Turbo Junior Playful-Chamaeleon | Crawl"},"content":{"rendered":"<p>Descobreix el Boxer Turbo Junior Playful-Chamaeleon, dissenyat per oferir m\u00e0xim confort i llibertat de moviment a l&#8217;aigua. Confeccionat en teixit resistent, ideal per a entrenament i nataci\u00f3 intensiva. Colors vibrants que mantenen la seva intensitat amb l&#8217;\u00fas!<\/p>\n<p>\u00a0<\/p>\n<p>Caracter\u00edstiques Principals:<\/p>\n<p>M\u00e0xim Confort: Dissenyat per proporcionar el m\u00e0xim confort durant les sessions de nataci\u00f3.<\/p>\n<p>Llibertat de Moviment: Proporciona una gran llibertat de moviment, permetent als nedadors realitzar els seus entrenaments sense restriccions.<\/p>\n<p>Teixit Resistent: Confeccionat amb materials d&#8217;alta qualitat que asseguren durabilitat i resist\u00e8ncia al clor.<\/p>\n<p>Colors Vibrants: Els colors vibrants del banyador mantenen la seva intensitat fins i tot amb l&#8217;\u00fas freq\u00fcent.<\/p>\n<p>\u00a0<\/p>\n<p>Beneficis per als Usuaris:<\/p>\n<p>Comoditat i Rendiment: Ofereix una combinaci\u00f3 perfecta de comoditat i rendiment per als joves nedadors.<\/p>\n<p>Durabilitat: Gr\u00e0cies al seu teixit resistent, el banyador assegura una llarga vida \u00fatil, mantenint la seva forma i color.<\/p>\n<p>Llibertat de Moviment: Permet als nedadors moure&#8217;s lliurement a l&#8217;aigua, millorant el seu rendiment a cada sessi\u00f3.<\/p>\n<p>\u00a0<\/p>\n<p>\u00das Recomanat:<\/p>\n<p>El Boxer Turbo Junior Playful-Chamaeleon \u00e9s ideal per a joves nedadors que busquen un banyador que ofereixi tant estil com funcionalitat. Perfecte per a entrenaments, competicions o simplement per divertir-se a l&#8217;aigua.<\/p>\n<p>\u00a0<\/p>\n","protected":false},"excerpt":{"rendered":"<p>Descobreix el Boxer Turbo Junior Playful-Chamaeleon, dissenyat per oferir m\u00e0xim confort i llibertat de moviment a l&#8217;aigua. Confeccionat en teixit resistent, ideal per a entrenament i nataci\u00f3 intensiva. Colors vibrants que mantenen la seva intensitat amb l&#8217;\u00fas!<\/p>\n<p>\u00a0<\/p>\n","protected":false},"featured_media":10855,"comment_status":"open","ping_status":"closed","template":"","meta":[],"product_cat":[156,226],"product_tag":[],"brands":[{"id":22,"name":"Turbo","slug":"turbo"}],"_links":{"self":[{"href":"https:\/\/crawl.es\/ca\/wp-json\/wp\/v2\/product\/11729"}],"collection":[{"href":"https:\/\/crawl.es\/ca\/wp-json\/wp\/v2\/product"}],"about":[{"href":"https:\/\/crawl.es\/ca\/wp-json\/wp\/v2\/types\/product"}],"replies":[{"embeddable":true,"href":"https:\/\/crawl.es\/ca\/wp-json\/wp\/v2\/comments?post=11729"}],"wp:featuredmedia":[{"embeddable":true,"href":"https:\/\/crawl.es\/ca\/wp-json\/wp\/v2\/media\/10855"}],"wp:attachment":[{"href":"https:\/\/crawl.es\/ca\/wp-json\/wp\/v2\/media?parent=11729"}],"wp:term":[{"taxonomy":"product_cat","embeddable":true,"href":"https:\/\/crawl.es\/ca\/wp-json\/wp\/v2\/product_cat?post=11729"},{"taxonomy":"product_tag","embeddable":true,"href":"https:\/\/crawl.es\/ca\/wp-json\/wp\/v2\/product_tag?post=11729"}],"curies":[{"name":"wp","href":"https:\/\/api.w.org\/{rel}","templated":true}]}}