{"id":11734,"date":"2024-11-18T12:20:19","date_gmt":"2024-11-18T12:20:19","guid":{"rendered":"https:\/\/crawl.es\/producto\/boxer-turbo-junior-fun-ocean-crawl\/"},"modified":"2024-11-18T12:20:19","modified_gmt":"2024-11-18T12:20:19","slug":"boxer-turbo-junior-fun-ocean-crawl","status":"publish","type":"product","link":"https:\/\/crawl.es\/ca\/producto\/boxer-turbo-junior-fun-ocean-crawl\/","title":{"rendered":"BOXER TURBO JUNIOR FUN-OCEAN | Crawl"},"content":{"rendered":"<p>Els banyadors de nen Turbo estan especialment dissenyats per als m\u00e9s petits de la casa. Estan confeccionats amb materials que garanteixen el confort durant l&#8217;\u00fas, al mateix temps que asseguren una durabilitat extrema. Estan fabricats i pensats per a un \u00fas intensiu en la pr\u00e0ctica de la nataci\u00f3 i altres esports aqu\u00e0tics com el waterpolo, triatl\u00f3, nataci\u00f3 sincronitzada, etc.<\/p>\n<p>\u00a0<\/p>\n<p>Caracter\u00edstiques Principals:<\/p>\n<p>Confort \u00d2ptim: Dissenyats per proporcionar una comoditat excepcional durant la pr\u00e0ctica d&#8217;activitats aqu\u00e0tiques.<\/p>\n<p>Durabilitat Extrema: Fabricats amb materials d&#8217;alta qualitat que asseguren una llarga vida \u00fatil fins i tot amb l&#8217;\u00fas intensiu.<\/p>\n<p>Versatilitat en el Disseny: Ideals per a una \u00e0mplia gamma d&#8217;esports aqu\u00e0tics, oferint sempre un rendiment \u00f2ptim.<\/p>\n<p>\u00das Intensiu: Perfectes per a sessions de nataci\u00f3 i altres activitats aqu\u00e0tiques intensives, mantenint la seva forma i color.<\/p>\n<p>\u00a0<\/p>\n<p>Beneficis per als Usuaris:<\/p>\n<p>Comoditat i Funcionalitat: Ofereixen un equilibri perfecte entre comoditat i funcionalitat, permetent que els nens gaudeixin de l&#8217;aigua sense mol\u00e8sties.<\/p>\n<p>Qualitat Garantida: Turbo \u00e9s una marca de confian\u00e7a amb m\u00e9s de 60 anys d&#8217;experi\u00e8ncia en la fabricaci\u00f3 de banyadors.<\/p>\n<p>Llibertat de Moviment: Permeten una gran llibertat de moviment, essencial per al rendiment \u00f2ptim a l&#8217;aigua.<\/p>\n<p>\u00a0<\/p>\n<p>\u00das Recomanat:<\/p>\n<p>Aquests banyadors s\u00f3n ideals per a nens que practiquen esports aqu\u00e0tics de manera regular, ja sigui per a entrenaments, competicions o simplement per divertir-se a l&#8217;aigua.<\/p>\n<p>\u00a0<\/p>\n","protected":false},"excerpt":{"rendered":"<p>Els banyadors de nen Turbo estan especialment dissenyats per als m\u00e9s petits de la casa. Estan confeccionats amb materials que garanteixen el confort durant l&#8217;\u00fas, al mateix temps que asseguren una durabilitat extrema. Estan fabricats i pensats per a un \u00fas intensiu en la pr\u00e0ctica de la nataci\u00f3 i altres esports aqu\u00e0tics com el waterpolo, triatl\u00f3, nataci\u00f3 sincronitzada, etc.<\/p>\n<p>REF: 7317841622<\/p>\n<p>\u00a0<\/p>\n","protected":false},"featured_media":10850,"comment_status":"open","ping_status":"closed","template":"","meta":[],"product_cat":[156,226],"product_tag":[],"brands":[{"id":22,"name":"Turbo","slug":"turbo"}],"_links":{"self":[{"href":"https:\/\/crawl.es\/ca\/wp-json\/wp\/v2\/product\/11734"}],"collection":[{"href":"https:\/\/crawl.es\/ca\/wp-json\/wp\/v2\/product"}],"about":[{"href":"https:\/\/crawl.es\/ca\/wp-json\/wp\/v2\/types\/product"}],"replies":[{"embeddable":true,"href":"https:\/\/crawl.es\/ca\/wp-json\/wp\/v2\/comments?post=11734"}],"wp:featuredmedia":[{"embeddable":true,"href":"https:\/\/crawl.es\/ca\/wp-json\/wp\/v2\/media\/10850"}],"wp:attachment":[{"href":"https:\/\/crawl.es\/ca\/wp-json\/wp\/v2\/media?parent=11734"}],"wp:term":[{"taxonomy":"product_cat","embeddable":true,"href":"https:\/\/crawl.es\/ca\/wp-json\/wp\/v2\/product_cat?post=11734"},{"taxonomy":"product_tag","embeddable":true,"href":"https:\/\/crawl.es\/ca\/wp-json\/wp\/v2\/product_tag?post=11734"}],"curies":[{"name":"wp","href":"https:\/\/api.w.org\/{rel}","templated":true}]}}