{"id":11740,"date":"2024-11-18T11:51:46","date_gmt":"2024-11-18T11:51:46","guid":{"rendered":"https:\/\/crawl.es\/producto\/tapons-silicona-ear-plus-junior-turbo-proteccio-auditiva-crawl\/"},"modified":"2024-11-18T11:51:46","modified_gmt":"2024-11-18T11:51:46","slug":"tapons-silicona-ear-plus-junior-turbo-proteccio-auditiva-crawl","status":"publish","type":"product","link":"https:\/\/crawl.es\/ca\/producto\/tapons-silicona-ear-plus-junior-turbo-proteccio-auditiva-crawl\/","title":{"rendered":"Tapons Silicona Ear Plus Junior Turbo | Protecci\u00f3 Auditiva | Crawl"},"content":{"rendered":"<p>Els taps de silicona Ear Plus Junior Turbo (REF: 9900622) ofereixen una protecci\u00f3 efica\u00e7 contra l&#8217;aigua, prevenint infeccions a les orelles durant la nataci\u00f3. A m\u00e9s, ajuden a bloquejar sorolls no desitjats per a un entrenament m\u00e9s enfocat i c\u00f2mode. Ideals per a joves nedadors.<\/p>\n<p>\u00a0<\/p>\n<p>Caracter\u00edstiques Principals:<\/p>\n<p>Protecci\u00f3 Efica\u00e7 contra l&#8217;Aigua: Prevenen infeccions a les orelles durant la nataci\u00f3.<\/p>\n<p>Bloqueig de Sorolls No Desitjats: Ajuden a bloquejar sorolls externs, facilitant un entrenament m\u00e9s enfocat i c\u00f2mode.<\/p>\n<p>Comoditat i Ajust Segur: Fabricats en silicona d&#8217;alta qualitat, garanteixen un ajust c\u00f2mode i segur.<\/p>\n<p>F\u00e0cils d&#8217;Usar: Disseny ergon\u00f2mic que facilita la seva col\u00b7locaci\u00f3 i retirada.<\/p>\n<p>\u00a0<\/p>\n<p>Beneficis per als Usuaris:<\/p>\n<p>Protecci\u00f3 Auditiva: Mantenen les orelles protegides contra l&#8217;aigua i el soroll, assegurant una experi\u00e8ncia de nataci\u00f3 m\u00e9s saludable i plaent.<\/p>\n<p>Comoditat: El seu material de silicona assegura que siguin c\u00f2modes de portar durant llargs per\u00edodes.<\/p>\n<p>Entrenament Enfocat: En bloquejar els sorolls no desitjats, permeten als nedadors concentrar-se millor en els seus entrenaments.<\/p>\n<p>\u00a0<\/p>\n<p>\u00das Recomanat:<\/p>\n<p>Els taps de silicona Ear Plus Junior Turbo s\u00f3n ideals per a joves nedadors que desitgen protegir les seves orelles de l&#8217;aigua i del soroll durant les seves sessions de nataci\u00f3. Perfectes per a entrenaments i competicions.<\/p>\n<p>\u00a0<\/p>\n","protected":false},"excerpt":{"rendered":"<p>Els taps de silicona Ear Plus Junior Turbo (REF: 9900622) ofereixen una protecci\u00f3 efica\u00e7 contra l&#8217;aigua, prevenint infeccions a les orelles durant la nataci\u00f3. A m\u00e9s, ajuden a bloquejar sorolls no desitjats per a un entrenament m\u00e9s enfocat i c\u00f2mode. Ideal per a joves nedadors.<\/p>\n","protected":false},"featured_media":10837,"comment_status":"open","ping_status":"closed","template":"","meta":[],"product_cat":[134,143],"product_tag":[],"brands":[{"id":22,"name":"Turbo","slug":"turbo"}],"_links":{"self":[{"href":"https:\/\/crawl.es\/ca\/wp-json\/wp\/v2\/product\/11740"}],"collection":[{"href":"https:\/\/crawl.es\/ca\/wp-json\/wp\/v2\/product"}],"about":[{"href":"https:\/\/crawl.es\/ca\/wp-json\/wp\/v2\/types\/product"}],"replies":[{"embeddable":true,"href":"https:\/\/crawl.es\/ca\/wp-json\/wp\/v2\/comments?post=11740"}],"wp:featuredmedia":[{"embeddable":true,"href":"https:\/\/crawl.es\/ca\/wp-json\/wp\/v2\/media\/10837"}],"wp:attachment":[{"href":"https:\/\/crawl.es\/ca\/wp-json\/wp\/v2\/media?parent=11740"}],"wp:term":[{"taxonomy":"product_cat","embeddable":true,"href":"https:\/\/crawl.es\/ca\/wp-json\/wp\/v2\/product_cat?post=11740"},{"taxonomy":"product_tag","embeddable":true,"href":"https:\/\/crawl.es\/ca\/wp-json\/wp\/v2\/product_tag?post=11740"}],"curies":[{"name":"wp","href":"https:\/\/api.w.org\/{rel}","templated":true}]}}