{"id":11749,"date":"2024-11-18T10:42:22","date_gmt":"2024-11-18T10:42:22","guid":{"rendered":"https:\/\/crawl.es\/producto\/gafas-speedo-fastskin-speedsocket-negro-crawl\/"},"modified":"2024-11-18T10:42:22","modified_gmt":"2024-11-18T10:42:22","slug":"gafas-speedo-fastskin-speedsocket-negro-crawl","status":"publish","type":"product","link":"https:\/\/crawl.es\/ca\/producto\/gafas-speedo-fastskin-speedsocket-negro-crawl\/","title":{"rendered":"Ulleres Speedo Fastskin Speed Socket Negre | Crawl"},"content":{"rendered":"<p>Prepara&#8217;t per a la cursa amb les noves ulleres Speedo Speedsocket 2 Mirall, dissenyades per a nedadors d&#8217;alt rendiment. Les ic\u00f2niques ulleres Speedsocket han tornat i ara formen part de la fam\u00edlia Fastskin, mantenint l&#8217;ajust cl\u00e0ssic de les Speedsocket per\u00f2 amb una visi\u00f3 perif\u00e8rica millorada. Les lents platejades mirall redueixen l&#8217;enlluernament i la brillantor, sent ideals per a carreres sota llums brillants o per a nedar a l&#8217;aire lliure. Les ulleres Speedsocket 2 tenen lents amb revestiment antivaho, que tamb\u00e9 proporcionen protecci\u00f3 UV.<\/p>\n","protected":false},"excerpt":{"rendered":"<p>Descobreix les ulleres Speedo Fastskin SpeedSocket en color negre. Amb un disseny optimitzat per a competici\u00f3, aquestes ulleres ofereixen un ajust segur i c\u00f2mode, a m\u00e9s d&#8217;una alta resist\u00e8ncia al clor. Ideals per a nedadors que busquen el m\u00e0xim rendiment a l&#8217;aigua. Perfectes per a entrenaments intensos i competicions.<\/p>\n<p>\u00a0<\/p>\n","protected":false},"featured_media":10783,"comment_status":"open","ping_status":"closed","template":"","meta":[],"product_cat":[134,135],"product_tag":[],"brands":[{"id":307,"name":"Speedo","slug":"speedo"}],"_links":{"self":[{"href":"https:\/\/crawl.es\/ca\/wp-json\/wp\/v2\/product\/11749"}],"collection":[{"href":"https:\/\/crawl.es\/ca\/wp-json\/wp\/v2\/product"}],"about":[{"href":"https:\/\/crawl.es\/ca\/wp-json\/wp\/v2\/types\/product"}],"replies":[{"embeddable":true,"href":"https:\/\/crawl.es\/ca\/wp-json\/wp\/v2\/comments?post=11749"}],"wp:featuredmedia":[{"embeddable":true,"href":"https:\/\/crawl.es\/ca\/wp-json\/wp\/v2\/media\/10783"}],"wp:attachment":[{"href":"https:\/\/crawl.es\/ca\/wp-json\/wp\/v2\/media?parent=11749"}],"wp:term":[{"taxonomy":"product_cat","embeddable":true,"href":"https:\/\/crawl.es\/ca\/wp-json\/wp\/v2\/product_cat?post=11749"},{"taxonomy":"product_tag","embeddable":true,"href":"https:\/\/crawl.es\/ca\/wp-json\/wp\/v2\/product_tag?post=11749"}],"curies":[{"name":"wp","href":"https:\/\/api.w.org\/{rel}","templated":true}]}}