{"id":11754,"date":"2024-11-18T10:28:07","date_gmt":"2024-11-18T10:28:07","guid":{"rendered":"https:\/\/crawl.es\/producto\/ulleres-speedo-fastskin-pure-focus-crawl\/"},"modified":"2024-11-18T10:28:07","modified_gmt":"2024-11-18T10:28:07","slug":"ulleres-speedo-fastskin-pure-focus-crawl","status":"publish","type":"product","link":"https:\/\/crawl.es\/ca\/producto\/ulleres-speedo-fastskin-pure-focus-crawl\/","title":{"rendered":"Ulleres Speedo Fastskin Pure Focus | Crawl"},"content":{"rendered":"<p>Torna&#8217;t valent a l&#8217;aigua mentre persegueixes la compet\u00e8ncia gr\u00e0cies a les veloces i bellament ajustades ulleres de nataci\u00f3 Fastskin Pure Focus Mirrored de Speedo. Les ulleres Speedo Fastskin Pure Focus Mirror s\u00f3n fins i tot m\u00e9s r\u00e0pides que les llegend\u00e0ries Fastskin Elite, la qual cosa les converteix en les ulleres de nataci\u00f3 perfectes per millorar el rendiment. Dissenyades en col\u00b7laboraci\u00f3 amb els millors atletes del m\u00f3n, les ulleres Speedo Fastskin Pure Focus Mirror ofereixen una reducci\u00f3 del 5% en la resist\u00e8ncia en comparaci\u00f3 amb les Fastskin Hyper Elite, la qual cosa les converteix en les ulleres de carreres m\u00e9s r\u00e0pides i avan\u00e7ades de Speedo. Les caracter\u00edstiques de disseny innovadores combinades amb la tecnologia pionera IQfit\u2122 garanteixen que ofereixi la m\u00e0xima sinergia de velocitat, rendiment i estil. Totalment aprovades per la FINA.<\/p>\n<p>\u00a0<\/p>\n","protected":false},"excerpt":{"rendered":"<p>Les ulleres Speedo Fastskin Pure Focus Mirror s\u00f3n ideals per a nedadors que busquen un rendiment superior. M\u00e9s r\u00e0pides que les llegend\u00e0ries Fastskin Elite, estan dissenyades en col\u00b7laboraci\u00f3 amb els millors atletes del m\u00f3n per oferir comoditat, ajust perfecte i resist\u00e8ncia al clor. Perfectes per a entrenaments i competicions d&#8217;alt nivell.<\/p>\n","protected":false},"featured_media":10764,"comment_status":"open","ping_status":"closed","template":"","meta":[],"product_cat":[134,135],"product_tag":[],"brands":[{"id":307,"name":"Speedo","slug":"speedo"}],"_links":{"self":[{"href":"https:\/\/crawl.es\/ca\/wp-json\/wp\/v2\/product\/11754"}],"collection":[{"href":"https:\/\/crawl.es\/ca\/wp-json\/wp\/v2\/product"}],"about":[{"href":"https:\/\/crawl.es\/ca\/wp-json\/wp\/v2\/types\/product"}],"replies":[{"embeddable":true,"href":"https:\/\/crawl.es\/ca\/wp-json\/wp\/v2\/comments?post=11754"}],"wp:featuredmedia":[{"embeddable":true,"href":"https:\/\/crawl.es\/ca\/wp-json\/wp\/v2\/media\/10764"}],"wp:attachment":[{"href":"https:\/\/crawl.es\/ca\/wp-json\/wp\/v2\/media?parent=11754"}],"wp:term":[{"taxonomy":"product_cat","embeddable":true,"href":"https:\/\/crawl.es\/ca\/wp-json\/wp\/v2\/product_cat?post=11754"},{"taxonomy":"product_tag","embeddable":true,"href":"https:\/\/crawl.es\/ca\/wp-json\/wp\/v2\/product_tag?post=11754"}],"curies":[{"name":"wp","href":"https:\/\/api.w.org\/{rel}","templated":true}]}}