{"id":11755,"date":"2024-11-18T10:18:54","date_gmt":"2024-11-18T10:18:54","guid":{"rendered":"https:\/\/crawl.es\/producto\/ulleres-zoggs-predator-flex-polarized-crawl\/"},"modified":"2024-12-11T11:41:42","modified_gmt":"2024-12-11T11:41:42","slug":"ulleres-zoggs-predator-flex-polarized-crawl","status":"publish","type":"product","link":"https:\/\/crawl.es\/ca\/producto\/ulleres-zoggs-predator-flex-polarized-crawl\/","title":{"rendered":"Ulleres Zoggs Predator Flex Polarized | Crawl"},"content":{"rendered":"<p>Experimenta el millor ajust amb les ulleres Zoggs Predator Flex Polarized Ultra. Amb una junta Advanced Ultra-Fit\u2122 per a m\u00e9s comoditat i lents Polarized Ultra que filtren els raigs nocius, aquestes ulleres ofereixen una protecci\u00f3 excepcional contra la fatiga ocular en condicions de llum brillant i t\u00e8nue. Disponibles en dos mides, s&#8217;adapten a m\u00e9s rostres que mai. Ideals per a nedadors d&#8217;alt rendiment.<\/p>\n<p>\u00a0<\/p>\n<p>Caracter\u00edstiques Principals:<\/p>\n<p>Ajust Perfecte: Dissenyades amb la junta Advanced Ultra-Fit\u2122 per proporcionar el m\u00e0xim confort i un ajust segur.<\/p>\n<p>Lents Polarized Ultra: Filtren els raigs nocius i redueixen l&#8217;enlluernament, protegint els ulls en condicions de llum brillant i t\u00e8nue.<\/p>\n<p>Protecci\u00f3 Contra la Fatiga Ocular: Ofereixen una protecci\u00f3 excepcional contra la fatiga ocular, ideals per a entrenaments i competicions llargues.<\/p>\n<p>Disponible en Dos Mides: S&#8217;adapten a una major varietat de rostres, assegurant un ajust perfecte per a m\u00e9s nedadors.<\/p>\n<p>\u00a0<\/p>\n<p>Beneficis per als Usuaris:<\/p>\n<p>Comoditat i Rendiment: Ofereixen una combinaci\u00f3 perfecta de comoditat i rendiment per a nedadors d&#8217;alt nivell.<\/p>\n<p>Protecci\u00f3 \u00d2ptima: Les lents polaritzades protegeixen contra els raigs UV i l&#8217;enlluernament, millorant la visibilitat sota l&#8217;aigua.<\/p>\n<p>Adaptabilitat: Disponibles en dos mides, s&#8217;ajusten perfectament a diferents tipus de rostres.<\/p>\n<p>\u00a0<\/p>\n<p>\u00das Recomenat:<\/p>\n<p>Les ulleres Zoggs Predator Flex Polarized Ultra s\u00f3n ideals per a nedadors d&#8217;alt rendiment que busquen la millor protecci\u00f3 i comoditat durant els seus entrenaments i competicions.<\/p>\n<p>\u00a0<\/p>\n","protected":false},"excerpt":{"rendered":"<p>Experimenta el millor ajust amb les ulleres Zoggs Predator Flex Polarized Ultra. Amb una junta Advanced Ultra-Fit\u2122 per a m\u00e9s comoditat i lents Polarized Ultra que filtren els raigs nocius, aquestes ulleres ofereixen una protecci\u00f3 excepcional contra la fatiga ocular en condicions de llum brillant i t\u00e8nue. Disponibles en dos mides, s&#8217;adapten a m\u00e9s cares que mai. Ideals per a nedadors d&#8217;alt rendiment.<\/p>\n","protected":false},"featured_media":13838,"comment_status":"open","ping_status":"closed","template":"","meta":[],"product_cat":[134,135],"product_tag":[],"brands":[{"id":24,"name":"Zoggs","slug":"zoggs"}],"_links":{"self":[{"href":"https:\/\/crawl.es\/ca\/wp-json\/wp\/v2\/product\/11755"}],"collection":[{"href":"https:\/\/crawl.es\/ca\/wp-json\/wp\/v2\/product"}],"about":[{"href":"https:\/\/crawl.es\/ca\/wp-json\/wp\/v2\/types\/product"}],"replies":[{"embeddable":true,"href":"https:\/\/crawl.es\/ca\/wp-json\/wp\/v2\/comments?post=11755"}],"wp:featuredmedia":[{"embeddable":true,"href":"https:\/\/crawl.es\/ca\/wp-json\/wp\/v2\/media\/13838"}],"wp:attachment":[{"href":"https:\/\/crawl.es\/ca\/wp-json\/wp\/v2\/media?parent=11755"}],"wp:term":[{"taxonomy":"product_cat","embeddable":true,"href":"https:\/\/crawl.es\/ca\/wp-json\/wp\/v2\/product_cat?post=11755"},{"taxonomy":"product_tag","embeddable":true,"href":"https:\/\/crawl.es\/ca\/wp-json\/wp\/v2\/product_tag?post=11755"}],"curies":[{"name":"wp","href":"https:\/\/api.w.org\/{rel}","templated":true}]}}