{"id":11758,"date":"2024-11-18T09:46:42","date_gmt":"2024-11-18T09:46:42","guid":{"rendered":"https:\/\/crawl.es\/producto\/ulleres-zoggs-tiger-lsr-blau-crawl\/"},"modified":"2024-11-18T09:46:42","modified_gmt":"2024-11-18T09:46:42","slug":"ulleres-zoggs-tiger-lsr-blau-crawl","status":"publish","type":"product","link":"https:\/\/crawl.es\/ca\/producto\/ulleres-zoggs-tiger-lsr-blau-crawl\/","title":{"rendered":"Ulleres Zoggs Tiger LSR+ Blau | Crawl"},"content":{"rendered":"<p>Les ulleres de nataci\u00f3 Zoggs Tiger Liquid Skin Race (REF: 461151) estan dissenyades per a un alt rendiment. Les seves lents fumades corbades tintades ofereixen protecci\u00f3 mitjana contra la llum intensa, sent ideals per a condicions a l&#8217;aire lliure. Gr\u00e0cies a la tecnologia Liquid Skin, aquestes ulleres brinden un millor ajust i una visi\u00f3 m\u00e9s \u00e0mplia mentre es neda. Disponibles en talles petites i normals, s\u00f3n perfectes per a nedadors que busquen comoditat i visibilitat.<\/p>\n<p>\u00a0<\/p>\n<p>Caracter\u00edstiques Principals:<\/p>\n<p>Protecci\u00f3 contra la Llum Intensa: Les lents fumades tintades proporcionen una protecci\u00f3 mitjana ideal per a condicions a l&#8217;aire lliure.<\/p>\n<p>Tecnologia Liquid Skin: Ofereix un millor ajust i una visi\u00f3 m\u00e9s \u00e0mplia.<\/p>\n<p>Comoditat i Visibilitat: Dissenyades per proporcionar la m\u00e0xima comoditat i una visi\u00f3 clara mentre es neda.<\/p>\n<p>Disponibles en Talles: Petites i normals, adaptant-se a diferents formes de cara.<\/p>\n<p>\u00a0<\/p>\n<p>Beneficis per als Usuaris:<\/p>\n<p>Comoditat Extrema: Gr\u00e0cies al seu disseny ergon\u00f2mic i tecnologia avan\u00e7ada.<\/p>\n<p>Visi\u00f3 Millorada: Les lents corbades proporcionen una visi\u00f3 m\u00e9s \u00e0mplia i clara.<\/p>\n<p>Protecci\u00f3 Efica\u00e7: Contra la llum intensa, ideal per nedar a l&#8217;aire lliure.<\/p>\n<p>\u00a0<\/p>\n<p>\u00das Recomanat:<\/p>\n<p>Les ulleres Zoggs Tiger Liquid Skin Race s\u00f3n ideals per a nedadors que busquen un alt rendiment, confort i protecci\u00f3 en les seves sessions de nataci\u00f3.<\/p>\n","protected":false},"excerpt":{"rendered":"<p>Les ulleres de nataci\u00f3 Zoggs Tiger Liquid Skin Race (REF: 461151) estan dissenyades per a un alt rendiment. Les seves lents fumades corbades tintades ofereixen protecci\u00f3 mitjana contra la llum intensa, sent ideals per a condicions a l&#8217;aire lliure. Gr\u00e0cies a la tecnologia Liquid Skin, aquestes ulleres brinden un millor ajust i una visi\u00f3 m\u00e9s \u00e0mplia mentre es neda. Disponibles en talles petites i normals, s\u00f3n perfectes per a nedadors que busquen comoditat i visibilitat.<\/p>\n","protected":false},"featured_media":10742,"comment_status":"open","ping_status":"closed","template":"","meta":[],"product_cat":[134,135],"product_tag":[],"brands":[{"id":24,"name":"Zoggs","slug":"zoggs"}],"_links":{"self":[{"href":"https:\/\/crawl.es\/ca\/wp-json\/wp\/v2\/product\/11758"}],"collection":[{"href":"https:\/\/crawl.es\/ca\/wp-json\/wp\/v2\/product"}],"about":[{"href":"https:\/\/crawl.es\/ca\/wp-json\/wp\/v2\/types\/product"}],"replies":[{"embeddable":true,"href":"https:\/\/crawl.es\/ca\/wp-json\/wp\/v2\/comments?post=11758"}],"wp:featuredmedia":[{"embeddable":true,"href":"https:\/\/crawl.es\/ca\/wp-json\/wp\/v2\/media\/10742"}],"wp:attachment":[{"href":"https:\/\/crawl.es\/ca\/wp-json\/wp\/v2\/media?parent=11758"}],"wp:term":[{"taxonomy":"product_cat","embeddable":true,"href":"https:\/\/crawl.es\/ca\/wp-json\/wp\/v2\/product_cat?post=11758"},{"taxonomy":"product_tag","embeddable":true,"href":"https:\/\/crawl.es\/ca\/wp-json\/wp\/v2\/product_tag?post=11758"}],"curies":[{"name":"wp","href":"https:\/\/api.w.org\/{rel}","templated":true}]}}