{"id":11764,"date":"2024-11-18T09:21:35","date_gmt":"2024-11-18T09:21:35","guid":{"rendered":"https:\/\/crawl.es\/producto\/ulleres-speedo-hydropulse-blau-clar-crawl\/"},"modified":"2024-11-18T09:21:35","modified_gmt":"2024-11-18T09:21:35","slug":"ulleres-speedo-hydropulse-blau-clar-crawl","status":"publish","type":"product","link":"https:\/\/crawl.es\/ca\/producto\/ulleres-speedo-hydropulse-blau-clar-crawl\/","title":{"rendered":"Ulleres Speedo Hydropulse Blau Clar | Crawl"},"content":{"rendered":"<p>Les ulleres Speedo Hydropulse Blau Clar (REF: 8-12268D647) ofereixen una visi\u00f3 perif\u00e8rica millorada amb lents de gran abast. El seu disseny amb vores super suaus garanteix un ajust encoixinat i c\u00f2mode. La doble tira de silicona permet un ajust segur i f\u00e0cil, mentre que els vidres blaus redueixen els reflexos en condicions d&#8217;alta lluminositat, sent ideals per nedar tant en interiors com en exteriors.<\/p>\n<p>\u00a0<\/p>\n<p>Caracter\u00edstiques Principals:<\/p>\n<p>&#8211; Visi\u00f3 Perif\u00e8rica Millorada: Lents de gran abast que proporcionen una visi\u00f3 perif\u00e8rica clara i sense distorsions.<\/p>\n<p>&#8211; Vores Super Suaus: Garanteixen un ajust encoixinat i c\u00f2mode, reduint la pressi\u00f3 al voltant dels ulls.<\/p>\n<p>&#8211; Doble Tira de Silicona: Permet un ajust segur i f\u00e0cil, assegurant que les ulleres romanen al seu lloc durant tota la sessi\u00f3 de nataci\u00f3.<\/p>\n<p>&#8211; Vidres Blaus: Redueixen els reflexos en condicions d&#8217;alta lluminositat, proporcionant una visi\u00f3 clara tant en interiors com en exteriors.<\/p>\n<p>\u00a0<\/p>\n<p>Beneficis per als Usuaris:<\/p>\n<p>&#8211; Comoditat Assegurada: El disseny ergon\u00f2mic i els vores super suaus asseguren una experi\u00e8ncia c\u00f2moda i sense mol\u00e8sties.<\/p>\n<p>&#8211; Visi\u00f3 Clara: Els vidres blaus i les lents de gran abast milloren la visibilitat a l&#8217;aigua, reduint l&#8217;enlluernament.<\/p>\n<p>&#8211; Ajust Segur: La doble tira de silicona garanteix que les ulleres es mantinguin fermes durant tota la sessi\u00f3 de nataci\u00f3.<\/p>\n<p>\u00a0<\/p>\n<p>\u00das Recomanat:<\/p>\n<p>&#8211; Les ulleres Speedo Hydropulse Blau Clar s\u00f3n ideals per a nedadors que busquen un equip que ofereixi comoditat, ajust segur i una visi\u00f3 clara tant en entorns interiors com exteriors.<\/p>\n","protected":false},"excerpt":{"rendered":"<p>Les ulleres Speedo Hydropulse Blau Clar (REF: 8-12268D647) ofereixen una visi\u00f3 perif\u00e8rica millorada amb lents de gran abast. El seu disseny amb vores super suaus garanteix un ajust encoixinat i c\u00f2mode. La doble tira de silicona permet un ajust segur i f\u00e0cil, mentre que els vidres blaus redueixen els reflexos en condicions d&#8217;alta lluminositat, sent ideals per nedar tant en interiors com en exteriors.<\/p>\n","protected":false},"featured_media":10730,"comment_status":"open","ping_status":"closed","template":"","meta":[],"product_cat":[134,135],"product_tag":[],"brands":[{"id":307,"name":"Speedo","slug":"speedo"}],"_links":{"self":[{"href":"https:\/\/crawl.es\/ca\/wp-json\/wp\/v2\/product\/11764"}],"collection":[{"href":"https:\/\/crawl.es\/ca\/wp-json\/wp\/v2\/product"}],"about":[{"href":"https:\/\/crawl.es\/ca\/wp-json\/wp\/v2\/types\/product"}],"replies":[{"embeddable":true,"href":"https:\/\/crawl.es\/ca\/wp-json\/wp\/v2\/comments?post=11764"}],"wp:featuredmedia":[{"embeddable":true,"href":"https:\/\/crawl.es\/ca\/wp-json\/wp\/v2\/media\/10730"}],"wp:attachment":[{"href":"https:\/\/crawl.es\/ca\/wp-json\/wp\/v2\/media?parent=11764"}],"wp:term":[{"taxonomy":"product_cat","embeddable":true,"href":"https:\/\/crawl.es\/ca\/wp-json\/wp\/v2\/product_cat?post=11764"},{"taxonomy":"product_tag","embeddable":true,"href":"https:\/\/crawl.es\/ca\/wp-json\/wp\/v2\/product_tag?post=11764"}],"curies":[{"name":"wp","href":"https:\/\/api.w.org\/{rel}","templated":true}]}}