{"id":11769,"date":"2024-11-15T12:09:54","date_gmt":"2024-11-15T12:09:54","guid":{"rendered":"https:\/\/crawl.es\/producto\/aletes-turbo-blau-groc-flow-fins-ocean-crawl\/"},"modified":"2024-12-11T12:01:33","modified_gmt":"2024-12-11T12:01:33","slug":"aletes-turbo-blau-groc-flow-fins-ocean-crawl","status":"publish","type":"product","link":"https:\/\/crawl.es\/ca\/producto\/aletes-turbo-blau-groc-flow-fins-ocean-crawl\/","title":{"rendered":"Aletes Turbo Blau\/Groc Flow Fins Ocean | Crawl"},"content":{"rendered":"<p>Compra les Aletes Turbo Flow Fins Ocean en colors blau i groc (REF: 97114). Aquestes aletes estan dissenyades per millorar la t\u00e8cnica, resist\u00e8ncia i pot\u00e8ncia a l&#8217;aigua, sent perfectes per a entrenament tant en piscina com en aig\u00fces obertes. Disponibles en talles XS, S, M, L i XL, s&#8217;adapten a tot tipus de nedadors, proporcionant un ajust segur i c\u00f2mode.<\/p>\n<p>\u00a0<\/p>\n<p>Caracter\u00edstiques Principals:<\/p>\n<p>&#8211; Millora de la T\u00e8cnica: Dissenyades per ajudar els nedadors a perfeccionar la seva t\u00e8cnica a l&#8217;aigua.<\/p>\n<p>&#8211; Augment de Resist\u00e8ncia i Pot\u00e8ncia: Contribueixen a millorar la resist\u00e8ncia i pot\u00e8ncia durant l&#8217;entrenament.<\/p>\n<p>&#8211; Comoditat i Ajust Segur: Ofereixen un ajust c\u00f2mode i segur, permetent una gran llibertat de moviment.<\/p>\n<p>&#8211; Versatilitat en l&#8217;\u00das: Ideals tant per a entrenaments en piscina com en aig\u00fces obertes.<\/p>\n<p>\u00a0<\/p>\n<p>Beneficis per als Usuaris:<\/p>\n<p>&#8211; Rendiment Millorat: Ajuden a optimitzar el rendiment a l&#8217;aigua, permetent un entrenament m\u00e9s efica\u00e7.<\/p>\n<p>&#8211; Comoditat durant l&#8217;\u00das: Fabricades amb materials d&#8217;alta qualitat que asseguren comoditat durant el seu \u00fas prolongat.<\/p>\n<p>&#8211; Versatilitat: Adequades per a diferents tipus d&#8217;entrenaments i nivells d&#8217;habilitat.<\/p>\n<p>\u00a0<\/p>\n<p>\u00das Recomanat:<\/p>\n<p>Les Aletes Turbo Flow Fins Ocean s\u00f3n ideals per a nedadors que busquen millorar la seva t\u00e8cnica i pot\u00e8ncia a l&#8217;aigua. Perfectes per a entrenaments intensius en piscina i per a activitats en aig\u00fces obertes.<\/p>\n","protected":false},"excerpt":{"rendered":"<p>Compra les Aletes Turbo Flow Fins Ocean en colors blau i groc (REF: 97114). Dissenyades per millorar la t\u00e8cnica, resist\u00e8ncia i pot\u00e8ncia a l&#8217;aigua, perfectes per a entrenament en piscina i aig\u00fces obertes. Disponibles en talles XS, S, M, L i XL.<\/p>\n","protected":false},"featured_media":10713,"comment_status":"open","ping_status":"closed","template":"","meta":[],"product_cat":[134,139],"product_tag":[],"brands":[{"id":22,"name":"Turbo","slug":"turbo"}],"_links":{"self":[{"href":"https:\/\/crawl.es\/ca\/wp-json\/wp\/v2\/product\/11769"}],"collection":[{"href":"https:\/\/crawl.es\/ca\/wp-json\/wp\/v2\/product"}],"about":[{"href":"https:\/\/crawl.es\/ca\/wp-json\/wp\/v2\/types\/product"}],"replies":[{"embeddable":true,"href":"https:\/\/crawl.es\/ca\/wp-json\/wp\/v2\/comments?post=11769"}],"wp:featuredmedia":[{"embeddable":true,"href":"https:\/\/crawl.es\/ca\/wp-json\/wp\/v2\/media\/10713"}],"wp:attachment":[{"href":"https:\/\/crawl.es\/ca\/wp-json\/wp\/v2\/media?parent=11769"}],"wp:term":[{"taxonomy":"product_cat","embeddable":true,"href":"https:\/\/crawl.es\/ca\/wp-json\/wp\/v2\/product_cat?post=11769"},{"taxonomy":"product_tag","embeddable":true,"href":"https:\/\/crawl.es\/ca\/wp-json\/wp\/v2\/product_tag?post=11769"}],"curies":[{"name":"wp","href":"https:\/\/api.w.org\/{rel}","templated":true}]}}