{"id":11775,"date":"2024-11-15T11:58:59","date_gmt":"2024-11-15T11:58:59","guid":{"rendered":"https:\/\/crawl.es\/producto\/manopla-professional-turbo-crawl\/"},"modified":"2024-12-16T09:37:29","modified_gmt":"2024-12-16T09:37:29","slug":"manopla-professional-turbo-crawl","status":"publish","type":"product","link":"https:\/\/crawl.es\/ca\/producto\/manopla-professional-turbo-crawl\/","title":{"rendered":"Manopla Professional Turbo | Crawl"},"content":{"rendered":"<p>Compra les Manoples Turbo Professional (REF: 97323) per millorar la teva t\u00e8cnica, resist\u00e8ncia i pot\u00e8ncia a l&#8217;aigua. Perfectes per a entrenament en piscina i aig\u00fces obertes. Disponibles en verd (14\u00d715,5 cm), vermell (17,5\u00d718,5 cm) i blau (20,5&#215;22 cm).<\/p>\n<p>\u00a0<\/p>\n<p>Caracter\u00edstiques Principals:<\/p>\n<p>&#8211; Millora de la T\u00e8cnica: Dissenyades per ajudar els nedadors a perfeccionar la seva t\u00e8cnica a l&#8217;aigua.<\/p>\n<p>&#8211; Augment de Resist\u00e8ncia i Pot\u00e8ncia: Contribueixen a millorar la resist\u00e8ncia i pot\u00e8ncia durant l&#8217;entrenament.<\/p>\n<p>&#8211; Comoditat i Ajust Segur: Ofereixen un ajust c\u00f2mode i segur, permetent una gran llibertat de moviment.<\/p>\n<p>&#8211; Disponibles en Diversos Colors i Mides: Verd (14\u00d715,5 cm), vermell (17,5\u00d718,5 cm) i blau (20,5&#215;22 cm).<\/p>\n<p>\u00a0<\/p>\n<p>Beneficis per als Usuaris:<\/p>\n<p>&#8211; Rendiment Millorat: Ajuden a optimitzar el rendiment a l&#8217;aigua, permetent un entrenament m\u00e9s efica\u00e7.<\/p>\n<p>&#8211; Comoditat durant l&#8217;\u00das: Fabricades amb materials d&#8217;alta qualitat que asseguren comoditat durant el seu \u00fas prolongat.<\/p>\n<p>&#8211; Versatilitat: Adequades per a diferents tipus d&#8217;entrenaments i nivells d&#8217;habilitat.<\/p>\n<p>\u00a0<\/p>\n<p>\u00das Recomanat:<\/p>\n<p>Les Manoples Turbo Professional s\u00f3n ideals per a nedadors que busquen millorar la seva t\u00e8cnica i pot\u00e8ncia a l&#8217;aigua. Perfectes per a entrenaments intensius en piscina i per a activitats en aig\u00fces obertes.<\/p>\n","protected":false},"excerpt":{"rendered":"<p>Compra les Manoples Turbo Professional (REF: 97323) per millorar la teva t\u00e8cnica, resist\u00e8ncia i pot\u00e8ncia a l&#8217;aigua. Perfectes per a entrenament en piscina i aig\u00fces obertes. Disponibles en verd (14&#215;15,5cm), vermell (17,5&#215;18,5cm) i blau (20,5x22cm).<\/p>\n","protected":false},"featured_media":10702,"comment_status":"open","ping_status":"closed","template":"","meta":[],"product_cat":[134,139],"product_tag":[],"brands":[{"id":22,"name":"Turbo","slug":"turbo"}],"_links":{"self":[{"href":"https:\/\/crawl.es\/ca\/wp-json\/wp\/v2\/product\/11775"}],"collection":[{"href":"https:\/\/crawl.es\/ca\/wp-json\/wp\/v2\/product"}],"about":[{"href":"https:\/\/crawl.es\/ca\/wp-json\/wp\/v2\/types\/product"}],"replies":[{"embeddable":true,"href":"https:\/\/crawl.es\/ca\/wp-json\/wp\/v2\/comments?post=11775"}],"wp:featuredmedia":[{"embeddable":true,"href":"https:\/\/crawl.es\/ca\/wp-json\/wp\/v2\/media\/10702"}],"wp:attachment":[{"href":"https:\/\/crawl.es\/ca\/wp-json\/wp\/v2\/media?parent=11775"}],"wp:term":[{"taxonomy":"product_cat","embeddable":true,"href":"https:\/\/crawl.es\/ca\/wp-json\/wp\/v2\/product_cat?post=11775"},{"taxonomy":"product_tag","embeddable":true,"href":"https:\/\/crawl.es\/ca\/wp-json\/wp\/v2\/product_tag?post=11775"}],"curies":[{"name":"wp","href":"https:\/\/api.w.org\/{rel}","templated":true}]}}