{"id":11779,"date":"2024-11-15T11:37:12","date_gmt":"2024-11-15T11:37:12","guid":{"rendered":"https:\/\/crawl.es\/producto\/ulleres-swans-sr2m-ev-plata-crawl\/"},"modified":"2024-11-15T11:37:12","modified_gmt":"2024-11-15T11:37:12","slug":"ulleres-swans-sr2m-ev-plata-crawl","status":"publish","type":"product","link":"https:\/\/crawl.es\/ca\/producto\/ulleres-swans-sr2m-ev-plata-crawl\/","title":{"rendered":"Ulleres Swans SR2M EV Plata | Crawl"},"content":{"rendered":"<p>Les Ulleres Swans SR2M EV Plata ofereixen un disseny elegant i de perfil baix, brindant gran comoditat amb una junta de silicona suau. Perfectes per a entrenaments llargs o competicions.<\/p>\n<p>\u00a0<\/p>\n<p>Caracter\u00edstiques Principals:<\/p>\n<p>&#8211; Disseny Elegant i de Perfil Baix: Ofereixen un disseny modern que s&#8217;adapta perfectament al rostre.<\/p>\n<p>&#8211; Comoditat Superior: Equipades amb una junta de silicona suau que proporciona un ajust c\u00f2mode i segur.<\/p>\n<p>&#8211; Visi\u00f3 Clara: Lents dissenyades per oferir una visi\u00f3 clara i sense distorsions.<\/p>\n<p>&#8211; Resist\u00e8ncia i Durabilitat: Fabricades amb materials d&#8217;alta qualitat per a una llarga vida \u00fatil.<\/p>\n<p>\u00a0<\/p>\n<p>Beneficis per als Usuaris:<\/p>\n<p>&#8211; Confort durant l&#8217;\u00das Prolongat: Ideals per a entrenaments llargs i competicions, proporcionant comoditat durant hores.<\/p>\n<p>&#8211; Visi\u00f3 \u00d2ptima: Lents que garanteixen una visi\u00f3 clara en totes les condicions de llum.<\/p>\n<p>&#8211; Ajust Segur: La junta de silicona assegura que les ulleres romanen al seu lloc durant tota l&#8217;activitat.<\/p>\n<p>\u00a0<\/p>\n<p>\u00das Recomanat:<\/p>\n<p>Les Ulleres Swans SR2M EV Plata s\u00f3n ideals per a nedadors que busquen unes ulleres c\u00f2modes, duradores i elegants per als seus entrenaments i competicions.<\/p>\n","protected":false},"excerpt":{"rendered":"<p>Les Ulleres Swans SR2M EV Plata ofereixen un disseny elegant i de perfil baix, brindant gran comoditat amb una junta de silicona suau. Perfectes per a entrenaments llargs o competicions.<\/p>\n","protected":false},"featured_media":15624,"comment_status":"open","ping_status":"closed","template":"","meta":[],"product_cat":[134,135],"product_tag":[],"brands":[{"id":122,"name":"SWANS","slug":"swans"}],"_links":{"self":[{"href":"https:\/\/crawl.es\/ca\/wp-json\/wp\/v2\/product\/11779"}],"collection":[{"href":"https:\/\/crawl.es\/ca\/wp-json\/wp\/v2\/product"}],"about":[{"href":"https:\/\/crawl.es\/ca\/wp-json\/wp\/v2\/types\/product"}],"replies":[{"embeddable":true,"href":"https:\/\/crawl.es\/ca\/wp-json\/wp\/v2\/comments?post=11779"}],"wp:featuredmedia":[{"embeddable":true,"href":"https:\/\/crawl.es\/ca\/wp-json\/wp\/v2\/media\/15624"}],"wp:attachment":[{"href":"https:\/\/crawl.es\/ca\/wp-json\/wp\/v2\/media?parent=11779"}],"wp:term":[{"taxonomy":"product_cat","embeddable":true,"href":"https:\/\/crawl.es\/ca\/wp-json\/wp\/v2\/product_cat?post=11779"},{"taxonomy":"product_tag","embeddable":true,"href":"https:\/\/crawl.es\/ca\/wp-json\/wp\/v2\/product_tag?post=11779"}],"curies":[{"name":"wp","href":"https:\/\/api.w.org\/{rel}","templated":true}]}}