{"id":11781,"date":"2021-11-15T11:30:26","date_gmt":"2024-11-15T11:30:26","guid":{"rendered":"https:\/\/crawl.es\/producto\/ulleres-swans-sr-2nev-blanc-crawl\/"},"modified":"2024-11-15T11:30:26","modified_gmt":"2024-11-15T11:30:26","slug":"ulleres-swans-sr-2nev-blanc-crawl","status":"publish","type":"product","link":"https:\/\/crawl.es\/ca\/producto\/ulleres-swans-sr-2nev-blanc-crawl\/","title":{"rendered":"Ulleres Swans SR-2NEV Blanc | Crawl"},"content":{"rendered":"<p>Les Ulleres Swans SR-2NEV Blanques, fabricades al Jap\u00f3 amb 100% de silicona suau, ofereixen un ajust c\u00f2mode i durador. Perfectes per a nedadors que busquen qualitat i rendiment.<\/p>\n<p>\u00a0<\/p>\n<p>Caracter\u00edstiques Principals:<\/p>\n<p>&#8211; Material d&#8217;Alta Qualitat: Fabricades amb 100% silicona suau per un ajust c\u00f2mode i durador.<\/p>\n<p>&#8211; Disseny Elegant: Presenten un disseny modern i elegant que s&#8217;adapta perfectament al rostre.<\/p>\n<p>&#8211; Comoditat Superior: La silicona suau proporciona un ajust c\u00f2mode i segur durant l&#8217;\u00fas prolongat.<\/p>\n<p>&#8211; Visi\u00f3 Clara: Lents dissenyades per oferir una visi\u00f3 clara i sense distorsions.<\/p>\n<p>\u00a0<\/p>\n<p>Beneficis per als Usuaris:<\/p>\n<p>&#8211; Confort durant l&#8217;\u00das Prolongat: Ideals per a entrenaments llargs i competicions, proporcionant comoditat durant hores.<\/p>\n<p>&#8211; Visi\u00f3 \u00d2ptima: Lents que garanteixen una visi\u00f3 clara en totes les condicions de llum.<\/p>\n<p>&#8211; Ajust Segur: La junta de silicona assegura que les ulleres romanen al seu lloc durant tota l&#8217;activitat.<\/p>\n<p>\u00a0<\/p>\n<p>\u00das Recomanat:<\/p>\n<p>&#8211; Les Ulleres Swans SR-2NEV Blanques s\u00f3n ideals per a nedadors que busquen unes ulleres c\u00f2modes, duradores i d&#8217;alta qualitat per als seus entrenaments i competicions.<\/p>\n<p>\u00a0<\/p>\n","protected":false},"excerpt":{"rendered":"<p>Les Ulleres Swans SR-2NEV Blanques, fabricades al Jap\u00f3 amb 100% de silicona suau, ofereixen un ajust c\u00f2mode i durador. Perfectes per a nedadors que busquen qualitat i rendiment.<\/p>\n","protected":false},"featured_media":10691,"comment_status":"open","ping_status":"closed","template":"","meta":[],"product_cat":[134,135],"product_tag":[],"brands":[{"id":122,"name":"SWANS","slug":"swans"}],"_links":{"self":[{"href":"https:\/\/crawl.es\/ca\/wp-json\/wp\/v2\/product\/11781"}],"collection":[{"href":"https:\/\/crawl.es\/ca\/wp-json\/wp\/v2\/product"}],"about":[{"href":"https:\/\/crawl.es\/ca\/wp-json\/wp\/v2\/types\/product"}],"replies":[{"embeddable":true,"href":"https:\/\/crawl.es\/ca\/wp-json\/wp\/v2\/comments?post=11781"}],"wp:featuredmedia":[{"embeddable":true,"href":"https:\/\/crawl.es\/ca\/wp-json\/wp\/v2\/media\/10691"}],"wp:attachment":[{"href":"https:\/\/crawl.es\/ca\/wp-json\/wp\/v2\/media?parent=11781"}],"wp:term":[{"taxonomy":"product_cat","embeddable":true,"href":"https:\/\/crawl.es\/ca\/wp-json\/wp\/v2\/product_cat?post=11781"},{"taxonomy":"product_tag","embeddable":true,"href":"https:\/\/crawl.es\/ca\/wp-json\/wp\/v2\/product_tag?post=11781"}],"curies":[{"name":"wp","href":"https:\/\/api.w.org\/{rel}","templated":true}]}}