{"id":11783,"date":"2024-11-15T11:19:53","date_gmt":"2024-11-15T11:19:53","guid":{"rendered":"https:\/\/crawl.es\/producto\/ulleres-swans-sr-81m-paf-taronja-crawl\/"},"modified":"2024-12-11T12:20:50","modified_gmt":"2024-12-11T12:20:50","slug":"ulleres-swans-sr-81m-paf-taronja-crawl","status":"publish","type":"product","link":"https:\/\/crawl.es\/ca\/producto\/ulleres-swans-sr-81m-paf-taronja-crawl\/","title":{"rendered":"Ulleres Swans SR-81M PAF Taronja | Crawl"},"content":{"rendered":"<p>Les Ulleres Swans SR-81M PAF Taronja (Ref. 931161100) estan dissenyades per oferir una visi\u00f3 clara i una comoditat excepcional durant els teus entrenaments o competicions. El seu disseny ergon\u00f2mic i materials d&#8217;alta qualitat garanteixen un ajust perfecte i rendiment superior.<\/p>\n<p>\u00a0<\/p>\n<p>Caracter\u00edstiques Principals:<\/p>\n<p>&#8211; Disseny Ergon\u00f2mic: Ofereixen un ajust c\u00f2mode i segur, adaptant-se perfectament al rostre.<\/p>\n<p>&#8211; Lents d&#8217;Alt Rendiment: Proporcionen una visi\u00f3 clara i sense distorsions, ideals per a nedar en diferents condicions de llum.<\/p>\n<p>&#8211; Comoditat Superior: Equipades amb una junta de silicona suau que assegura un ajust c\u00f2mode durant l&#8217;\u00fas prolongat.<\/p>\n<p>&#8211; Resist\u00e8ncia i Durabilitat: Fabricades amb materials d&#8217;alta qualitat per a una llarga vida \u00fatil.<\/p>\n<p>\u00a0<\/p>\n<p>Beneficis per als Usuaris:<\/p>\n<p>&#8211; Confort durant l&#8217;\u00das Prolongat: Ideals per a entrenaments llargs i competicions, proporcionant comoditat durant hores.<\/p>\n<p>&#8211; Visi\u00f3 \u00d2ptima: Les lents d&#8217;alt rendiment asseguren una visi\u00f3 clara en totes les condicions de llum.<\/p>\n<p>&#8211; Ajust Segur: La junta de silicona suau garanteix que les ulleres romanen al seu lloc durant tota l&#8217;activitat.<\/p>\n<p>\u00a0<\/p>\n<p>\u00das Recomanat:<\/p>\n<p>&#8211; Les Ulleres Swans SR-81M PAF Taronja s\u00f3n ideals per a nedadors que busquen unes ulleres c\u00f2modes, duradores i d&#8217;alt rendiment per als seus entrenaments i competicions.<\/p>\n","protected":false},"excerpt":{"rendered":"<p>Les Ulleres Swans SR-81M PAF Taronja (Ref. 931161100) estan dissenyades per oferir una visi\u00f3 clara i una comoditat excepcional durant els teus entrenaments o competicions. El seu disseny ergon\u00f2mic i materials d&#8217;alta qualitat garanteixen un ajust perfecte i rendiment superior.<\/p>\n","protected":false},"featured_media":10684,"comment_status":"open","ping_status":"closed","template":"","meta":[],"product_cat":[134,135],"product_tag":[],"brands":[{"id":122,"name":"SWANS","slug":"swans"}],"_links":{"self":[{"href":"https:\/\/crawl.es\/ca\/wp-json\/wp\/v2\/product\/11783"}],"collection":[{"href":"https:\/\/crawl.es\/ca\/wp-json\/wp\/v2\/product"}],"about":[{"href":"https:\/\/crawl.es\/ca\/wp-json\/wp\/v2\/types\/product"}],"replies":[{"embeddable":true,"href":"https:\/\/crawl.es\/ca\/wp-json\/wp\/v2\/comments?post=11783"}],"wp:featuredmedia":[{"embeddable":true,"href":"https:\/\/crawl.es\/ca\/wp-json\/wp\/v2\/media\/10684"}],"wp:attachment":[{"href":"https:\/\/crawl.es\/ca\/wp-json\/wp\/v2\/media?parent=11783"}],"wp:term":[{"taxonomy":"product_cat","embeddable":true,"href":"https:\/\/crawl.es\/ca\/wp-json\/wp\/v2\/product_cat?post=11783"},{"taxonomy":"product_tag","embeddable":true,"href":"https:\/\/crawl.es\/ca\/wp-json\/wp\/v2\/product_tag?post=11783"}],"curies":[{"name":"wp","href":"https:\/\/api.w.org\/{rel}","templated":true}]}}