{"id":11785,"date":"2024-11-15T11:06:02","date_gmt":"2024-11-15T11:06:02","guid":{"rendered":"https:\/\/crawl.es\/producto\/ulleres-swans-srx-n-paf-negre-vermell-crawl\/"},"modified":"2024-11-15T11:06:02","modified_gmt":"2024-11-15T11:06:02","slug":"ulleres-swans-srx-n-paf-negre-vermell-crawl","status":"publish","type":"product","link":"https:\/\/crawl.es\/ca\/producto\/ulleres-swans-srx-n-paf-negre-vermell-crawl\/","title":{"rendered":"Ulleres Swans SRX-N PAF Negre\/Vermell | Crawl"},"content":{"rendered":"<p>Les Ulleres Swans SRX-N PAF Negre\/Vermell (Ref. 93110) s\u00f3n ideals per a competicions. Amb lents mirall, protecci\u00f3 UV i recobriment antivaho, ofereixen gran comoditat gr\u00e0cies a les seves juntes de silicona 3D i un ajust personalitzat amb 4 ponts nasals. Aprovades per la FINA.<\/p>\n<p>\u00a0<\/p>\n<p>Caracter\u00edstiques Principals:<\/p>\n<p>&#8211; Lents Mirall: Proporcionen una visi\u00f3 clara i redueixen l&#8217;enlluernament, ideals per a competicions a l&#8217;aire lliure.<\/p>\n<p>&#8211; Protecci\u00f3 UV: Les ulleres ofereixen protecci\u00f3 contra els raigs ultraviolats nocius.<\/p>\n<p>&#8211; Recobriment Antivaho: Prev\u00e9 l&#8217;entelament de les lents, assegurant una visi\u00f3 clara en tot moment.<\/p>\n<p>&#8211; Juntes de Silicona 3D: Ofereixen un ajust c\u00f2mode i segur, adaptant-se perfectament al contorn del rostre.<\/p>\n<p>&#8211; Ajust Personalitzat: Inclouen 4 ponts nasals intercanviables per a un ajust personalitzat.<\/p>\n<p>&#8211; Aprovades per la FINA: Compleixen amb els est\u00e0ndards de la Federaci\u00f3 Internacional de Nataci\u00f3, la qual cosa les fa aptes per a competicions oficials.<\/p>\n<p>\u00a0<\/p>\n<p>Beneficis per als Usuaris:<\/p>\n<p>&#8211; Visi\u00f3 \u00d2ptima: Les lents mirall i el recobriment antivaho asseguren una visi\u00f3 clara i sense distraccions.<\/p>\n<p>&#8211; Comoditat durant l&#8217;\u00das Prolongat: Les juntes de silicona 3D proporcionen un ajust c\u00f2mode, ideal per a sessions d&#8217;entrenament llargues i competicions.<\/p>\n<p>&#8211; Protecci\u00f3 Completa: Les ulleres protegeixen els ulls contra els raigs UV i l&#8217;enlluernament, millorant l&#8217;experi\u00e8ncia de nataci\u00f3 en exteriors.<\/p>\n<p>\u00a0<\/p>\n<p>\u00das Recomanat:<\/p>\n<p>&#8211; Les Ulleres Swans SRX-N PAF Negre\/Vermell s\u00f3n perfectes per a nedadors competitius que busquen ulleres d&#8217;alta qualitat, c\u00f2modes i aprovades per la FINA per als seus entrenaments i competicions. Amb un ajust personalitzat i protecci\u00f3 superior, aquestes ulleres ofereixen rendiment i confort en tot moment.<\/p>\n<p>\u00a0<\/p>\n","protected":false},"excerpt":{"rendered":"<p>Les Ulleres Swans SRX-N PAF Negre\/Vermell (Ref. 93110) s\u00f3n ideals per a competicions. Amb lents mirall, protecci\u00f3 UV i recobriment antivaho, ofereixen gran comoditat gr\u00e0cies a les seves juntes de silicona 3D i un ajust personalitzat amb 4 ponts nasals. Aprovades per la FINA.<\/p>\n<p>\u00a0<\/p>\n","protected":false},"featured_media":10678,"comment_status":"open","ping_status":"closed","template":"","meta":[],"product_cat":[134,135],"product_tag":[],"brands":[{"id":122,"name":"SWANS","slug":"swans"}],"_links":{"self":[{"href":"https:\/\/crawl.es\/ca\/wp-json\/wp\/v2\/product\/11785"}],"collection":[{"href":"https:\/\/crawl.es\/ca\/wp-json\/wp\/v2\/product"}],"about":[{"href":"https:\/\/crawl.es\/ca\/wp-json\/wp\/v2\/types\/product"}],"replies":[{"embeddable":true,"href":"https:\/\/crawl.es\/ca\/wp-json\/wp\/v2\/comments?post=11785"}],"wp:featuredmedia":[{"embeddable":true,"href":"https:\/\/crawl.es\/ca\/wp-json\/wp\/v2\/media\/10678"}],"wp:attachment":[{"href":"https:\/\/crawl.es\/ca\/wp-json\/wp\/v2\/media?parent=11785"}],"wp:term":[{"taxonomy":"product_cat","embeddable":true,"href":"https:\/\/crawl.es\/ca\/wp-json\/wp\/v2\/product_cat?post=11785"},{"taxonomy":"product_tag","embeddable":true,"href":"https:\/\/crawl.es\/ca\/wp-json\/wp\/v2\/product_tag?post=11785"}],"curies":[{"name":"wp","href":"https:\/\/api.w.org\/{rel}","templated":true}]}}