{"id":11794,"date":"2024-11-15T09:33:44","date_gmt":"2024-11-15T09:33:44","guid":{"rendered":"https:\/\/crawl.es\/producto\/ulleres-arena-track-mirror-negre-blau-crawl\/"},"modified":"2024-11-15T09:33:44","modified_gmt":"2024-11-15T09:33:44","slug":"ulleres-arena-track-mirror-negre-blau-crawl","status":"publish","type":"product","link":"https:\/\/crawl.es\/ca\/producto\/ulleres-arena-track-mirror-negre-blau-crawl\/","title":{"rendered":"Ulleres Arena Track Mirror Negre\/Blau | Crawl"},"content":{"rendered":"<p>Unes ulleres estupendes per nedar a un preu incre\u00efble, el nostre disseny Tracks Mirror \u00e9s el model que millor s&#8217;adapta als teus ulls per a la nataci\u00f3 a l&#8217;exterior. Un cobertor reflectant protegeix els ulls de la llum quan s&#8217;est\u00e0 a l&#8217;aire lliure o en piscines ben il\u00b7luminades. Com totes les nostres ulleres per nedar, estan dissenyades per protegir contra el vapor i els raigs ultraviolats. Equipades amb juntes de silicona i doble corretja, s\u00f3n molt agradables d&#8217;usar, fins i tot en les condicions m\u00e9s extremes. Les hem dissenyat per adaptar-se perfectament al teu rostre, amb un ajust herm\u00e8tic i una execuci\u00f3 en\u00e8rgica.<\/p>\n<p>\u00a0<\/p>\n<p>Caracter\u00edstiques Principals:<\/p>\n<p>&#8211; Cobertor Reflectant: Protegeix els ulls de la llum, ideal per a \u00fas a l&#8217;aire lliure i en piscines ben il\u00b7luminades.<\/p>\n<p>&#8211; Protecci\u00f3 UV: Protegeixen contra els danys raigs ultraviolats.<\/p>\n<p>&#8211; Revestiment Antivapor: Prev\u00e9 l&#8217;empa\u00efment de les lents, assegurant una visi\u00f3 clara en tot moment.<\/p>\n<p>&#8211; Juntes de Silicona: Ofereixen un ajust c\u00f2mode i segur, adaptant-se perfectament al contorn del rostre.<\/p>\n<p>&#8211; Doble Corretja: Proporciona un ajust personalitzat i segur, fins i tot en condicions extremes.<\/p>\n<p>\u00a0<\/p>\n<p>Beneficis per als Usuaris:<\/p>\n<p>&#8211; Visi\u00f3 \u00d2ptima: Les lents mirallades i el revestiment antivapor asseguren una visi\u00f3 clara i sense distraccions.<\/p>\n<p>&#8211; Comoditat durant l&#8217;\u00das Prolongat: Les juntes de silicona i la doble corretja proporcionen un ajust c\u00f2mode i segur.<\/p>\n<p>&#8211; Protecci\u00f3 Completa: Les ulleres protegeixen els ulls contra els raigs UV i l&#8217;enlluernament, millorant l&#8217;experi\u00e8ncia de nataci\u00f3 en exteriors.<\/p>\n<p>\u00a0<\/p>\n<p>\u00das Recomanat:<\/p>\n<p>Les Ulleres Arena Track Mirror Negre-Blau s\u00f3n ideals per a nedadors que busquen ulleres de gran qualitat, c\u00f2modes i amb una excel\u00b7lent relaci\u00f3 qualitat-preu per als seus entrenaments i competicions a l&#8217;aire lliure. Amb un ajust herm\u00e8tic i protecci\u00f3 superior, aquestes ulleres ofereixen rendiment i confort en tot moment.<\/p>\n","protected":false},"excerpt":{"rendered":"<p>Les Ulleres Arena Track Mirror Negre-Blau s\u00f3n ideals per nedar a l&#8217;aire lliure, amb un disseny que s&#8217;adapta perfectament als teus ulls. Ofereixen un ajust c\u00f2mode i un rendiment excepcional a un preu incre\u00efble. REF: 92370.<\/p>\n","protected":false},"featured_media":10650,"comment_status":"open","ping_status":"closed","template":"","meta":[],"product_cat":[134,135],"product_tag":[],"brands":[{"id":312,"name":"ARENA","slug":"arena"}],"_links":{"self":[{"href":"https:\/\/crawl.es\/ca\/wp-json\/wp\/v2\/product\/11794"}],"collection":[{"href":"https:\/\/crawl.es\/ca\/wp-json\/wp\/v2\/product"}],"about":[{"href":"https:\/\/crawl.es\/ca\/wp-json\/wp\/v2\/types\/product"}],"replies":[{"embeddable":true,"href":"https:\/\/crawl.es\/ca\/wp-json\/wp\/v2\/comments?post=11794"}],"wp:featuredmedia":[{"embeddable":true,"href":"https:\/\/crawl.es\/ca\/wp-json\/wp\/v2\/media\/10650"}],"wp:attachment":[{"href":"https:\/\/crawl.es\/ca\/wp-json\/wp\/v2\/media?parent=11794"}],"wp:term":[{"taxonomy":"product_cat","embeddable":true,"href":"https:\/\/crawl.es\/ca\/wp-json\/wp\/v2\/product_cat?post=11794"},{"taxonomy":"product_tag","embeddable":true,"href":"https:\/\/crawl.es\/ca\/wp-json\/wp\/v2\/product_tag?post=11794"}],"curies":[{"name":"wp","href":"https:\/\/api.w.org\/{rel}","templated":true}]}}