{"id":11820,"date":"2024-12-12T11:11:49","date_gmt":"2024-12-12T11:11:49","guid":{"rendered":"https:\/\/crawl.es\/producto\/banyador-de-piscina-per-nena-speedo-polka-crawl\/"},"modified":"2024-12-12T11:21:21","modified_gmt":"2024-12-12T11:21:21","slug":"banyador-de-piscina-per-nena-speedo-polka-crawl","status":"publish","type":"product","link":"https:\/\/crawl.es\/ca\/producto\/banyador-de-piscina-per-nena-speedo-polka-crawl\/","title":{"rendered":"Banyador de piscina per nena Speedo Polka | Crawl"},"content":{"rendered":"<p>Oferint un tall modest per a nedadors j\u00fanior, el senzill banyador VBack Polka \u00e9s c\u00f2mode per entrenar i proporciona la m\u00e0xima llibertat de moviment. La part davantera est\u00e0 totalment folrada en vermell f\u00e8nix per a m\u00e9s comoditat.<\/p>\n<p>\u00a0<\/p>\n<p>Dissenyat per ser durador i respectu\u00f3s amb el medi ambient, est\u00e0 confeccionat amb el nou teixit ECO Endurance+ de Speedo, que \u00e9s 100% resistent al clor, d&#8217;assecat r\u00e0pid i fet amb materials reciclats al 50%.<\/p>\n<p>\u00a0<\/p>\n<p>Caracter\u00edstiques Principals:<\/p>\n<p>Impressi\u00f3 digital premium en dissenys brillants: Ofereix una aparen\u00e7a vibrant i atractiva.<\/p>\n<p>Esquena en V amb tall modest per a nedadors j\u00fanior: Proporciona un ajust c\u00f2mode i segur.<\/p>\n<p>Super simple i c\u00f2mode proporcionant la m\u00e0xima llibertat de moviment: Ideal per a entrenaments prolongats.<\/p>\n<p>Totalment folrada en vermell f\u00e8nix la part davantera: Augmenta el confort i la durabilitat del banyador.<\/p>\n<p>100% resist\u00e8ncia al clor: Garanteix un rendiment durador i colors que romanen m\u00e9s brillants durant m\u00e9s temps.<\/p>\n<p>Assecat r\u00e0pid: S&#8217;asseca m\u00e9s r\u00e0pidament despr\u00e9s de nedar, proporcionant m\u00e9s comoditat.<\/p>\n<p>50% reciclat: Els fils estan fets de residus 100% post-consum, com ampolles de pl\u00e0stic reciclades.<\/p>\n<p>\u00a0<\/p>\n<p>Beneficis per als Usuaris:<\/p>\n<p>Comoditat Prolongada: El disseny i els materials asseguren que el banyador sigui c\u00f2mode durant llargs per\u00edodes d&#8217;\u00fas.<\/p>\n<p>Sostenibilitat: Fabricat amb materials reciclats, aquest banyador \u00e9s una opci\u00f3 responsable amb el medi ambient.<\/p>\n<p>M\u00e0xima Llibertat de Moviment: La construcci\u00f3 del banyador permet moviments sense restriccions, ideal per a nedadores actives.<\/p>\n<p>Durabilitat Superior: Resistent al clor i d&#8217;assecat r\u00e0pid, ideal per a un \u00fas freq\u00fcent en piscina.<\/p>\n<p>\u00a0<\/p>\n<p>\u00das Recomanat:<\/p>\n<p>El Banyador de piscina per a nena Speedo Polka \u00e9s ideal per a joves nedadores que busquen un producte c\u00f2mode per als seus entrenaments i competicions.<\/p>\n","protected":false},"excerpt":{"rendered":"<div tabindex=\"0\" role=\"article\" data-tabster=\"{&quot;groupper&quot;:{&quot;tabbability&quot;:2},&quot;focusable&quot;:{}}\" data-content=\"ai-message\" aria-labelledby=\"fcsPuY37Hg894GDRF5Vsg-author fcsPuY37Hg894GDRF5Vsg-content\">\n<div id=\"fcsPuY37Hg894GDRF5Vsg-content\">\n<p>Descobreix el banyador Speedo Polka per a nena. Confeccionat amb teixit ECO Endurance+ resistent al clor i fet amb materials reciclats. M\u00e0xima comoditat i durabilitat.<\/p>\n<\/div>\n<\/div>\n<p>\u00a0<\/p>\n","protected":false},"featured_media":11812,"comment_status":"open","ping_status":"closed","template":"","meta":[],"product_cat":[156,160],"product_tag":[],"brands":[{"id":22,"name":"Turbo","slug":"turbo"}],"_links":{"self":[{"href":"https:\/\/crawl.es\/ca\/wp-json\/wp\/v2\/product\/11820"}],"collection":[{"href":"https:\/\/crawl.es\/ca\/wp-json\/wp\/v2\/product"}],"about":[{"href":"https:\/\/crawl.es\/ca\/wp-json\/wp\/v2\/types\/product"}],"replies":[{"embeddable":true,"href":"https:\/\/crawl.es\/ca\/wp-json\/wp\/v2\/comments?post=11820"}],"wp:featuredmedia":[{"embeddable":true,"href":"https:\/\/crawl.es\/ca\/wp-json\/wp\/v2\/media\/11812"}],"wp:attachment":[{"href":"https:\/\/crawl.es\/ca\/wp-json\/wp\/v2\/media?parent=11820"}],"wp:term":[{"taxonomy":"product_cat","embeddable":true,"href":"https:\/\/crawl.es\/ca\/wp-json\/wp\/v2\/product_cat?post=11820"},{"taxonomy":"product_tag","embeddable":true,"href":"https:\/\/crawl.es\/ca\/wp-json\/wp\/v2\/product_tag?post=11820"}],"curies":[{"name":"wp","href":"https:\/\/api.w.org\/{rel}","templated":true}]}}