{"id":11886,"date":"2024-12-12T11:37:25","date_gmt":"2024-12-12T11:37:25","guid":{"rendered":"https:\/\/crawl.es\/producto\/banyador-arena-junior-nina-light-drop-solid-crawl\/"},"modified":"2024-12-12T11:37:25","modified_gmt":"2024-12-12T11:37:25","slug":"banyador-arena-junior-nina-light-drop-solid-crawl","status":"publish","type":"product","link":"https:\/\/crawl.es\/ca\/producto\/banyador-arena-junior-nina-light-drop-solid-crawl\/","title":{"rendered":"Banyador Arena Junior Ni\u00f1a Light Drop Solid | Crawl"},"content":{"rendered":"<p>El banyador de nena Light Drop Solid, modern i s\u00faper el\u00e0stic, forma part de la molt c\u00f2moda l\u00ednia Arena Feel i s&#8217;adapta com una segona pell. Ideal per a nedadores de fitness i nedadores d&#8217;oci, aix\u00ed com per a altres activitats a la piscina, a la platja i en qualsevol entorn aqu\u00e0tic.<\/p>\n<p>\u00a0<\/p>\n<p>El disseny modern del banyador Light Drop Solid proporciona una excel\u00b7lent llibertat de moviments gr\u00e0cies a la seva esquena oberta i tirants fins. Confeccionat amb un teixit que \u00e9s resistent al color i de secat r\u00e0pid, aquest banyador assegura un ajust perfecte i una gran comoditat, ideal per a entrenaments prolongats i activitats aqu\u00e0tiques recreatives. Forma part de la l\u00ednia Arena Feel, coneguda pel seu confort i adaptabilitat, fent que aquest banyador se senti com una segona pell. Perfecte per a \u00fas en piscina i platja, garantint una experi\u00e8ncia de nataci\u00f3 superior.<\/p>\n<p>\u00a0<\/p>\n<p>CARACTER\u00cdSTIQUES:<\/p>\n<p>&#8211; Teixit resistent al color i de secat r\u00e0pid<\/p>\n<p>&#8211; Ajust perfecte i gran comoditat<\/p>\n<p>&#8211; Esquena oberta<\/p>\n<p>&#8211; Tirants fins<\/p>\n<p>Composici\u00f3: 82% Poli\u00e8ster &#8211; 18% Elast\u00e0<\/p>\n","protected":false},"excerpt":{"rendered":"<p>Descobreix el banyador Arena Junior Nena Light Drop Solid. Amb teixit resistent al color, de secat r\u00e0pid i amb esquena oberta. Ideal per a nedadores de fitness i d&#8217;oci.<\/p>\n","protected":false},"featured_media":11824,"comment_status":"open","ping_status":"closed","template":"","meta":[],"product_cat":[],"product_tag":[],"brands":[{"id":312,"name":"ARENA","slug":"arena"}],"_links":{"self":[{"href":"https:\/\/crawl.es\/ca\/wp-json\/wp\/v2\/product\/11886"}],"collection":[{"href":"https:\/\/crawl.es\/ca\/wp-json\/wp\/v2\/product"}],"about":[{"href":"https:\/\/crawl.es\/ca\/wp-json\/wp\/v2\/types\/product"}],"replies":[{"embeddable":true,"href":"https:\/\/crawl.es\/ca\/wp-json\/wp\/v2\/comments?post=11886"}],"wp:featuredmedia":[{"embeddable":true,"href":"https:\/\/crawl.es\/ca\/wp-json\/wp\/v2\/media\/11824"}],"wp:attachment":[{"href":"https:\/\/crawl.es\/ca\/wp-json\/wp\/v2\/media?parent=11886"}],"wp:term":[{"taxonomy":"product_cat","embeddable":true,"href":"https:\/\/crawl.es\/ca\/wp-json\/wp\/v2\/product_cat?post=11886"},{"taxonomy":"product_tag","embeddable":true,"href":"https:\/\/crawl.es\/ca\/wp-json\/wp\/v2\/product_tag?post=11886"}],"curies":[{"name":"wp","href":"https:\/\/api.w.org\/{rel}","templated":true}]}}