{"id":11894,"date":"2024-12-12T10:13:16","date_gmt":"2024-12-12T10:13:16","guid":{"rendered":"https:\/\/crawl.es\/producto\/banyador-turbo-revolution-nena-rossetto-crawl\/"},"modified":"2024-12-12T10:13:16","modified_gmt":"2024-12-12T10:13:16","slug":"banyador-turbo-revolution-nena-rossetto-crawl","status":"publish","type":"product","link":"https:\/\/crawl.es\/ca\/producto\/banyador-turbo-revolution-nena-rossetto-crawl\/","title":{"rendered":"Banyador Turbo &#8216;Revolution&#8217; Nena Rossetto | Crawl"},"content":{"rendered":"<p>Els nostres banyadors de nena han estat confeccionats tenint en compte la import\u00e0ncia del confort durant la pr\u00e0ctica esportiva, i la durabilitat del producte. Dissenyats espec\u00edficament per a la nataci\u00f3, els nostres banyadors s\u00f3n perfectes per a qualsevol tipus d&#8217;esport aqu\u00e0tic, tant en piscina com al mar.<\/p>\n<p>\u00a0<\/p>\n<p>La nostra experi\u00e8ncia de m\u00e9s de 60 anys en el sector dels banyadors i articles aqu\u00e0tics, ens ha perm\u00e8s ser avui dia la marca l\u00edder de banyadors per a nenes, nens i adults.<\/p>\n<p>\u00a0<\/p>\n<p>Descobreix una \u00e0mplia varietat de models de banyadors per a nenes<\/p>\n<p>\u00a0<\/p>\n<p>Est\u00e0s buscant un banyador infantil per a nena? No trobes el model de banyador que necessites? A Turbo, disposem d&#8217;una \u00e0mplia varietat de banyadors totalment \u00fanics i originals. Descobreix els nostres banyadors per a nena llisos o amb estampats divertits: de colors, amb dibuixos infantils, amb animals, a ratlles, entre molts altres models.<\/p>\n<p>\u00a0<\/p>\n<p>Tenim una \u00e0mplia gamma de banyadors per a nenes: banyadors de nena d&#8217;una sola pe\u00e7a, de dues peces (biquini), \u00fanicament calceta, de tirant ample i fi, i altres patrons diferents.<\/p>\n<p>\u00a0<\/p>\n<p>Banyadors de nena pensats perqu\u00e8 durin molt m\u00e9s temps<\/p>\n<p>\u00a0<\/p>\n<p>A Turbo, tenim un gran comprom\u00eds amb la qualitat dels nostres productes. Usem tots els nostres recursos per aplicar les millors tecnologies en els nostres banyadors i aix\u00ed proporcionar els teixits m\u00e9s resistents per a la nataci\u00f3.<\/p>\n<p>\u00a0<\/p>\n<p>Els nostres banyadors de nena s\u00f3n resistents a l&#8217;aigua salada i al clor. Utilitzem \u00fanicament els materials m\u00e9s resistents del mercat. A Turbo oferim als nostres clients banyadors anti pilling, per evitar aix\u00ed el desgast del teixit durant l&#8217;\u00fas. Per aix\u00f2, el peeling \u00e9s sotm\u00e8s a proves de m\u00e9s de 7.000 cicles, garantint aix\u00ed la m\u00e0xima resist\u00e8ncia possible del teixit.<\/p>\n<p>\u00a0<\/p>\n<p>Els banyadors per a nenes que pots trobar a la nostra botiga en l\u00ednia, estan confeccionats amb el millor fil de poli\u00e8ster del mercat a nivell mundial, un poli\u00e8ster texturitzat, que \u00e9s caracter\u00edstic per la seva gran suavitat i flexibilitat. Gr\u00e0cies a aix\u00f2, ens permet aconseguir banyadors de nena molt resistents a les esquin\u00e7ades, al mateix temps que proporciona una gran flexibilitat. Els nostres banyadors disposen d&#8217;un ajust fit perfecte, que garanteix el confort i s&#8217;adapta a la perfecci\u00f3 a tot tipus de cossos.<\/p>\n<p>\u00a0<\/p>\n<p>A m\u00e9s, tots els nostres banyadors s\u00f3n resistents als raigs solars ultraviolats amb protecci\u00f3 SPF+50, per la qual cosa s\u00f3n ideals per utilitzar, a m\u00e9s d&#8217;en interior, tant en piscines exteriors, com a la platja.<\/p>\n<p>\u00a0<\/p>\n<p>Troba a Turbo el banyador de nena per a la teva filla que est\u00e0s buscant. Qualitat, resist\u00e8ncia i confort garantits!<\/p>\n<p>\u00a0<\/p>\n","protected":false},"excerpt":{"rendered":"<p>Descobreix el banyador Turbo &#8216;Ni Rossetto&#8217; per a nenes. Confortables, duradors i perfectes per a qualsevol esport aqu\u00e0tic. \u00c0mplia gamma de models \u00fanics i resistents.<\/p>\n","protected":false},"featured_media":11799,"comment_status":"open","ping_status":"closed","template":"","meta":[],"product_cat":[156,160],"product_tag":[],"brands":[{"id":22,"name":"Turbo","slug":"turbo"}],"_links":{"self":[{"href":"https:\/\/crawl.es\/ca\/wp-json\/wp\/v2\/product\/11894"}],"collection":[{"href":"https:\/\/crawl.es\/ca\/wp-json\/wp\/v2\/product"}],"about":[{"href":"https:\/\/crawl.es\/ca\/wp-json\/wp\/v2\/types\/product"}],"replies":[{"embeddable":true,"href":"https:\/\/crawl.es\/ca\/wp-json\/wp\/v2\/comments?post=11894"}],"wp:featuredmedia":[{"embeddable":true,"href":"https:\/\/crawl.es\/ca\/wp-json\/wp\/v2\/media\/11799"}],"wp:attachment":[{"href":"https:\/\/crawl.es\/ca\/wp-json\/wp\/v2\/media?parent=11894"}],"wp:term":[{"taxonomy":"product_cat","embeddable":true,"href":"https:\/\/crawl.es\/ca\/wp-json\/wp\/v2\/product_cat?post=11894"},{"taxonomy":"product_tag","embeddable":true,"href":"https:\/\/crawl.es\/ca\/wp-json\/wp\/v2\/product_tag?post=11894"}],"curies":[{"name":"wp","href":"https:\/\/api.w.org\/{rel}","templated":true}]}}