{"id":11910,"date":"2024-11-14T11:32:01","date_gmt":"2024-11-14T11:32:01","guid":{"rendered":"https:\/\/crawl.es\/producto\/les-ulleres-speedo-biofuse-2-0-junior-blanc-transparent-son-una-excellent-opcio-per-als-nedadors-joves-aquestes-ulleres-ofereixen-una-comoditat-i-un-ajustament-superiors-gracies-a-la-tecnologia\/"},"modified":"2024-12-16T10:06:56","modified_gmt":"2024-12-16T10:06:56","slug":"les-ulleres-speedo-biofuse-2-0-junior-blanc-transparent-son-una-excellent-opcio-per-als-nedadors-joves-aquestes-ulleres-ofereixen-una-comoditat-i-un-ajustament-superiors-gracies-a-la-tecnologia","status":"publish","type":"product","link":"https:\/\/crawl.es\/ca\/producto\/les-ulleres-speedo-biofuse-2-0-junior-blanc-transparent-son-una-excellent-opcio-per-als-nedadors-joves-aquestes-ulleres-ofereixen-una-comoditat-i-un-ajustament-superiors-gracies-a-la-tecnologia\/","title":{"rendered":"Ulleres Speedo Biofuse 2.0 Junior Blanc\/Transparent | Crawl"},"content":{"rendered":"<p>Les nostres ulleres Biofuse per a nens s\u00f3n millors que mai. Presentem les noves i acolorides Biofuse 2.0 Junior. Amb la mateixa tecnologia Speedo Biofuse\u00ae, la m\u00e9s venuda, que les nostres ulleres per a adults, ara porten la comoditat i l&#8217;ajustament al seg\u00fcent nivell amb un nou mecanisme de bot\u00f3 de pressi\u00f3 pendent de patent i segells super suaus amb un disseny inspirat en els coralls. Amb colors alegres i brillants i un disseny de f\u00e0cil ajustament, \u00e9s tot el que t&#8217;agrada de Biofuse, ara encara millor. Adequades per a nens de 6 a 14 anys.<\/p>\n","protected":false},"excerpt":{"rendered":"<p>Les Ulleres Speedo Biofuse 2.0 Junior Blanc\/Transparent ofereixen comoditat i un ajustament perfecte per als nedadors joves. Amb tecnologia Biofuse, aquestes ulleres s&#8217;adapten a la forma del rostre, oferint una sensaci\u00f3 de suavitat i un ajustament segur. S\u00f3n ideals per a entrenaments i activitats aqu\u00e0tiques, proporcionant una visi\u00f3 clara i protecci\u00f3. Un accessori imprescindible per als petits nedadors!<\/p>\n","protected":false},"featured_media":10592,"comment_status":"open","ping_status":"closed","template":"","meta":[],"product_cat":[412,156],"product_tag":[],"brands":[{"id":307,"name":"Speedo","slug":"speedo"}],"_links":{"self":[{"href":"https:\/\/crawl.es\/ca\/wp-json\/wp\/v2\/product\/11910"}],"collection":[{"href":"https:\/\/crawl.es\/ca\/wp-json\/wp\/v2\/product"}],"about":[{"href":"https:\/\/crawl.es\/ca\/wp-json\/wp\/v2\/types\/product"}],"replies":[{"embeddable":true,"href":"https:\/\/crawl.es\/ca\/wp-json\/wp\/v2\/comments?post=11910"}],"wp:featuredmedia":[{"embeddable":true,"href":"https:\/\/crawl.es\/ca\/wp-json\/wp\/v2\/media\/10592"}],"wp:attachment":[{"href":"https:\/\/crawl.es\/ca\/wp-json\/wp\/v2\/media?parent=11910"}],"wp:term":[{"taxonomy":"product_cat","embeddable":true,"href":"https:\/\/crawl.es\/ca\/wp-json\/wp\/v2\/product_cat?post=11910"},{"taxonomy":"product_tag","embeddable":true,"href":"https:\/\/crawl.es\/ca\/wp-json\/wp\/v2\/product_tag?post=11910"}],"curies":[{"name":"wp","href":"https:\/\/api.w.org\/{rel}","templated":true}]}}