{"id":11911,"date":"2024-11-14T11:22:42","date_gmt":"2024-11-14T11:22:42","guid":{"rendered":"https:\/\/crawl.es\/producto\/ulleres-speedo-hyper-flyer-junior-plata-crawl\/"},"modified":"2024-11-14T11:22:42","modified_gmt":"2024-11-14T11:22:42","slug":"ulleres-speedo-hyper-flyer-junior-plata-crawl","status":"publish","type":"product","link":"https:\/\/crawl.es\/ca\/producto\/ulleres-speedo-hyper-flyer-junior-plata-crawl\/","title":{"rendered":"Ulleres Speedo Hyper Flyer Junior Plata | Crawl"},"content":{"rendered":"<p>Des de classes fins a sessions de grup, les nostres populars ulleres de nataci\u00f3 Junior Hyper Flyer Mirror s\u00f3n ideals per als m\u00e9s petits. S\u00f3n adequades per a nedadors joves de tots els nivells i el seu disseny unibody flexible i de perfil baix \u00e9s c\u00f2mode i segur, mentre que les lents corbes antireflectants amb efecte mirall garanteixen la m\u00e0xima visibilitat. Estan dissenyades amb un clip Speed \u200b\u200bFit per a un ajust r\u00e0pid i senzill.<\/p>\n","protected":false},"excerpt":{"rendered":"<p>Les Ulleres Speedo Hyper Flyer Junior Plata s\u00f3n perfectes per a joves nedadors que busquen rendiment i estil. Amb un disseny aerodin\u00e0mic i lents d&#8217;alta qualitat, aquestes ulleres ofereixen un ajust c\u00f2mode i segur, a m\u00e9s d&#8217;una visi\u00f3 clara a l&#8217;aigua. Ideals per a entrenaments i competicions, proporcionen protecci\u00f3 i comoditat durant tota la sessi\u00f3. Fes que el teu petit nedador se senti com un professional amb les Hyper Flyer!<\/p>\n","protected":false},"featured_media":10589,"comment_status":"open","ping_status":"closed","template":"","meta":[],"product_cat":[412,156],"product_tag":[],"brands":[{"id":307,"name":"Speedo","slug":"speedo"}],"_links":{"self":[{"href":"https:\/\/crawl.es\/ca\/wp-json\/wp\/v2\/product\/11911"}],"collection":[{"href":"https:\/\/crawl.es\/ca\/wp-json\/wp\/v2\/product"}],"about":[{"href":"https:\/\/crawl.es\/ca\/wp-json\/wp\/v2\/types\/product"}],"replies":[{"embeddable":true,"href":"https:\/\/crawl.es\/ca\/wp-json\/wp\/v2\/comments?post=11911"}],"wp:featuredmedia":[{"embeddable":true,"href":"https:\/\/crawl.es\/ca\/wp-json\/wp\/v2\/media\/10589"}],"wp:attachment":[{"href":"https:\/\/crawl.es\/ca\/wp-json\/wp\/v2\/media?parent=11911"}],"wp:term":[{"taxonomy":"product_cat","embeddable":true,"href":"https:\/\/crawl.es\/ca\/wp-json\/wp\/v2\/product_cat?post=11911"},{"taxonomy":"product_tag","embeddable":true,"href":"https:\/\/crawl.es\/ca\/wp-json\/wp\/v2\/product_tag?post=11911"}],"curies":[{"name":"wp","href":"https:\/\/api.w.org\/{rel}","templated":true}]}}