{"id":11912,"date":"2024-11-14T11:04:23","date_gmt":"2024-11-14T11:04:23","guid":{"rendered":"https:\/\/crawl.es\/producto\/ulleres-arena-the-one-junior-blau-crawl\/"},"modified":"2024-11-14T11:04:23","modified_gmt":"2024-11-14T11:04:23","slug":"ulleres-arena-the-one-junior-blau-crawl","status":"publish","type":"product","link":"https:\/\/crawl.es\/ca\/producto\/ulleres-arena-the-one-junior-blau-crawl\/","title":{"rendered":"Ulleres Arena The One Junior Blau | CRAWL"},"content":{"rendered":"<p>Tots els nens i els seus pares volen les mateixes qualitats en un parell d&#8217;ulleres. C\u00f2modes de portar, visi\u00f3 incre\u00efble, zero fuites i un ajust perfecte. No busquis m\u00e9s que les nostres noves ulleres The One. Hem estudiat les similituds entre les cares per dissenyar aquestes ulleres universals per a nens. Tenen segells especials que utilitzen la nostra tecnologia Orbit-Proof. Hem dissenyat els segells per evitar \u00e0rees al voltant de la conca de l&#8217;ull que interfereixin amb la succi\u00f3. D&#8217;aquesta manera s\u00f3n herm\u00e8tiques en qualsevol cara. Les lents amples i dures ofereixen visi\u00f3 panor\u00e0mica i lateral perqu\u00e8 el teu fill es mantingui allunyat dels bra\u00e7os i les cames soltes en una piscina concorreguda. Per a una m\u00e0xima comoditat, aquest disseny intel\u00b7ligent t\u00e9 una construcci\u00f3 d&#8217;una sola pe\u00e7a amb lents integrades i clips que s\u00f3n molt f\u00e0cils d&#8217;ajustar. Amb la forma de les nostres elegants ulleres Cobra Ultra, The One ve en una gamma de combinacions de colors genials.<\/p>\n<p>\u00a0<\/p>\n<p>Caracter\u00edstiques destacables:<\/p>\n<p>&#8211; Comoditat superior: Tecnologia Orbit-Proof per evitar fuites.<\/p>\n<p>&#8211; Visi\u00f3 panor\u00e0mica i lateral: Lents amples i dures.<\/p>\n<p>&#8211; Construcci\u00f3 d&#8217;una sola pe\u00e7a: Lents integrades i clips de f\u00e0cil ajustament.<\/p>\n<p>&#8211; Disseny elegant: Inspirat en les ulleres Cobra Ultra, disponibles en combinacions de colors genials.<\/p>\n<p>\u00a0<\/p>\n<p>Composici\u00f3 del material:<\/p>\n<p>&#8211; Materials d&#8217;alta qualitat: Garanteixen durabilitat i rendiment.<\/p>\n<p>\u00a0<\/p>\n<p>\u00das recomanat:<\/p>\n<p>Aquestes ulleres s\u00f3n perfectes per a qualsevol nen que busqui rendiment i confort en les seves sessions de nataci\u00f3, tant en entrenaments diaris com en competicions. Asseguren una visi\u00f3 clara i c\u00f2moda, permetent concentrar-se en cada bra\u00e7ada.<\/p>\n<p>No perdis l&#8217;oportunitat de millorar l&#8217;experi\u00e8ncia a l&#8217;aigua del teu fill amb les Ulleres Arena The One Junior Blau de CRAWL. Compra ara i gaudeix d&#8217;una nataci\u00f3 superior!<\/p>\n","protected":false},"excerpt":{"rendered":"<p>Compra les Ulleres Arena The One Junior Blau a CRAWL. C\u00f2modes, visi\u00f3 panor\u00e0mica i ajust perfecte per a nens.<\/p>\n<p>Ref: 001432<\/p>\n","protected":false},"featured_media":10576,"comment_status":"open","ping_status":"closed","template":"","meta":[],"product_cat":[412,156],"product_tag":[],"brands":[{"id":312,"name":"ARENA","slug":"arena"}],"_links":{"self":[{"href":"https:\/\/crawl.es\/ca\/wp-json\/wp\/v2\/product\/11912"}],"collection":[{"href":"https:\/\/crawl.es\/ca\/wp-json\/wp\/v2\/product"}],"about":[{"href":"https:\/\/crawl.es\/ca\/wp-json\/wp\/v2\/types\/product"}],"replies":[{"embeddable":true,"href":"https:\/\/crawl.es\/ca\/wp-json\/wp\/v2\/comments?post=11912"}],"wp:featuredmedia":[{"embeddable":true,"href":"https:\/\/crawl.es\/ca\/wp-json\/wp\/v2\/media\/10576"}],"wp:attachment":[{"href":"https:\/\/crawl.es\/ca\/wp-json\/wp\/v2\/media?parent=11912"}],"wp:term":[{"taxonomy":"product_cat","embeddable":true,"href":"https:\/\/crawl.es\/ca\/wp-json\/wp\/v2\/product_cat?post=11912"},{"taxonomy":"product_tag","embeddable":true,"href":"https:\/\/crawl.es\/ca\/wp-json\/wp\/v2\/product_tag?post=11912"}],"curies":[{"name":"wp","href":"https:\/\/api.w.org\/{rel}","templated":true}]}}