{"id":11914,"date":"2024-11-14T10:32:40","date_gmt":"2024-11-14T10:32:40","guid":{"rendered":"https:\/\/crawl.es\/producto\/ulleres-arena-spider-junior-negre-vermell-crawl\/"},"modified":"2024-11-14T10:32:40","modified_gmt":"2024-11-14T10:32:40","slug":"ulleres-arena-spider-junior-negre-vermell-crawl","status":"publish","type":"product","link":"https:\/\/crawl.es\/ca\/producto\/ulleres-arena-spider-junior-negre-vermell-crawl\/","title":{"rendered":"Ulleres Arena Spider Junior Negre\/Vermell | CRAWL"},"content":{"rendered":"<p>Aquestes ulleres junior s\u00faper genials amb perfil hidrodin\u00e0mic s\u00f3n c\u00f2modes, f\u00e0cils d&#8217;usar i excel\u00b7lents per a l&#8217;entrenament diari.<\/p>\n<p>\u00a0<\/p>\n<p>Caracter\u00edstiques destacables:<\/p>\n<p>&#8211; Perfil hidrodin\u00e0mic<\/p>\n<p>&#8211; Cos i segell de silicona de densitat m\u00faltiple, per a un ajust suau, c\u00f2mode i prec\u00eds<\/p>\n<p>&#8211; Corretja \u00fanica amb f\u00e0cil ajustament mitjan\u00e7ant clip posterior<\/p>\n<p>&#8211; Pont nasal autoajustable<\/p>\n<p>&#8211; Protecci\u00f3 UV i recobriment antivaho<\/p>\n<p>\u00a0<\/p>\n<p>\u00das recomanat:<\/p>\n<p>Perfectes per a nens en els seus entrenaments diaris, assegurant una visi\u00f3 clara i c\u00f2moda, permetent concentrar-se en cada bra\u00e7ada.<\/p>\n<p>\u00a0<\/p>\n<p>No perdis l&#8217;oportunitat de millorar l&#8217;experi\u00e8ncia a l&#8217;aigua del teu fill amb les Ulleres Arena Spider Junior Negre\/Vermell de CRAWL. Compra ara i gaudeix d&#8217;una nataci\u00f3 superior!<\/p>\n","protected":false},"excerpt":{"rendered":"<p>Compra les Ulleres Arena Spider Junior Negre\/Vermell a CRAWL. C\u00f2modes, perfil hidrodin\u00e0mic i protecci\u00f3 UV. Ref: 92338<\/p>\n","protected":false},"featured_media":10557,"comment_status":"open","ping_status":"closed","template":"","meta":[],"product_cat":[412,156],"product_tag":[],"brands":[{"id":312,"name":"ARENA","slug":"arena"}],"_links":{"self":[{"href":"https:\/\/crawl.es\/ca\/wp-json\/wp\/v2\/product\/11914"}],"collection":[{"href":"https:\/\/crawl.es\/ca\/wp-json\/wp\/v2\/product"}],"about":[{"href":"https:\/\/crawl.es\/ca\/wp-json\/wp\/v2\/types\/product"}],"replies":[{"embeddable":true,"href":"https:\/\/crawl.es\/ca\/wp-json\/wp\/v2\/comments?post=11914"}],"wp:featuredmedia":[{"embeddable":true,"href":"https:\/\/crawl.es\/ca\/wp-json\/wp\/v2\/media\/10557"}],"wp:attachment":[{"href":"https:\/\/crawl.es\/ca\/wp-json\/wp\/v2\/media?parent=11914"}],"wp:term":[{"taxonomy":"product_cat","embeddable":true,"href":"https:\/\/crawl.es\/ca\/wp-json\/wp\/v2\/product_cat?post=11914"},{"taxonomy":"product_tag","embeddable":true,"href":"https:\/\/crawl.es\/ca\/wp-json\/wp\/v2\/product_tag?post=11914"}],"curies":[{"name":"wp","href":"https:\/\/api.w.org\/{rel}","templated":true}]}}