{"id":11915,"date":"2024-11-14T10:01:20","date_gmt":"2024-11-14T10:01:20","guid":{"rendered":"https:\/\/crawl.es\/producto\/gafas-turbo-scorpion-blanco-azul-rendimiento-y-comodidad-crawl\/"},"modified":"2024-11-14T10:01:20","modified_gmt":"2024-11-14T10:01:20","slug":"gafas-turbo-scorpion-blanco-azul-rendimiento-y-comodidad-crawl","status":"publish","type":"product","link":"https:\/\/crawl.es\/ca\/producto\/gafas-turbo-scorpion-blanco-azul-rendimiento-y-comodidad-crawl\/","title":{"rendered":"Ulleres Turbo Scorpion Blanc\/Blau | Rendiment i Comoditat | Crawl"},"content":{"rendered":"<p>Descobreix la nostra gamma d&#8217;ulleres de nataci\u00f3, dissenyades per oferir la m\u00e0xima comoditat i durabilitat a l&#8217;aigua. Disposem de diferents models que s&#8217;adapten a tot tipus d&#8217;esports aqu\u00e0tics, com nataci\u00f3 sincronitzada, triatl\u00f3, aig\u00fces obertes, entre molts altres.<\/p>\n<p>\u00a0<\/p>\n<p>Les nostres ulleres de nataci\u00f3 estan dissenyades amb l&#8217;objectiu d&#8217;oferir comoditat i les millors sensacions en la pr\u00e0ctica de la nataci\u00f3. En la seva fabricaci\u00f3, nom\u00e9s utilitzem els millors materials: lents d&#8217;alta resist\u00e8ncia i muntures de silicona l\u00edquida per garantir el millor ajust, la m\u00e0xima durabilitat i la m\u00e0xima seguretat possible per als esportistes. Totes les nostres ulleres de nataci\u00f3 s\u00f3n resistents al clor i als raigs UVA (SPF +50), per aix\u00f2 els colors s\u00f3n molt duradors. A la vegada, les lents estan dissenyades per oferir el m\u00e0xim rang de visibilitat possible.<\/p>\n<p>\u00a0<\/p>\n<p>Provem les nostres ulleres de nataci\u00f3 amb professionals del m\u00f3n de la nataci\u00f3, perqu\u00e8 les utilitzin tant en entrenaments com en competicions i ens donin una opini\u00f3 professional sobre el seu ajust i rendiment. Basant-nos en aquestes proves i els seus comentaris, millorem els nostres models i assolim nivells molt alts de qualitat. Cerquem constantment millorar les nostres ulleres de piscina, aix\u00ed com la resta dels nostres productes, utilitzant sempre la darrera tecnologia.<\/p>\n","protected":false},"excerpt":{"rendered":"<p>Les Ulleres Turbo Scorpion Blanc\/Blau (REF: 93037) ofereixen un ajust ergon\u00f2mic i m\u00e0xim confort. Lents d&#8217;alta qualitat per reduir la fatiga ocular i millorar la visibilitat. Perfectes per a nedadors exigents que busquen estil i rendiment a l&#8217;aigua. Fes-te amb les teves!<\/p>\n","protected":false},"featured_media":10554,"comment_status":"open","ping_status":"closed","template":"","meta":[],"product_cat":[134,135],"product_tag":[],"brands":[{"id":22,"name":"Turbo","slug":"turbo"}],"_links":{"self":[{"href":"https:\/\/crawl.es\/ca\/wp-json\/wp\/v2\/product\/11915"}],"collection":[{"href":"https:\/\/crawl.es\/ca\/wp-json\/wp\/v2\/product"}],"about":[{"href":"https:\/\/crawl.es\/ca\/wp-json\/wp\/v2\/types\/product"}],"replies":[{"embeddable":true,"href":"https:\/\/crawl.es\/ca\/wp-json\/wp\/v2\/comments?post=11915"}],"wp:featuredmedia":[{"embeddable":true,"href":"https:\/\/crawl.es\/ca\/wp-json\/wp\/v2\/media\/10554"}],"wp:attachment":[{"href":"https:\/\/crawl.es\/ca\/wp-json\/wp\/v2\/media?parent=11915"}],"wp:term":[{"taxonomy":"product_cat","embeddable":true,"href":"https:\/\/crawl.es\/ca\/wp-json\/wp\/v2\/product_cat?post=11915"},{"taxonomy":"product_tag","embeddable":true,"href":"https:\/\/crawl.es\/ca\/wp-json\/wp\/v2\/product_tag?post=11915"}],"curies":[{"name":"wp","href":"https:\/\/api.w.org\/{rel}","templated":true}]}}