{"id":11920,"date":"2024-11-14T09:18:21","date_gmt":"2024-11-14T09:18:21","guid":{"rendered":"https:\/\/crawl.es\/producto\/gafas-swans-slg-100m-skyblue-ruby-rendimiento-y-comodidad-crawl\/"},"modified":"2024-11-14T09:18:21","modified_gmt":"2024-11-14T09:18:21","slug":"gafas-swans-slg-100m-skyblue-ruby-rendimiento-y-comodidad-crawl","status":"publish","type":"product","link":"https:\/\/crawl.es\/ca\/producto\/gafas-swans-slg-100m-skyblue-ruby-rendimiento-y-comodidad-crawl\/","title":{"rendered":"Ulleres Swans SLG-100M Skyblue Ruby | Rendiment i Comodidat | Crawl"},"content":{"rendered":"<p>Descobreix la nostra gamma d&#8217;ulleres de nataci\u00f3, dissenyades per oferir la m\u00e0xima comoditat i durabilitat a l&#8217;aigua. Disposem de diferents models que s&#8217;adapten a tot tipus d&#8217;esports aqu\u00e0tics, com nataci\u00f3 sincronitzada, triatl\u00f3, aig\u00fces obertes, entre molts altres. Les ulleres de nataci\u00f3 Turbo es poden utilitzar tant a la piscina amb aigua clorada com a l&#8217;exterior amb aigua salada.<\/p>\n<p>\u00a0<\/p>\n<p>Tria l&#8217;estil que millor s&#8217;adapti a les teves necessitats i prefer\u00e8ncies. Les possibilitats s\u00f3n molt variades: ulleres de nataci\u00f3 amb lents transparents o mirallades. Tamb\u00e9 existeix la possibilitat de triar entre molts cristalls de diversos colors.<\/p>\n<p>\u00a0<\/p>\n<p>Les ulleres de nataci\u00f3 Turbo estan fabricades amb la millor mat\u00e8ria primera del mercat: silicona l\u00edquida i altres materials que asseguren una gran resist\u00e8ncia al clor i a l&#8217;\u00fas diari.<\/p>\n<p>\u00a0<\/p>\n<p>Si vols evitar tenir els ulls irritats i vermells despr\u00e9s d&#8217;una sessi\u00f3 d&#8217;entrenament a la piscina, unes ulleres de nataci\u00f3 de qualitat seran una part essencial del teu equip de nataci\u00f3. La comoditat \u00e9s fonamental a l&#8217;hora de realitzar llargs entrenaments.<\/p>\n<p>\u00a0<\/p>\n<p>A Turbo disposem d&#8217;una \u00e0mplia gamma d&#8217;ulleres de piscina per a tot tipus d&#8217;usuaris: nens o adults; aix\u00ed com per a diferents finalitats, ja siguis nedador ocasional o nedador de competici\u00f3 practicant nataci\u00f3 al m\u00e9s alt nivell.<\/p>\n<p>\u00a0<\/p>\n<p>Les millors ulleres de nataci\u00f3 per a nens i adults.<\/p>\n<p>\u00a0<\/p>\n<p>Les nostres ulleres de nataci\u00f3 estan dissenyades amb l&#8217;objectiu d&#8217;oferir comoditat i les millors sensacions en la pr\u00e0ctica de la nataci\u00f3. En la seva fabricaci\u00f3, nom\u00e9s utilitzem els millors materials: lents d&#8217;alta resist\u00e8ncia i muntures de silicona l\u00edquida per garantir el millor ajust, la m\u00e0xima durabilitat i la m\u00e0xima seguretat possible per als esportistes. Totes les nostres ulleres de nataci\u00f3 s\u00f3n resistents al clor i als raigs UVA (SPF +50), per aix\u00f2 els colors s\u00f3n super duradors. A la vegada, les lents estan dissenyades per oferir el m\u00e0xim rang de visibilitat possible.<\/p>\n<p>\u00a0<\/p>\n<p>Provem les nostres ulleres de nataci\u00f3 amb professionals del m\u00f3n de la nataci\u00f3, perqu\u00e8 les utilitzin tant en entrenaments com en competicions i ens donin una opini\u00f3 professional sobre el seu ajust i rendiment. Basant-nos en aquestes proves i els seus comentaris, millorem els nostres models i assolim nivells molt alts de qualitat. Cerquem constantment millorar les nostres ulleres de piscina, aix\u00ed com la resta dels nostres productes, utilitzant sempre la darrera tecnologia.<\/p>\n","protected":false},"excerpt":{"rendered":"<p>Les Ulleres Swans SLG-100M Skyblue Ruby proporcionen confort i un ajust perfecte per a nedadors. Disseny elegant amb protecci\u00f3 UV per a un rendiment superior.<\/p>\n","protected":false},"featured_media":10537,"comment_status":"open","ping_status":"closed","template":"","meta":[],"product_cat":[134,135],"product_tag":[],"brands":[{"id":122,"name":"SWANS","slug":"swans"}],"_links":{"self":[{"href":"https:\/\/crawl.es\/ca\/wp-json\/wp\/v2\/product\/11920"}],"collection":[{"href":"https:\/\/crawl.es\/ca\/wp-json\/wp\/v2\/product"}],"about":[{"href":"https:\/\/crawl.es\/ca\/wp-json\/wp\/v2\/types\/product"}],"replies":[{"embeddable":true,"href":"https:\/\/crawl.es\/ca\/wp-json\/wp\/v2\/comments?post=11920"}],"wp:featuredmedia":[{"embeddable":true,"href":"https:\/\/crawl.es\/ca\/wp-json\/wp\/v2\/media\/10537"}],"wp:attachment":[{"href":"https:\/\/crawl.es\/ca\/wp-json\/wp\/v2\/media?parent=11920"}],"wp:term":[{"taxonomy":"product_cat","embeddable":true,"href":"https:\/\/crawl.es\/ca\/wp-json\/wp\/v2\/product_cat?post=11920"},{"taxonomy":"product_tag","embeddable":true,"href":"https:\/\/crawl.es\/ca\/wp-json\/wp\/v2\/product_tag?post=11920"}],"curies":[{"name":"wp","href":"https:\/\/api.w.org\/{rel}","templated":true}]}}