{"id":11921,"date":"2024-11-13T12:30:16","date_gmt":"2024-11-13T12:30:16","guid":{"rendered":"https:\/\/crawl.es\/producto\/cantimplora-dhidratacio-arena-crawl\/"},"modified":"2024-11-13T12:30:16","modified_gmt":"2024-11-13T12:30:16","slug":"cantimplora-dhidratacio-arena-crawl","status":"publish","type":"product","link":"https:\/\/crawl.es\/ca\/producto\/cantimplora-dhidratacio-arena-crawl\/","title":{"rendered":"Cantimplora d&#8217;hidrataci\u00f3 Arena | Crawl"},"content":{"rendered":"<p>La Botella d&#8217;Hidrataci\u00f3 Arena \u00e9s ideal per mantenir-te hidratat durant els teus entrenaments. Lleugera, resistent i f\u00e0cil d&#8217;usar. Perfecta per a nedadors!<\/p>\n","protected":false},"excerpt":{"rendered":"<p>La Botella d&#8217;Hidrataci\u00f3 Arena \u00e9s ideal per mantenir-te hidratat durant els teus entrenaments. Lleugera, resistent i f\u00e0cil d&#8217;usar. Perfecta per a nedadors!<\/p>\n","protected":false},"featured_media":10528,"comment_status":"open","ping_status":"closed","template":"","meta":[],"product_cat":[134,139],"product_tag":[],"brands":[{"id":312,"name":"ARENA","slug":"arena"}],"_links":{"self":[{"href":"https:\/\/crawl.es\/ca\/wp-json\/wp\/v2\/product\/11921"}],"collection":[{"href":"https:\/\/crawl.es\/ca\/wp-json\/wp\/v2\/product"}],"about":[{"href":"https:\/\/crawl.es\/ca\/wp-json\/wp\/v2\/types\/product"}],"replies":[{"embeddable":true,"href":"https:\/\/crawl.es\/ca\/wp-json\/wp\/v2\/comments?post=11921"}],"wp:featuredmedia":[{"embeddable":true,"href":"https:\/\/crawl.es\/ca\/wp-json\/wp\/v2\/media\/10528"}],"wp:attachment":[{"href":"https:\/\/crawl.es\/ca\/wp-json\/wp\/v2\/media?parent=11921"}],"wp:term":[{"taxonomy":"product_cat","embeddable":true,"href":"https:\/\/crawl.es\/ca\/wp-json\/wp\/v2\/product_cat?post=11921"},{"taxonomy":"product_tag","embeddable":true,"href":"https:\/\/crawl.es\/ca\/wp-json\/wp\/v2\/product_tag?post=11921"}],"curies":[{"name":"wp","href":"https:\/\/api.w.org\/{rel}","templated":true}]}}