{"id":11924,"date":"2024-11-13T12:19:30","date_gmt":"2024-11-13T12:19:30","guid":{"rendered":"https:\/\/crawl.es\/producto\/estoig-ulleres-natacio-speedo-vermell-proteccio-i-estil-crawl\/"},"modified":"2024-11-13T12:19:30","modified_gmt":"2024-11-13T12:19:30","slug":"estoig-ulleres-natacio-speedo-vermell-proteccio-i-estil-crawl","status":"publish","type":"product","link":"https:\/\/crawl.es\/ca\/producto\/estoig-ulleres-natacio-speedo-vermell-proteccio-i-estil-crawl\/","title":{"rendered":"Estoig Ulleres Nataci\u00f3 Speedo Vermell | Protecci\u00f3 i Estil | Crawl"},"content":{"rendered":"<p>Descobreix l&#8217;estoig per a ulleres de nataci\u00f3 Speedo OnesZ de color vermell, l&#8217;accessori perfecte per protegir i portar les teves ulleres de nataci\u00f3 amb estil i seguretat.<\/p>\n","protected":false},"excerpt":{"rendered":"<p>L&#8217;estoig per a ulleres de nataci\u00f3 Speedo vermell garanteix protecci\u00f3 i durabilitat. Ideal per portar les teves ulleres amb seguretat. Perfecte per a nedadors exigents.<\/p>\n","protected":false},"featured_media":10517,"comment_status":"open","ping_status":"closed","template":"","meta":[],"product_cat":[134,139],"product_tag":[],"brands":[{"id":307,"name":"Speedo","slug":"speedo"}],"_links":{"self":[{"href":"https:\/\/crawl.es\/ca\/wp-json\/wp\/v2\/product\/11924"}],"collection":[{"href":"https:\/\/crawl.es\/ca\/wp-json\/wp\/v2\/product"}],"about":[{"href":"https:\/\/crawl.es\/ca\/wp-json\/wp\/v2\/types\/product"}],"replies":[{"embeddable":true,"href":"https:\/\/crawl.es\/ca\/wp-json\/wp\/v2\/comments?post=11924"}],"wp:featuredmedia":[{"embeddable":true,"href":"https:\/\/crawl.es\/ca\/wp-json\/wp\/v2\/media\/10517"}],"wp:attachment":[{"href":"https:\/\/crawl.es\/ca\/wp-json\/wp\/v2\/media?parent=11924"}],"wp:term":[{"taxonomy":"product_cat","embeddable":true,"href":"https:\/\/crawl.es\/ca\/wp-json\/wp\/v2\/product_cat?post=11924"},{"taxonomy":"product_tag","embeddable":true,"href":"https:\/\/crawl.es\/ca\/wp-json\/wp\/v2\/product_tag?post=11924"}],"curies":[{"name":"wp","href":"https:\/\/api.w.org\/{rel}","templated":true}]}}