{"id":11925,"date":"2024-11-13T12:15:29","date_gmt":"2024-11-13T12:15:29","guid":{"rendered":"https:\/\/crawl.es\/producto\/estoig-ulleres-de-natacio-speedo-blau-alta-proteccio-crawl\/"},"modified":"2024-11-13T12:15:29","modified_gmt":"2024-11-13T12:15:29","slug":"estoig-ulleres-de-natacio-speedo-blau-alta-proteccio-crawl","status":"publish","type":"product","link":"https:\/\/crawl.es\/ca\/producto\/estoig-ulleres-de-natacio-speedo-blau-alta-proteccio-crawl\/","title":{"rendered":"Estoig Ulleres de Nataci\u00f3 Speedo Blau | Alta Protecci\u00f3 | Crawl"},"content":{"rendered":"<p>Descobreix l&#8217;estoig per a ulleres de nataci\u00f3 Speedo OnesZ de color blau, l&#8217;accessori perfecte per protegir i portar les teves ulleres de nataci\u00f3 amb estil i seguretat.<\/p>\n","protected":false},"excerpt":{"rendered":"<p>L&#8217;estoig Speedo blau mant\u00e9 les teves ulleres de nataci\u00f3 protegides. Resist\u00e8ncia i compacta, ideal per a nedadors que busquen comoditat i seguretat en els seus entrenaments.<\/p>\n","protected":false},"featured_media":16835,"comment_status":"open","ping_status":"closed","template":"","meta":[],"product_cat":[134,139],"product_tag":[],"brands":[{"id":307,"name":"Speedo","slug":"speedo"}],"_links":{"self":[{"href":"https:\/\/crawl.es\/ca\/wp-json\/wp\/v2\/product\/11925"}],"collection":[{"href":"https:\/\/crawl.es\/ca\/wp-json\/wp\/v2\/product"}],"about":[{"href":"https:\/\/crawl.es\/ca\/wp-json\/wp\/v2\/types\/product"}],"replies":[{"embeddable":true,"href":"https:\/\/crawl.es\/ca\/wp-json\/wp\/v2\/comments?post=11925"}],"wp:featuredmedia":[{"embeddable":true,"href":"https:\/\/crawl.es\/ca\/wp-json\/wp\/v2\/media\/16835"}],"wp:attachment":[{"href":"https:\/\/crawl.es\/ca\/wp-json\/wp\/v2\/media?parent=11925"}],"wp:term":[{"taxonomy":"product_cat","embeddable":true,"href":"https:\/\/crawl.es\/ca\/wp-json\/wp\/v2\/product_cat?post=11925"},{"taxonomy":"product_tag","embeddable":true,"href":"https:\/\/crawl.es\/ca\/wp-json\/wp\/v2\/product_tag?post=11925"}],"curies":[{"name":"wp","href":"https:\/\/api.w.org\/{rel}","templated":true}]}}