{"id":11926,"date":"2024-11-13T12:10:36","date_gmt":"2024-11-13T12:10:36","guid":{"rendered":"https:\/\/crawl.es\/producto\/estoig-ulleres-natacio-speedo-groc-protegeix-les-teves-ulleres-crawl\/"},"modified":"2024-11-13T12:10:36","modified_gmt":"2024-11-13T12:10:36","slug":"estoig-ulleres-natacio-speedo-groc-protegeix-les-teves-ulleres-crawl","status":"publish","type":"product","link":"https:\/\/crawl.es\/ca\/producto\/estoig-ulleres-natacio-speedo-groc-protegeix-les-teves-ulleres-crawl\/","title":{"rendered":"Estoig Ulleres Nataci\u00f3 Speedo Groc | Protegeix les teves Ulleres | Crawl"},"content":{"rendered":"<p>Mant\u00e9n les teves ulleres de nataci\u00f3 en perfecte estat amb l&#8217;estoig Speedo OnesZ de color groc, dissenyat per proporcionar la m\u00e0xima protecci\u00f3 i estil en cada sessi\u00f3 de nataci\u00f3.<\/p>\n","protected":false},"excerpt":{"rendered":"<p>Protegeix les teves ulleres de nataci\u00f3 amb l&#8217;estoig Speedo verd. Resist\u00e8ncia, lleuger i ideal per a entrenaments. Mant\u00e9n les teves ulleres segures amb estil.<\/p>\n","protected":false},"featured_media":10505,"comment_status":"open","ping_status":"closed","template":"","meta":[],"product_cat":[134,139],"product_tag":[],"brands":[{"id":307,"name":"Speedo","slug":"speedo"}],"_links":{"self":[{"href":"https:\/\/crawl.es\/ca\/wp-json\/wp\/v2\/product\/11926"}],"collection":[{"href":"https:\/\/crawl.es\/ca\/wp-json\/wp\/v2\/product"}],"about":[{"href":"https:\/\/crawl.es\/ca\/wp-json\/wp\/v2\/types\/product"}],"replies":[{"embeddable":true,"href":"https:\/\/crawl.es\/ca\/wp-json\/wp\/v2\/comments?post=11926"}],"wp:featuredmedia":[{"embeddable":true,"href":"https:\/\/crawl.es\/ca\/wp-json\/wp\/v2\/media\/10505"}],"wp:attachment":[{"href":"https:\/\/crawl.es\/ca\/wp-json\/wp\/v2\/media?parent=11926"}],"wp:term":[{"taxonomy":"product_cat","embeddable":true,"href":"https:\/\/crawl.es\/ca\/wp-json\/wp\/v2\/product_cat?post=11926"},{"taxonomy":"product_tag","embeddable":true,"href":"https:\/\/crawl.es\/ca\/wp-json\/wp\/v2\/product_tag?post=11926"}],"curies":[{"name":"wp","href":"https:\/\/api.w.org\/{rel}","templated":true}]}}