{"id":11928,"date":"2024-11-13T11:49:57","date_gmt":"2024-11-13T11:49:57","guid":{"rendered":"https:\/\/crawl.es\/producto\/bido-speedo-groc-1-litre-hidratacio-per-a-nedadors-crawl\/"},"modified":"2024-11-13T11:49:57","modified_gmt":"2024-11-13T11:49:57","slug":"bido-speedo-groc-1-litre-hidratacio-per-a-nedadors-crawl","status":"publish","type":"product","link":"https:\/\/crawl.es\/ca\/producto\/bido-speedo-groc-1-litre-hidratacio-per-a-nedadors-crawl\/","title":{"rendered":"Bid\u00f3 Speedo Groc 1 Litre | Hidrataci\u00f3 per a Nedadors | Crawl"},"content":{"rendered":"<p>Aquesta ampolla d&#8217;aigua de Speedo t\u00e9 una capacitat per a 1 litre de l\u00edquid, garantint que et mantinguis hidratat durant les teves sessions d&#8217;entrenament. Disponible en dos colors, negre\/blanc i blau\/blanc, presenta el logotip de Speedo al lateral de l&#8217;ampolla. Ideal per guardar-la al costat de la piscina entre s\u00e8ries de nataci\u00f3, t\u00e9 un disseny ergon\u00f2mic i f\u00e0cil de subjectar amb un lateral texturitzat i una tapa amb v\u00e0lvula unidireccional per evitar vessaments. Fabricada en part amb materials d&#8217;origen biol\u00f2gic: el cos de l&#8217;ampolla est\u00e0 fet 100 % de canya de sucre.<\/p>\n<p>\u00a0<\/p>\n<p>CARACTER\u00cdSTIQUES<\/p>\n<p>\u00a0<\/p>\n<p>&#8211; Capacitat de 1 litre: major capacitat per a sessions d&#8217;entrenament m\u00e9s llargues.<\/p>\n<p>&#8211; Materials d&#8217;origen biol\u00f2gic: cos de l&#8217;ampolla fabricat a partir de canya de sucre.<\/p>\n<p>&#8211; Anell de subjecci\u00f3 i textura de subjecci\u00f3 lateral: per facilitar-ne l&#8217;\u00fas al costat de la piscina durant les sessions de nataci\u00f3.<\/p>\n<p>&#8211; Tapa autom\u00e0tica: v\u00e0lvula unidireccional per beure f\u00e0cilment sense vessar.<\/p>\n","protected":false},"excerpt":{"rendered":"<p>El bid\u00f3 Speedo groc de 1 litre (REF: 800379510835) \u00e9s perfecte per mantenir-te hidratat durant els teus entrenaments de nataci\u00f3. Resist\u00e8ncia i pr\u00e0ctic.<\/p>\n<p>\u00a0<\/p>\n","protected":false},"featured_media":10486,"comment_status":"open","ping_status":"closed","template":"","meta":[],"product_cat":[134,139],"product_tag":[],"brands":[{"id":307,"name":"Speedo","slug":"speedo"}],"_links":{"self":[{"href":"https:\/\/crawl.es\/ca\/wp-json\/wp\/v2\/product\/11928"}],"collection":[{"href":"https:\/\/crawl.es\/ca\/wp-json\/wp\/v2\/product"}],"about":[{"href":"https:\/\/crawl.es\/ca\/wp-json\/wp\/v2\/types\/product"}],"replies":[{"embeddable":true,"href":"https:\/\/crawl.es\/ca\/wp-json\/wp\/v2\/comments?post=11928"}],"wp:featuredmedia":[{"embeddable":true,"href":"https:\/\/crawl.es\/ca\/wp-json\/wp\/v2\/media\/10486"}],"wp:attachment":[{"href":"https:\/\/crawl.es\/ca\/wp-json\/wp\/v2\/media?parent=11928"}],"wp:term":[{"taxonomy":"product_cat","embeddable":true,"href":"https:\/\/crawl.es\/ca\/wp-json\/wp\/v2\/product_cat?post=11928"},{"taxonomy":"product_tag","embeddable":true,"href":"https:\/\/crawl.es\/ca\/wp-json\/wp\/v2\/product_tag?post=11928"}],"curies":[{"name":"wp","href":"https:\/\/api.w.org\/{rel}","templated":true}]}}