{"id":11929,"date":"2024-11-13T11:44:39","date_gmt":"2024-11-13T11:44:39","guid":{"rendered":"https:\/\/crawl.es\/producto\/bido-speedo-negre-1-litre-hidratacio-per-a-entrenaments-crawl\/"},"modified":"2024-11-13T11:44:39","modified_gmt":"2024-11-13T11:44:39","slug":"bido-speedo-negre-1-litre-hidratacio-per-a-entrenaments-crawl","status":"publish","type":"product","link":"https:\/\/crawl.es\/ca\/producto\/bido-speedo-negre-1-litre-hidratacio-per-a-entrenaments-crawl\/","title":{"rendered":"Bid\u00f3 Speedo Negre 1 Litre | Hidrataci\u00f3 per a Entrenaments | Crawl"},"content":{"rendered":"<p>Mant\u00e9n-te hidratat durant llargues sessions d&#8217;entrenament amb la nostra nova ampolla d&#8217;aigua d&#8217;1 litre. Perfecta per guardar-la al costat de la piscina entre entrenaments, presenta un disseny ergon\u00f2mic i c\u00f2mode de subjectar amb un costat texturitzat i una tapa amb v\u00e0lvula unidireccional per evitar vessaments. Parcialment fabricada amb materials biol\u00f2gics: el cos de l&#8217;ampolla est\u00e0 fet 100 % de canya de sucre.<\/p>\n<p>\u00a0<\/p>\n<p>Capacitat 1 litre<\/p>\n<p>Materials d&#8217;origen biol\u00f2gic: cos de l&#8217;ampolla d&#8217;aigua fabricat amb canya de sucre.<\/p>\n<p>Anell de subjecci\u00f3 i textura de subjecci\u00f3 lateral: nanses funcionals per a un \u00fas f\u00e0cil al costat de la piscina<\/p>\n<p>Tapa autom\u00e0tica: la v\u00e0lvula unidireccional permet beure f\u00e0cilment sense vessar.<\/p>\n<p>\u00a0<\/p>\n<p>Composici\u00f3:<\/p>\n<p>&#8211; Cos: 100% polietil\u00e8 d&#8217;origen vegetal (canya de sucre)<\/p>\n<p>&#8211; Tapa autom\u00e0tica: PP<\/p>\n<p>&#8211; V\u00e0lvula: Silicona<\/p>\n<p>&#8211; Sello: escuma de PE<\/p>\n","protected":false},"excerpt":{"rendered":"<p>El bid\u00f3 Speedo negre d&#8217;1 litre (REF: 800379510835) \u00e9s ideal per a nedadors. Perfecte per als entrenaments, resistent i f\u00e0cil de transportar.<\/p>\n","protected":false},"featured_media":10488,"comment_status":"open","ping_status":"closed","template":"","meta":[],"product_cat":[134,139],"product_tag":[],"brands":[{"id":307,"name":"Speedo","slug":"speedo"}],"_links":{"self":[{"href":"https:\/\/crawl.es\/ca\/wp-json\/wp\/v2\/product\/11929"}],"collection":[{"href":"https:\/\/crawl.es\/ca\/wp-json\/wp\/v2\/product"}],"about":[{"href":"https:\/\/crawl.es\/ca\/wp-json\/wp\/v2\/types\/product"}],"replies":[{"embeddable":true,"href":"https:\/\/crawl.es\/ca\/wp-json\/wp\/v2\/comments?post=11929"}],"wp:featuredmedia":[{"embeddable":true,"href":"https:\/\/crawl.es\/ca\/wp-json\/wp\/v2\/media\/10488"}],"wp:attachment":[{"href":"https:\/\/crawl.es\/ca\/wp-json\/wp\/v2\/media?parent=11929"}],"wp:term":[{"taxonomy":"product_cat","embeddable":true,"href":"https:\/\/crawl.es\/ca\/wp-json\/wp\/v2\/product_cat?post=11929"},{"taxonomy":"product_tag","embeddable":true,"href":"https:\/\/crawl.es\/ca\/wp-json\/wp\/v2\/product_tag?post=11929"}],"curies":[{"name":"wp","href":"https:\/\/api.w.org\/{rel}","templated":true}]}}