{"id":11931,"date":"2024-11-12T11:46:33","date_gmt":"2024-11-12T11:46:33","guid":{"rendered":"https:\/\/crawl.es\/producto\/guants-de-entrenamiento-para-mujer-adidas-confort-y-durabilidad\/"},"modified":"2024-11-12T11:46:33","modified_gmt":"2024-11-12T11:46:33","slug":"guants-de-entrenamiento-para-mujer-adidas-confort-y-durabilidad","status":"publish","type":"product","link":"https:\/\/crawl.es\/ca\/producto\/guants-de-entrenamiento-para-mujer-adidas-confort-y-durabilidad\/","title":{"rendered":"Guants d&#8217;Entrenament per a Dones Adidas | Confort i Durabilitat | CRAWL"},"content":{"rendered":"<p>Mida: 5,7 x 3,3 x 1,0 polzades (14,5 x 8,5 x 2,5 cm); circumfer\u00e8ncia de la m\u00e0: 7,1 &#8211; 7,5 polzades (18 &#8211; 19 cm)<\/p>\n<p>Material: poli\u00e8ster, elast\u00e0<\/p>\n<p>Caracter\u00edstica 1: La coixinera en la zona de contacte de la palma redueix la irritaci\u00f3 i el disseny de silicona proporciona un agarre ferm.<\/p>\n<p>Caracter\u00edstica 2: El disseny obert a l&#8217;esquena de la m\u00e0 et mant\u00e9 fresc.<\/p>\n","protected":false},"excerpt":{"rendered":"<p>Els guants d&#8217;entrenament per a dones Adidas ofereixen la m\u00e0xima comoditat i suport en cada sessi\u00f3. Dissenyats per millorar el rendiment i la protecci\u00f3 en els teus entrenaments.<\/p>\n","protected":false},"featured_media":10442,"comment_status":"open","ping_status":"closed","template":"","meta":[],"product_cat":[134,139,144],"product_tag":[],"brands":[{"id":403,"name":"Adidas","slug":"adidas"}],"_links":{"self":[{"href":"https:\/\/crawl.es\/ca\/wp-json\/wp\/v2\/product\/11931"}],"collection":[{"href":"https:\/\/crawl.es\/ca\/wp-json\/wp\/v2\/product"}],"about":[{"href":"https:\/\/crawl.es\/ca\/wp-json\/wp\/v2\/types\/product"}],"replies":[{"embeddable":true,"href":"https:\/\/crawl.es\/ca\/wp-json\/wp\/v2\/comments?post=11931"}],"wp:featuredmedia":[{"embeddable":true,"href":"https:\/\/crawl.es\/ca\/wp-json\/wp\/v2\/media\/10442"}],"wp:attachment":[{"href":"https:\/\/crawl.es\/ca\/wp-json\/wp\/v2\/media?parent=11931"}],"wp:term":[{"taxonomy":"product_cat","embeddable":true,"href":"https:\/\/crawl.es\/ca\/wp-json\/wp\/v2\/product_cat?post=11931"},{"taxonomy":"product_tag","embeddable":true,"href":"https:\/\/crawl.es\/ca\/wp-json\/wp\/v2\/product_tag?post=11931"}],"curies":[{"name":"wp","href":"https:\/\/api.w.org\/{rel}","templated":true}]}}