{"id":11938,"date":"2024-11-12T11:16:06","date_gmt":"2024-11-12T11:16:06","guid":{"rendered":"https:\/\/crawl.es\/producto\/guantes-de-entrenamiento-de-fuerza-adidas-crawl\/"},"modified":"2024-11-12T11:16:06","modified_gmt":"2024-11-12T11:16:06","slug":"guantes-de-entrenamiento-de-fuerza-adidas-crawl","status":"publish","type":"product","link":"https:\/\/crawl.es\/ca\/producto\/guantes-de-entrenamiento-de-fuerza-adidas-crawl\/","title":{"rendered":"Guants d&#8217;Entrenament de For\u00e7a Adidas | Crawl"},"content":{"rendered":"<p>Mida: 6,7 x 4,1 x 1,6 polzades (17,0 x 10,5 x 4,0 cm); mida de la circumfer\u00e8ncia de la m\u00e0: 8,5 &#8211; 9,1 polzades (21,5 &#8211; 23 cm)<\/p>\n<p>\u00a0<\/p>\n<p>Material: Material aerodin\u00e0mic amb absorci\u00f3 de la suor, assecat r\u00e0pid, permeabilitat a la humitat i retenci\u00f3 de la calor. *Poli\u00e8ster, elast\u00e0, poliuret\u00e0.<\/p>\n<p>\u00a0<\/p>\n<p>Caracter\u00edstica 1: Protector de dits per cobrir la torsi\u00f3 entre el dit del mig i l&#8217;anular, i el polze est\u00e0 dissenyat amb tela de tovallola absorbent.<\/p>\n<p>\u00a0<\/p>\n<p>Caracter\u00edstica 2: Assegura el teu canell amb muscleres, zones de contacte encoixinades a la palma per reduir la irritaci\u00f3 i millorar el subjecci\u00f3.<\/p>\n","protected":false},"excerpt":{"rendered":"<p>Guants Adidas d&#8217;entrenament de for\u00e7a amb protecci\u00f3 per als dits i canells. Material transpirable, absorbent i de secat r\u00e0pid per a m\u00e9s comoditat. Ideal per a exercicis intensos i peses.<\/p>\n","protected":false},"featured_media":10403,"comment_status":"open","ping_status":"closed","template":"","meta":[],"product_cat":[134,139,144],"product_tag":[],"brands":[{"id":403,"name":"Adidas","slug":"adidas"}],"_links":{"self":[{"href":"https:\/\/crawl.es\/ca\/wp-json\/wp\/v2\/product\/11938"}],"collection":[{"href":"https:\/\/crawl.es\/ca\/wp-json\/wp\/v2\/product"}],"about":[{"href":"https:\/\/crawl.es\/ca\/wp-json\/wp\/v2\/types\/product"}],"replies":[{"embeddable":true,"href":"https:\/\/crawl.es\/ca\/wp-json\/wp\/v2\/comments?post=11938"}],"wp:featuredmedia":[{"embeddable":true,"href":"https:\/\/crawl.es\/ca\/wp-json\/wp\/v2\/media\/10403"}],"wp:attachment":[{"href":"https:\/\/crawl.es\/ca\/wp-json\/wp\/v2\/media?parent=11938"}],"wp:term":[{"taxonomy":"product_cat","embeddable":true,"href":"https:\/\/crawl.es\/ca\/wp-json\/wp\/v2\/product_cat?post=11938"},{"taxonomy":"product_tag","embeddable":true,"href":"https:\/\/crawl.es\/ca\/wp-json\/wp\/v2\/product_tag?post=11938"}],"curies":[{"name":"wp","href":"https:\/\/api.w.org\/{rel}","templated":true}]}}