{"id":11940,"date":"2024-11-12T11:09:02","date_gmt":"2024-11-12T11:09:02","guid":{"rendered":"https:\/\/crawl.es\/producto\/guants-dentrenament-adidas-crawl\/"},"modified":"2024-11-12T11:09:02","modified_gmt":"2024-11-12T11:09:02","slug":"guants-dentrenament-adidas-crawl","status":"publish","type":"product","link":"https:\/\/crawl.es\/ca\/producto\/guants-dentrenament-adidas-crawl\/","title":{"rendered":"Guants d&#8217;Entrenament Adidas | Crawl"},"content":{"rendered":"<p>Els guants d&#8217;entrenament Adidas Eqp Essential Training Gloves &#8211; G s\u00f3n accessoris unisex dissenyats per millorar l&#8217;adher\u00e8ncia i la protecci\u00f3 durant els entrenaments. La malla transpirable mant\u00e9 les mans fresques, mentre que la palma de cuir sint\u00e8tic ofereix m\u00e9s durabilitat i resist\u00e8ncia al desgast.<\/p>\n<p>\u00a0<\/p>\n<p>Caracter\u00edstiques:<\/p>\n<p>\u00a0<\/p>\n<p>&#8211; Guants unisex per a entrenament<\/p>\n<p>&#8211; Malla transpirable per mantenir les mans fresques<\/p>\n<p>&#8211; Palma de cuir sint\u00e8tic per a m\u00e9s durabilitat<\/p>\n<p>&#8211; Tancament de velcro ajustable per a un ajust segur<\/p>\n","protected":false},"excerpt":{"rendered":"<p>Guants Adidas unisex per a entrenament amb malla transpirable, palma de cuir sint\u00e8tic i tancament ajustable. Ideal per millorar l&#8217;adher\u00e8ncia i la protecci\u00f3 durant els teus entrenaments.<\/p>\n","protected":false},"featured_media":10383,"comment_status":"open","ping_status":"closed","template":"","meta":[],"product_cat":[134,139,144],"product_tag":[],"brands":[{"id":403,"name":"Adidas","slug":"adidas"}],"_links":{"self":[{"href":"https:\/\/crawl.es\/ca\/wp-json\/wp\/v2\/product\/11940"}],"collection":[{"href":"https:\/\/crawl.es\/ca\/wp-json\/wp\/v2\/product"}],"about":[{"href":"https:\/\/crawl.es\/ca\/wp-json\/wp\/v2\/types\/product"}],"replies":[{"embeddable":true,"href":"https:\/\/crawl.es\/ca\/wp-json\/wp\/v2\/comments?post=11940"}],"wp:featuredmedia":[{"embeddable":true,"href":"https:\/\/crawl.es\/ca\/wp-json\/wp\/v2\/media\/10383"}],"wp:attachment":[{"href":"https:\/\/crawl.es\/ca\/wp-json\/wp\/v2\/media?parent=11940"}],"wp:term":[{"taxonomy":"product_cat","embeddable":true,"href":"https:\/\/crawl.es\/ca\/wp-json\/wp\/v2\/product_cat?post=11940"},{"taxonomy":"product_tag","embeddable":true,"href":"https:\/\/crawl.es\/ca\/wp-json\/wp\/v2\/product_tag?post=11940"}],"curies":[{"name":"wp","href":"https:\/\/api.w.org\/{rel}","templated":true}]}}