{"id":11944,"date":"2024-11-12T10:40:53","date_gmt":"2024-11-12T10:40:53","guid":{"rendered":"https:\/\/crawl.es\/producto\/guantes-de-entrenamiento-para-mujer-adidas-crawl\/"},"modified":"2024-11-12T10:40:53","modified_gmt":"2024-11-12T10:40:53","slug":"guantes-de-entrenamiento-para-mujer-adidas-crawl","status":"publish","type":"product","link":"https:\/\/crawl.es\/ca\/producto\/guantes-de-entrenamiento-para-mujer-adidas-crawl\/","title":{"rendered":"Guants d&#8217;Entrenament per a Dones Adidas | Crawl"},"content":{"rendered":"<p>La construcci\u00f3 de material transpirable et mant\u00e9 fresc i sec. Dissenyat per protegir les teves mans mentre millora el rendiment. Ideal per a tot tipus d&#8217;entrenament, incl\u00f2s l&#8217;aixecament de peses i la cal\u00b7list\u00e8nia. El disseny obert promou la transpirabilitat per mantenir-te fresc. Les c\u00f2modes corretges el\u00e0stiques garanteixen un ajust segur. El simple tancament de velcro es col\u00b7loca al canell.<\/p>\n<p>\u00a0<\/p>\n<p>La construcci\u00f3 de material de lycra ofereix un rendiment resistent. Les zones de contacte clau encoixinades garanteixen una major comoditat i protecci\u00f3. La cobertura total de la palma protegeix contra callositats i butllofes. Els detalls impresos de silicona a la palma maximitzen l&#8217;adher\u00e8ncia. El c\u00f2mode folre interior de tela ofereix una sensaci\u00f3 agradable per a la m\u00e0. Disponible en mides des de petit fins a extra gran.<\/p>\n","protected":false},"excerpt":{"rendered":"<p>Guants Adidas per a dona, dissenyats per oferir suport i comoditat en entrenaments. Materials duradors, disseny transpirable i tancament ajustable. Perfectes per al teu rendiment.<\/p>\n","protected":false},"featured_media":10349,"comment_status":"open","ping_status":"closed","template":"","meta":[],"product_cat":[134,139,144],"product_tag":[],"brands":[{"id":403,"name":"Adidas","slug":"adidas"}],"_links":{"self":[{"href":"https:\/\/crawl.es\/ca\/wp-json\/wp\/v2\/product\/11944"}],"collection":[{"href":"https:\/\/crawl.es\/ca\/wp-json\/wp\/v2\/product"}],"about":[{"href":"https:\/\/crawl.es\/ca\/wp-json\/wp\/v2\/types\/product"}],"replies":[{"embeddable":true,"href":"https:\/\/crawl.es\/ca\/wp-json\/wp\/v2\/comments?post=11944"}],"wp:featuredmedia":[{"embeddable":true,"href":"https:\/\/crawl.es\/ca\/wp-json\/wp\/v2\/media\/10349"}],"wp:attachment":[{"href":"https:\/\/crawl.es\/ca\/wp-json\/wp\/v2\/media?parent=11944"}],"wp:term":[{"taxonomy":"product_cat","embeddable":true,"href":"https:\/\/crawl.es\/ca\/wp-json\/wp\/v2\/product_cat?post=11944"},{"taxonomy":"product_tag","embeddable":true,"href":"https:\/\/crawl.es\/ca\/wp-json\/wp\/v2\/product_tag?post=11944"}],"curies":[{"name":"wp","href":"https:\/\/api.w.org\/{rel}","templated":true}]}}