{"id":11947,"date":"2024-11-12T10:23:53","date_gmt":"2024-11-12T10:23:53","guid":{"rendered":"https:\/\/crawl.es\/producto\/calcetines-de-yoga-adidas-agarre-y-comodidad-crawl\/"},"modified":"2024-11-12T10:23:53","modified_gmt":"2024-11-12T10:23:53","slug":"calcetines-de-yoga-adidas-agarre-y-comodidad-crawl","status":"publish","type":"product","link":"https:\/\/crawl.es\/ca\/producto\/calcetines-de-yoga-adidas-agarre-y-comodidad-crawl\/","title":{"rendered":"Mitjons de Ioga Adidas | Adher\u00e8ncia i Comoditat | Crawl"},"content":{"rendered":"<p>Dissenyat per augmentar l&#8217;adher\u00e8ncia per a postures de ioga m\u00e9s fortes. Ideal per a entrenaments m\u00e9s higi\u00e8nics tant a classe com a casa.<\/p>\n<p>Confeccionat en 100% cot\u00f3 teixit amb tira de poli\u00e8ster el\u00e0stic.<\/p>\n<p>F\u00e0cil de rentar a m\u00e0 despr\u00e9s de la pr\u00e0ctica i r\u00e0pid d&#8217;assecar a l&#8217;aire.<\/p>\n<p>Els punts d&#8217;adher\u00e8ncia de goma a la sola del mitj\u00f3 maximitzen el contacte amb el terra i la tracci\u00f3.<\/p>\n<p>La silueta de mitj\u00f3 de curaci\u00f3 completa ajuda encara m\u00e9s a mantenir els mitjons al seu lloc.<\/p>\n","protected":false},"excerpt":{"rendered":"<p>Mitjons de Ioga Adidas amb punts de goma per a millor adher\u00e8ncia i tracci\u00f3. Fets de cot\u00f3 i poli\u00e8ster el\u00e0stic, ideals per a entrenaments higi\u00e8nics. F\u00e0cils de rentar i mantenir.<\/p>\n","protected":false},"featured_media":10346,"comment_status":"open","ping_status":"closed","template":"","meta":[],"product_cat":[134,139,144],"product_tag":[],"brands":[{"id":403,"name":"Adidas","slug":"adidas"}],"_links":{"self":[{"href":"https:\/\/crawl.es\/ca\/wp-json\/wp\/v2\/product\/11947"}],"collection":[{"href":"https:\/\/crawl.es\/ca\/wp-json\/wp\/v2\/product"}],"about":[{"href":"https:\/\/crawl.es\/ca\/wp-json\/wp\/v2\/types\/product"}],"replies":[{"embeddable":true,"href":"https:\/\/crawl.es\/ca\/wp-json\/wp\/v2\/comments?post=11947"}],"wp:featuredmedia":[{"embeddable":true,"href":"https:\/\/crawl.es\/ca\/wp-json\/wp\/v2\/media\/10346"}],"wp:attachment":[{"href":"https:\/\/crawl.es\/ca\/wp-json\/wp\/v2\/media?parent=11947"}],"wp:term":[{"taxonomy":"product_cat","embeddable":true,"href":"https:\/\/crawl.es\/ca\/wp-json\/wp\/v2\/product_cat?post=11947"},{"taxonomy":"product_tag","embeddable":true,"href":"https:\/\/crawl.es\/ca\/wp-json\/wp\/v2\/product_tag?post=11947"}],"curies":[{"name":"wp","href":"https:\/\/api.w.org\/{rel}","templated":true}]}}