{"id":11950,"date":"2024-11-12T09:48:44","date_gmt":"2024-11-12T09:48:44","guid":{"rendered":"https:\/\/crawl.es\/producto\/reforc-de-genoll-adidas-suport-i-flexibilitat-crawl\/"},"modified":"2024-11-12T09:48:44","modified_gmt":"2024-11-12T09:48:44","slug":"reforc-de-genoll-adidas-suport-i-flexibilitat-crawl","status":"publish","type":"product","link":"https:\/\/crawl.es\/ca\/producto\/reforc-de-genoll-adidas-suport-i-flexibilitat-crawl\/","title":{"rendered":"Refor\u00e7 de Genoll Adidas | Suport i Flexibilitat | Crawl"},"content":{"rendered":"<p>GENOLL: Ideal per a usar en tot tipus d&#8217;entrenament o competici\u00f3, la resistent barreja de nil\u00f3 el\u00e0stic est\u00e0 dissenyada per al rendiment i la durabilitat amb teixit transpirable i flexibilitat per a un rang complet de moviment.<\/p>\n<p>\u00a0<\/p>\n<p>Disseny ergon\u00f2mic: el suport de genoll adidas refor\u00e7a l&#8217;articulaci\u00f3 sense restringir el moviment per tal que et puguis sentir suportat i aconseguir els teus objectius de fitness per a entrenaments intensos i competicions. El fort rivet de nil\u00f3 ajuda a mantenir les m\u00e0nigues al seu lloc.<\/p>\n<p>\u00a0<\/p>\n<p>M\u00faltiples usos: ja sigui que utilitzis aquestes genolleres per aixecament de peses, c\u00f3rrer, entrenament de resist\u00e8ncia, estiraments o m\u00e9s, les teves m\u00e0nigues estan dissenyades per a un \u00fas repetit mentre mantenen la comoditat.<\/p>\n<p>\u00a0<\/p>\n<p>Tingues en compte: les mesures s&#8217;han de prendre al voltant del centre de l&#8217;articulaci\u00f3 del genoll. Tenim una gamma de mides disponibles.<\/p>\n<p>Sobre nosaltres: Adidas \u00e9s una marca basada en la passi\u00f3 pels esports i un estil de vida esportiu i crea equips d&#8217;entrenament d&#8217;alt rendiment per a la pista, el camp de joc i el gimn\u00e0s a casa, dissenyats per ajudar als atletes a millorar, m\u00e9s r\u00e0pid i m\u00e9s fort.<\/p>\n<p>\u00a0<\/p>\n<p>Talles:\u00a0<\/p>\n<p>&#8211; S: 28-35 cm<\/p>\n<p>&#8211; M: 35-45 cm<\/p>\n<p>&#8211; L: 45-52 cm<\/p>\n<p>&#8211; XL: 52-62 cm<\/p>\n<p>\u00a0<\/p>\n","protected":false},"excerpt":{"rendered":"<p>Refor\u00e7 de genoll Adidas ideal per a entrenaments i competicions. Teixit el\u00e0stic i transpirable per a la m\u00e0xima flexibilitat. Disponible en diverses mides (S-XL).<\/p>\n<p>REF: ADSU-12422WH.<\/p>\n<p>\u00a0<\/p>\n","protected":false},"featured_media":10328,"comment_status":"open","ping_status":"closed","template":"","meta":[],"product_cat":[134,139],"product_tag":[],"brands":[{"id":403,"name":"Adidas","slug":"adidas"}],"_links":{"self":[{"href":"https:\/\/crawl.es\/ca\/wp-json\/wp\/v2\/product\/11950"}],"collection":[{"href":"https:\/\/crawl.es\/ca\/wp-json\/wp\/v2\/product"}],"about":[{"href":"https:\/\/crawl.es\/ca\/wp-json\/wp\/v2\/types\/product"}],"replies":[{"embeddable":true,"href":"https:\/\/crawl.es\/ca\/wp-json\/wp\/v2\/comments?post=11950"}],"wp:featuredmedia":[{"embeddable":true,"href":"https:\/\/crawl.es\/ca\/wp-json\/wp\/v2\/media\/10328"}],"wp:attachment":[{"href":"https:\/\/crawl.es\/ca\/wp-json\/wp\/v2\/media?parent=11950"}],"wp:term":[{"taxonomy":"product_cat","embeddable":true,"href":"https:\/\/crawl.es\/ca\/wp-json\/wp\/v2\/product_cat?post=11950"},{"taxonomy":"product_tag","embeddable":true,"href":"https:\/\/crawl.es\/ca\/wp-json\/wp\/v2\/product_tag?post=11950"}],"curies":[{"name":"wp","href":"https:\/\/api.w.org\/{rel}","templated":true}]}}