{"id":11953,"date":"2024-11-12T09:46:50","date_gmt":"2024-11-12T09:46:50","guid":{"rendered":"https:\/\/crawl.es\/producto\/reforc-de-turmell-adidas-suport-i-comoditat-crawl\/"},"modified":"2024-11-12T09:46:50","modified_gmt":"2024-11-12T09:46:50","slug":"reforc-de-turmell-adidas-suport-i-comoditat-crawl","status":"publish","type":"product","link":"https:\/\/crawl.es\/ca\/producto\/reforc-de-turmell-adidas-suport-i-comoditat-crawl\/","title":{"rendered":"Refor\u00e7 de Turmell Adidas | Suport i Comoditat | Crawl"},"content":{"rendered":"<p>M\u00e0niga de turmell: Ideal per a usar en tot tipus d&#8217;entrenament o competici\u00f3, el resistent rivet de nil\u00f3 el\u00e0stic est\u00e0 dissenyat per al rendiment i la durabilitat amb tela transpirable i flexibilitat per a un rang complet de moviment.<\/p>\n<p>\u00a0<\/p>\n<p>Disseny ergon\u00f2mic: el maniguet de suport de turmell Adidas ajuda a refor\u00e7ar el turmell sense restringir el moviment per tal que et puguis sentir suportat per aconseguir els teus objectius de fitness per a entrenaments intensos i competicions. El fort rivet de nil\u00f3 ajuda a mantenir el maniguet al seu lloc.<\/p>\n<p>\u00a0<\/p>\n<p>Comoditat amb durabilitat: el disseny de punt circular sense costures del maniguet de compressi\u00f3 del peu combina comoditat amb durabilitat adaptada per a un \u00fas repetit. El disseny de compressi\u00f3 ajuda a refor\u00e7ar el turmell per a m\u00e9s resist\u00e8ncia. Tingues en compte: les mesures s&#8217;han de prendre al voltant de l&#8217;articulaci\u00f3 del turmell.<\/p>\n<p>\u00a0<\/p>\n<p>Sobre nosaltres: Adidas \u00e9s una marca basada en la passi\u00f3 pels esports i un estil de vida esportiu i crea equips d&#8217;entrenament d&#8217;alt rendiment per a la pista, el camp de joc i el gimn\u00e0s a casa, dissenyats per ajudar els atletes a millorar, m\u00e9s r\u00e0pid i m\u00e9s fort.<\/p>\n<p>\u00a0<\/p>\n<p>Talles:\u00a0<\/p>\n<p>&#8211; S: 24-29 cm<\/p>\n<p>&#8211; M: 29-34 cm<\/p>\n<p>&#8211; L: 34-36 cm<\/p>\n<p>&#8211; XL: 36-40 cm<\/p>\n<p>\u00a0<\/p>\n","protected":false},"excerpt":{"rendered":"<p>Refor\u00e7 de turmell Adidas per a entrenament i competici\u00f3. Comoditat i durabilitat amb tela el\u00e0stica i transpirable. Disponible en diverses mides (S-XL).<\/p>\n<p>REF: ADSU-12413WH.<\/p>\n<p>\u00a0<\/p>\n","protected":false},"featured_media":10315,"comment_status":"open","ping_status":"closed","template":"","meta":[],"product_cat":[134,139],"product_tag":[],"brands":[{"id":403,"name":"Adidas","slug":"adidas"}],"_links":{"self":[{"href":"https:\/\/crawl.es\/ca\/wp-json\/wp\/v2\/product\/11953"}],"collection":[{"href":"https:\/\/crawl.es\/ca\/wp-json\/wp\/v2\/product"}],"about":[{"href":"https:\/\/crawl.es\/ca\/wp-json\/wp\/v2\/types\/product"}],"replies":[{"embeddable":true,"href":"https:\/\/crawl.es\/ca\/wp-json\/wp\/v2\/comments?post=11953"}],"wp:featuredmedia":[{"embeddable":true,"href":"https:\/\/crawl.es\/ca\/wp-json\/wp\/v2\/media\/10315"}],"wp:attachment":[{"href":"https:\/\/crawl.es\/ca\/wp-json\/wp\/v2\/media?parent=11953"}],"wp:term":[{"taxonomy":"product_cat","embeddable":true,"href":"https:\/\/crawl.es\/ca\/wp-json\/wp\/v2\/product_cat?post=11953"},{"taxonomy":"product_tag","embeddable":true,"href":"https:\/\/crawl.es\/ca\/wp-json\/wp\/v2\/product_tag?post=11953"}],"curies":[{"name":"wp","href":"https:\/\/api.w.org\/{rel}","templated":true}]}}