{"id":11956,"date":"2024-11-12T09:34:31","date_gmt":"2024-11-12T09:34:31","guid":{"rendered":"https:\/\/crawl.es\/producto\/reforc-de-colze-adidas-suport-i-flexibilitat-crawl\/"},"modified":"2024-11-12T09:34:31","modified_gmt":"2024-11-12T09:34:31","slug":"reforc-de-colze-adidas-suport-i-flexibilitat-crawl","status":"publish","type":"product","link":"https:\/\/crawl.es\/ca\/producto\/reforc-de-colze-adidas-suport-i-flexibilitat-crawl\/","title":{"rendered":"Refor\u00e7 de Colze Adidas | Suport i Flexibilitat | Crawl"},"content":{"rendered":"<p>Suport de colze: dissenyat per al rendiment i la recuperaci\u00f3, els maniguets de compressi\u00f3 de colze adidas t&#8217;ajuden a moure&#8217;t lliurement durant els esports de contacte intens. Usat durant les sessions d&#8217;entrenament, el suport del colze est\u00e0 dissenyat per al refor\u00e7 estrat\u00e8gic i la flexibilitat. Disseny ergon\u00f2mic: el suport de colze Adidas refor\u00e7a el colze sense limitar el moviment per tal que et puguis sentir suportat i aconseguir els teus objectius de fitness per a entrenaments intensos i competicions. El fort rivet de nil\u00f3 ajuda a mantenir els maniguets al seu lloc. M\u00faltiples usos: ideal per a usar en tot tipus d&#8217;entrenament o competici\u00f3, les nostres colzeres tenen una barreja de nil\u00f3 el\u00e0stic resistent que \u00e9s flexible i duradora amb material transpirable per ajudar-te a aconseguir els teus objectius de fitness. Tingues en compte: les mesures s&#8217;han de prendre just per sobre del colze.<\/p>\n<p>\u00a0<\/p>\n<p>Talles:<\/p>\n<p>&#8211; S: 22-25 cm<\/p>\n<p>&#8211; M: 25-28 cm<\/p>\n<p>&#8211; L: 28-31 cm<\/p>\n<p>&#8211; XL: 31-35 cm<\/p>\n","protected":false},"excerpt":{"rendered":"<p>Refor\u00e7 de colze Adidas per a entrenaments i competicions. Suport ergon\u00f2mic, flexible i durador. Ideal per a alt rendiment. Disponible en diverses mides (S-XL).<\/p>\n<p>REF: ADSU-12432WH.<\/p>\n","protected":false},"featured_media":10304,"comment_status":"open","ping_status":"closed","template":"","meta":[],"product_cat":[134,139],"product_tag":[],"brands":[{"id":403,"name":"Adidas","slug":"adidas"}],"_links":{"self":[{"href":"https:\/\/crawl.es\/ca\/wp-json\/wp\/v2\/product\/11956"}],"collection":[{"href":"https:\/\/crawl.es\/ca\/wp-json\/wp\/v2\/product"}],"about":[{"href":"https:\/\/crawl.es\/ca\/wp-json\/wp\/v2\/types\/product"}],"replies":[{"embeddable":true,"href":"https:\/\/crawl.es\/ca\/wp-json\/wp\/v2\/comments?post=11956"}],"wp:featuredmedia":[{"embeddable":true,"href":"https:\/\/crawl.es\/ca\/wp-json\/wp\/v2\/media\/10304"}],"wp:attachment":[{"href":"https:\/\/crawl.es\/ca\/wp-json\/wp\/v2\/media?parent=11956"}],"wp:term":[{"taxonomy":"product_cat","embeddable":true,"href":"https:\/\/crawl.es\/ca\/wp-json\/wp\/v2\/product_cat?post=11956"},{"taxonomy":"product_tag","embeddable":true,"href":"https:\/\/crawl.es\/ca\/wp-json\/wp\/v2\/product_tag?post=11956"}],"curies":[{"name":"wp","href":"https:\/\/api.w.org\/{rel}","templated":true}]}}