{"id":11959,"date":"2024-11-11T12:25:00","date_gmt":"2024-11-11T12:25:00","guid":{"rendered":"https:\/\/crawl.es\/producto\/munyequera-adidas-suport-i-comoditat-crawl\/"},"modified":"2024-11-11T12:25:00","modified_gmt":"2024-11-11T12:25:00","slug":"munyequera-adidas-suport-i-comoditat-crawl","status":"publish","type":"product","link":"https:\/\/crawl.es\/ca\/producto\/munyequera-adidas-suport-i-comoditat-crawl\/","title":{"rendered":"Munyequera Adidas | Suport i Comoditat | Crawl"},"content":{"rendered":"<p>F\u00e0cil de netejar i reutilitzar quan sigui necessari. Disseny ergon\u00f2mic amb refor\u00e7 estructurat. Fabricat amb una barreja de nil\u00f3 i elast\u00e0 per a transpirabilitat i elasticitat. Proporciona suport per a les articulacions per a tots els esports, curses i activitats relacionades amb el fitness en general. Es ven com un suport individual, s&#8217;adapta tant a l&#8217;esquerra com a la dreta. Els panells col\u00b7locats estrat\u00e8gicament presenten diferents patrons de teixit per a un suport efica\u00e7. El disseny de trabeta per al polze retallat permet mantenir una subjecci\u00f3 i sensaci\u00f3 naturals mentre s&#8217;entrena. Els punys gruixuts a la part superior i inferior garanteixen un ajust segur.<\/p>\n<p>\u00a0<\/p>\n<p>Talles:<\/p>\n<p>&#8211; S: 13-16 cm<\/p>\n<p>&#8211; M: 16-18 cm<\/p>\n<p>&#8211; L: 18-20 cm<\/p>\n<p>&#8211; XL: 20-25 cm<\/p>\n","protected":false},"excerpt":{"rendered":"<p>Mu\u00f1equeres Adidas ergon\u00f2mica per a suport en esports i fitness. Fabricada en nil\u00f3 i elast\u00e0, amb disseny de trabeta per al polze. Disponible en mides S-XL. Ideal per a entrenament.<\/p>\n","protected":false},"featured_media":10299,"comment_status":"open","ping_status":"closed","template":"","meta":[],"product_cat":[134,139],"product_tag":[],"brands":[{"id":403,"name":"Adidas","slug":"adidas"}],"_links":{"self":[{"href":"https:\/\/crawl.es\/ca\/wp-json\/wp\/v2\/product\/11959"}],"collection":[{"href":"https:\/\/crawl.es\/ca\/wp-json\/wp\/v2\/product"}],"about":[{"href":"https:\/\/crawl.es\/ca\/wp-json\/wp\/v2\/types\/product"}],"replies":[{"embeddable":true,"href":"https:\/\/crawl.es\/ca\/wp-json\/wp\/v2\/comments?post=11959"}],"wp:featuredmedia":[{"embeddable":true,"href":"https:\/\/crawl.es\/ca\/wp-json\/wp\/v2\/media\/10299"}],"wp:attachment":[{"href":"https:\/\/crawl.es\/ca\/wp-json\/wp\/v2\/media?parent=11959"}],"wp:term":[{"taxonomy":"product_cat","embeddable":true,"href":"https:\/\/crawl.es\/ca\/wp-json\/wp\/v2\/product_cat?post=11959"},{"taxonomy":"product_tag","embeddable":true,"href":"https:\/\/crawl.es\/ca\/wp-json\/wp\/v2\/product_tag?post=11959"}],"curies":[{"name":"wp","href":"https:\/\/api.w.org\/{rel}","templated":true}]}}