{"id":11962,"date":"2024-11-11T12:07:14","date_gmt":"2024-11-11T12:07:14","guid":{"rendered":"https:\/\/crawl.es\/producto\/codera-adidas-suport-i-comoditat-per-a-entrenaments-crawl\/"},"modified":"2024-11-11T12:07:14","modified_gmt":"2024-11-11T12:07:14","slug":"codera-adidas-suport-i-comoditat-per-a-entrenaments-crawl","status":"publish","type":"product","link":"https:\/\/crawl.es\/ca\/producto\/codera-adidas-suport-i-comoditat-per-a-entrenaments-crawl\/","title":{"rendered":"Codera Adidas | Suport i Comoditat per a Entrenaments | Crawl"},"content":{"rendered":"<p>Proporciona suport per a tots els esports, curses i activitats relacionades amb el fitness en general.<\/p>\n<p>Disseny ergon\u00f2mic amb refor\u00e7 estructurat. Els panells col\u00b7locats estrat\u00e8gicament compten amb diferents patrons de teixit per a un suport efectiu.<\/p>\n<p>L&#8217;anell centralitzat es forma al colze en combinar un centre de punt ajustat i el\u00e0stic.<\/p>\n<p>Fet amb una barreja de nil\u00f3 i spandex per a m\u00e9s transpirabilitat i elasticitat amb punys gruixuts a la part superior i inferior per a garantir un ajust segur.<\/p>\n<p>F\u00e0cil de netejar i reutilitzar quan sigui necessari. Es ven com a suport individual, s&#8217;adapta tant a l&#8217;esquerra com a la dreta.<\/p>\n<p>\u00a0<\/p>\n<p>Talles:<\/p>\n<p>&#8211; S: 22-25 cm<\/p>\n<p>&#8211; M: 25-28 cm<\/p>\n<p>&#8211; L: 28-31 cm<\/p>\n<p>&#8211; XL: 31-35 cm<\/p>\n","protected":false},"excerpt":{"rendered":"<p>Codera Adidas ergon\u00f2mica, ideal per a esports i fitness. Fet amb nil\u00f3 i spandex, amb disseny de suport efectiu i ajust segur. Disponible en mides S-XL. F\u00e0cil de netejar i reutilitzar.<\/p>\n","protected":false},"featured_media":10293,"comment_status":"open","ping_status":"closed","template":"","meta":[],"product_cat":[134,139],"product_tag":[],"brands":[{"id":403,"name":"Adidas","slug":"adidas"}],"_links":{"self":[{"href":"https:\/\/crawl.es\/ca\/wp-json\/wp\/v2\/product\/11962"}],"collection":[{"href":"https:\/\/crawl.es\/ca\/wp-json\/wp\/v2\/product"}],"about":[{"href":"https:\/\/crawl.es\/ca\/wp-json\/wp\/v2\/types\/product"}],"replies":[{"embeddable":true,"href":"https:\/\/crawl.es\/ca\/wp-json\/wp\/v2\/comments?post=11962"}],"wp:featuredmedia":[{"embeddable":true,"href":"https:\/\/crawl.es\/ca\/wp-json\/wp\/v2\/media\/10293"}],"wp:attachment":[{"href":"https:\/\/crawl.es\/ca\/wp-json\/wp\/v2\/media?parent=11962"}],"wp:term":[{"taxonomy":"product_cat","embeddable":true,"href":"https:\/\/crawl.es\/ca\/wp-json\/wp\/v2\/product_cat?post=11962"},{"taxonomy":"product_tag","embeddable":true,"href":"https:\/\/crawl.es\/ca\/wp-json\/wp\/v2\/product_tag?post=11962"}],"curies":[{"name":"wp","href":"https:\/\/api.w.org\/{rel}","templated":true}]}}