{"id":11965,"date":"2024-11-11T11:50:57","date_gmt":"2024-11-11T11:50:57","guid":{"rendered":"https:\/\/crawl.es\/producto\/set-de-banda-de-resistencia-3-nivells-adidas-forca-i-recuperacio-crawl\/"},"modified":"2024-11-11T11:50:57","modified_gmt":"2024-11-11T11:50:57","slug":"set-de-banda-de-resistencia-3-nivells-adidas-forca-i-recuperacio-crawl","status":"publish","type":"product","link":"https:\/\/crawl.es\/ca\/producto\/set-de-banda-de-resistencia-3-nivells-adidas-forca-i-recuperacio-crawl\/","title":{"rendered":"Set de Banda de Resist\u00e8ncia 3 Nivells Adidas | For\u00e7a i Recuperaci\u00f3 | Crawl"},"content":{"rendered":"<p>Les bandes de resist\u00e8ncia Adidas s\u00f3n un accessori essencial per als entrenaments de la part inferior del cos; aporten una resist\u00e8ncia constant i estabilitzadora al teu entrenament per a una major for\u00e7a i resist\u00e8ncia muscular. Les bandes tamb\u00e9 es poden utilitzar per a exercicis de rehabilitaci\u00f3, ajudant a a\u00efllar els m\u00fasculs i millorar la recuperaci\u00f3.<\/p>\n<p>\u00a0<\/p>\n<p>Fabricades amb un teixit de poli\u00e8ster el\u00e0stic, les bandes de resist\u00e8ncia combinen durabilitat amb comoditat. El disseny lleuger i compacte converteix les bandes en un company d&#8217;entrenament ideal en moviment o en un espai redu\u00eft.<\/p>\n<p>\u00a0<\/p>\n<p>Completes amb una bossa de transport, les bandes de resist\u00e8ncia lleugera, mitjana i pesada estan dissenyades per millorar el teu r\u00e8gim d&#8217;entrenament, millorant l&#8217;entrenament amb peses o les sessions de pes corporal.<\/p>\n<p>\u00a0<\/p>\n<p>3 bandes de resist\u00e8ncia incloses: lleugera, mitjana i pesada<\/p>\n<p>Teixit de poli\u00e8ster el\u00e0stic de 7,5 cm d&#8217;ample per a m\u00e9s flexibilitat i durabilitat.<\/p>\n<p>&#8211; Un accessori d&#8217;entrenament essencial per als entrenaments de la part inferior del cos.<\/p>\n<p>&#8211; Aporta major resist\u00e8ncia per a la for\u00e7a i resist\u00e8ncia muscular.<\/p>\n<p>&#8211; Bossa de transport inclosa<\/p>\n<p>&#8211; Els colors inclouen gris, pedra i negre.<\/p>\n<p>&#8211; Millora les sessions tant amb pes com amb pes corporal.<\/p>\n<p>&#8211; Adequat per a exercicis de rehabilitaci\u00f3 per ajudar a millorar la recuperaci\u00f3.<\/p>\n<p>&#8211; Empaquetat en envasos 100% reciclables i sense pl\u00e0stic.<\/p>\n","protected":false},"excerpt":{"rendered":"<p>Millora la teva for\u00e7a i resist\u00e8ncia amb el set de 3 bandes de resist\u00e8ncia Adidas (lleugera, mitjana, pesada). Ideal per a entrenaments i rehabilitaci\u00f3. Inclou bossa de transport. Material durador.<\/p>\n","protected":false},"featured_media":10284,"comment_status":"open","ping_status":"closed","template":"","meta":[],"product_cat":[134,139],"product_tag":[],"brands":[{"id":403,"name":"Adidas","slug":"adidas"}],"_links":{"self":[{"href":"https:\/\/crawl.es\/ca\/wp-json\/wp\/v2\/product\/11965"}],"collection":[{"href":"https:\/\/crawl.es\/ca\/wp-json\/wp\/v2\/product"}],"about":[{"href":"https:\/\/crawl.es\/ca\/wp-json\/wp\/v2\/types\/product"}],"replies":[{"embeddable":true,"href":"https:\/\/crawl.es\/ca\/wp-json\/wp\/v2\/comments?post=11965"}],"wp:featuredmedia":[{"embeddable":true,"href":"https:\/\/crawl.es\/ca\/wp-json\/wp\/v2\/media\/10284"}],"wp:attachment":[{"href":"https:\/\/crawl.es\/ca\/wp-json\/wp\/v2\/media?parent=11965"}],"wp:term":[{"taxonomy":"product_cat","embeddable":true,"href":"https:\/\/crawl.es\/ca\/wp-json\/wp\/v2\/product_cat?post=11965"},{"taxonomy":"product_tag","embeddable":true,"href":"https:\/\/crawl.es\/ca\/wp-json\/wp\/v2\/product_tag?post=11965"}],"curies":[{"name":"wp","href":"https:\/\/api.w.org\/{rel}","templated":true}]}}