{"id":11966,"date":"2024-11-11T11:38:04","date_gmt":"2024-11-11T11:38:04","guid":{"rendered":"https:\/\/crawl.es\/producto\/tensor-de-resistencia-nivell-3-adidas-15kg-crawl\/"},"modified":"2024-11-11T11:38:04","modified_gmt":"2024-11-11T11:38:04","slug":"tensor-de-resistencia-nivell-3-adidas-15kg-crawl","status":"publish","type":"product","link":"https:\/\/crawl.es\/ca\/producto\/tensor-de-resistencia-nivell-3-adidas-15kg-crawl\/","title":{"rendered":"Tensor de Resist\u00e8ncia Nivell 3 Adidas 15kg | Crawl"},"content":{"rendered":"<p>Permetent crear entrenaments de cos complet a qualsevol lloc, els tubs de resist\u00e8ncia Adidas t&#8217;ajuden a enfortir i tonificar tant la part superior com la inferior del cos.<\/p>\n<p>\u00a0<\/p>\n<p>Amb un tub durador i resistent a esquin\u00e7os fabricat amb material TPR, els tubs Adidas ofereixen una resist\u00e8ncia constant per a sessions d&#8217;entrenament segures i efectives. Complets amb m\u00e0necs encoixinats d&#8217;escuma que compten amb corretges de PP reciclat, els tubs proporcionen un agarri m\u00e9s c\u00f2mode i m\u00e9s fort sense la mol\u00e8stia que experimentes amb el moletat tradicional amb manuelles o barres.<\/p>\n<p>\u00a0<\/p>\n<p>Disponibles en opcions de resist\u00e8ncia de 5, 10 i 15 kg, els tubs de resist\u00e8ncia Adidas et permeten desafiar la teva for\u00e7a i resist\u00e8ncia muscular.<\/p>\n<p>\u00a0<\/p>\n<p>&#8211; Dissenyats per a ajudar a enfortir i tonificar.<\/p>\n<p>&#8211; Equivalents de pes de resist\u00e8ncia m\u00e8trica dual.<\/p>\n<p>&#8211; Disseny durador amb funcionalitat vers\u00e0til.<\/p>\n<p>&#8211; M\u00e0necs encoixinats d&#8217;escuma per a un agarri c\u00f2mode.<\/p>\n<p>&#8211; Ideal per a utilitzar a casa, mentre viatges o en moviment.<\/p>\n<p>&#8211; Ideal per a entrenaments de la part superior i inferior del cos.<\/p>\n<p>&#8211; Empaquetat en envasos 100% reciclables i sense pl\u00e0stic.<\/p>\n<p>&#8211; Es fan servir corretges de PP reciclat per a crear els m\u00e0necs.<\/p>\n<p>&#8211; El material del tub TPR \u00e9s fort i resistent a esquin\u00e7os.<\/p>\n","protected":false},"excerpt":{"rendered":"<p>Enforteix i tonifica amb el tensor de resist\u00e8ncia nivell 3 Adidas (15kg). M\u00e0necs d&#8217;escuma c\u00f2modes i tub TPR resistent. Fet amb cinta reciclada. Ideal per al teu entrenament.<\/p>\n","protected":false},"featured_media":10261,"comment_status":"open","ping_status":"closed","template":"","meta":[],"product_cat":[134,139],"product_tag":[],"brands":[{"id":403,"name":"Adidas","slug":"adidas"}],"_links":{"self":[{"href":"https:\/\/crawl.es\/ca\/wp-json\/wp\/v2\/product\/11966"}],"collection":[{"href":"https:\/\/crawl.es\/ca\/wp-json\/wp\/v2\/product"}],"about":[{"href":"https:\/\/crawl.es\/ca\/wp-json\/wp\/v2\/types\/product"}],"replies":[{"embeddable":true,"href":"https:\/\/crawl.es\/ca\/wp-json\/wp\/v2\/comments?post=11966"}],"wp:featuredmedia":[{"embeddable":true,"href":"https:\/\/crawl.es\/ca\/wp-json\/wp\/v2\/media\/10261"}],"wp:attachment":[{"href":"https:\/\/crawl.es\/ca\/wp-json\/wp\/v2\/media?parent=11966"}],"wp:term":[{"taxonomy":"product_cat","embeddable":true,"href":"https:\/\/crawl.es\/ca\/wp-json\/wp\/v2\/product_cat?post=11966"},{"taxonomy":"product_tag","embeddable":true,"href":"https:\/\/crawl.es\/ca\/wp-json\/wp\/v2\/product_tag?post=11966"}],"curies":[{"name":"wp","href":"https:\/\/api.w.org\/{rel}","templated":true}]}}