{"id":11969,"date":"2024-11-11T10:48:24","date_gmt":"2024-11-11T10:48:24","guid":{"rendered":"https:\/\/crawl.es\/producto\/banda-de-resistencia-adidas\/"},"modified":"2024-11-11T10:48:24","modified_gmt":"2024-11-11T10:48:24","slug":"banda-de-resistencia-adidas","status":"publish","type":"product","link":"https:\/\/crawl.es\/ca\/producto\/banda-de-resistencia-adidas\/","title":{"rendered":"Banda de Resist\u00e8ncia Alta Adidas | Millora For\u00e7a i Flexibilitat | Crawl"},"content":{"rendered":"<p>La banda de resist\u00e8ncia Adidas \u00e9s un accessori essencial per als entrenaments de la part inferior del cos, ja que aporta una resist\u00e8ncia constant i estabilitzadora al teu entrenament per aconseguir una major for\u00e7a i resist\u00e8ncia muscular. La banda tamb\u00e9 es pot utilitzar per a exercicis de rehabilitaci\u00f3, ajudant a a\u00efllar els m\u00fasculs i millorar la recuperaci\u00f3.<\/p>\n<p>\u00a0<\/p>\n<p>Fabricada amb un teixit de poli\u00e8ster el\u00e0stic, la banda de resist\u00e8ncia combina durabilitat i comoditat. El seu disseny lleuger i compacte fa que la banda sigui un company d&#8217;entrenament ideal en moviment o en espais redu\u00efts. Disponibles en nivells de resist\u00e8ncia lleugers, mitjans i pesats, les bandes Adidas estan dissenyades per potenciar el teu r\u00e8gim d&#8217;entrenament, millorant l&#8217;entrenament amb peses o les sessions de pes corporal.<\/p>\n<p>\u00a0<\/p>\n<p>&#8211; Teixit de poli\u00e8ster el\u00e0stic de 7,5 cm d&#8217;ample per a m\u00e9s flexibilitat i durabilitat.<\/p>\n<p>&#8211; Un accessori d&#8217;entrenament essencial per als entrenaments de la part inferior del cos.<\/p>\n<p>&#8211; Disponible en nivells de resist\u00e8ncia lleuger, mitj\u00e0 i pesat.<\/p>\n<p>&#8211; Aporta major resist\u00e8ncia per a la for\u00e7a i la resist\u00e8ncia muscular.<\/p>\n<p>&#8211; Millora tant les sessions amb pes com les de pes corporal.<\/p>\n<p>&#8211; Adequat per a exercicis de rehabilitaci\u00f3 per ajudar a millorar la recuperaci\u00f3.<\/p>\n<p>&#8211; Envasat en embalatge 100% reciclable i lliure de pl\u00e0stic.<\/p>\n","protected":false},"excerpt":{"rendered":"<p>Millora la teva for\u00e7a i flexibilitat amb la banda de resist\u00e8ncia alta Adidas. Ideal per a entrenaments intensos. Fabricada en material durador i el\u00e0stic, perfecta per a tot tipus d&#8217;exercici. Apte per a entrenament i rehabilitaci\u00f3.<\/p>\n","protected":false},"featured_media":10216,"comment_status":"open","ping_status":"closed","template":"","meta":[],"product_cat":[134,139],"product_tag":[],"brands":[{"id":403,"name":"Adidas","slug":"adidas"}],"_links":{"self":[{"href":"https:\/\/crawl.es\/ca\/wp-json\/wp\/v2\/product\/11969"}],"collection":[{"href":"https:\/\/crawl.es\/ca\/wp-json\/wp\/v2\/product"}],"about":[{"href":"https:\/\/crawl.es\/ca\/wp-json\/wp\/v2\/types\/product"}],"replies":[{"embeddable":true,"href":"https:\/\/crawl.es\/ca\/wp-json\/wp\/v2\/comments?post=11969"}],"wp:featuredmedia":[{"embeddable":true,"href":"https:\/\/crawl.es\/ca\/wp-json\/wp\/v2\/media\/10216"}],"wp:attachment":[{"href":"https:\/\/crawl.es\/ca\/wp-json\/wp\/v2\/media?parent=11969"}],"wp:term":[{"taxonomy":"product_cat","embeddable":true,"href":"https:\/\/crawl.es\/ca\/wp-json\/wp\/v2\/product_cat?post=11969"},{"taxonomy":"product_tag","embeddable":true,"href":"https:\/\/crawl.es\/ca\/wp-json\/wp\/v2\/product_tag?post=11969"}],"curies":[{"name":"wp","href":"https:\/\/api.w.org\/{rel}","templated":true}]}}