{"id":11975,"date":"2024-11-11T10:21:04","date_gmt":"2024-11-11T10:21:04","guid":{"rendered":"https:\/\/crawl.es\/producto\/perneres-de-compressio-adidas-suport-i-comoditat-crawl\/"},"modified":"2024-11-11T10:21:04","modified_gmt":"2024-11-11T10:21:04","slug":"perneres-de-compressio-adidas-suport-i-comoditat-crawl","status":"publish","type":"product","link":"https:\/\/crawl.es\/ca\/producto\/perneres-de-compressio-adidas-suport-i-comoditat-crawl\/","title":{"rendered":"Perneres de Compressi\u00f3 Adidas | Suport i Comoditat | Crawl"},"content":{"rendered":"<p>Combinant rendiment i comoditat, les m\u00e0nigues de compressi\u00f3 Adidas estan dissenyades tant per a l&#8217;entrenament com per a la competici\u00f3, permetent el flux d&#8217;aire a trav\u00e9s de l&#8217;estructura el\u00e0stica per mantenir-te fresc durant les sessions m\u00e9s dures.<\/p>\n<p>\u00a0<\/p>\n<p>Dissenyades per a reduir la irritaci\u00f3 i permetre&#8217;t concentrar-te en la tasca en q\u00fcesti\u00f3, les m\u00e0nigues de panxell es mantenen al seu lloc durant l&#8217;entrenament d&#8217;alta energia.<\/p>\n<p>\u00a0<\/p>\n<p>Les m\u00e0nigues de compressi\u00f3 per a panxells, que es lliuren en parelles, es poden rentar a m\u00e0quina per a una neteja r\u00e0pida i senzilla despr\u00e9s de l&#8217;entrenament.<\/p>\n<p>\u00a0<\/p>\n<p>Completes com un parell de m\u00e0nigues.<\/p>\n<p>&#8211; Ajuda a regular la temperatura per reduir la irritaci\u00f3.<\/p>\n<p>&#8211; El disseny el\u00e0stic lleuger ofereix comoditat i rendiment.<\/p>\n<p>&#8211; Es pot rentar a m\u00e0quina per facilitar la seva neteja despr\u00e9s de l&#8217;entrenament.<\/p>\n<p>&#8211; Fabricades amb una barreja d&#8217;elast\u00e0 i nil\u00f3.<\/p>\n<p>\u00a0<\/p>\n<p>Talles:<\/p>\n<p>&#8211; S\/M: 25-35 cm<\/p>\n<p>&#8211; L\/XL: 35-45 cm<\/p>\n","protected":false},"excerpt":{"rendered":"<p>Millora el teu rendiment amb les perneres de compressi\u00f3 Adidas. Disseny el\u00e0stic per a suport i confort, ideal per a entrenaments intensos. Lleugeres, transpirables i f\u00e0cils de rentar.<\/p>\n","protected":false},"featured_media":10189,"comment_status":"open","ping_status":"closed","template":"","meta":[],"product_cat":[134,139],"product_tag":[],"brands":[{"id":403,"name":"Adidas","slug":"adidas"}],"_links":{"self":[{"href":"https:\/\/crawl.es\/ca\/wp-json\/wp\/v2\/product\/11975"}],"collection":[{"href":"https:\/\/crawl.es\/ca\/wp-json\/wp\/v2\/product"}],"about":[{"href":"https:\/\/crawl.es\/ca\/wp-json\/wp\/v2\/types\/product"}],"replies":[{"embeddable":true,"href":"https:\/\/crawl.es\/ca\/wp-json\/wp\/v2\/comments?post=11975"}],"wp:featuredmedia":[{"embeddable":true,"href":"https:\/\/crawl.es\/ca\/wp-json\/wp\/v2\/media\/10189"}],"wp:attachment":[{"href":"https:\/\/crawl.es\/ca\/wp-json\/wp\/v2\/media?parent=11975"}],"wp:term":[{"taxonomy":"product_cat","embeddable":true,"href":"https:\/\/crawl.es\/ca\/wp-json\/wp\/v2\/product_cat?post=11975"},{"taxonomy":"product_tag","embeddable":true,"href":"https:\/\/crawl.es\/ca\/wp-json\/wp\/v2\/product_tag?post=11975"}],"curies":[{"name":"wp","href":"https:\/\/api.w.org\/{rel}","templated":true}]}}