{"id":11978,"date":"2024-11-11T10:11:31","date_gmt":"2024-11-11T10:11:31","guid":{"rendered":"https:\/\/crawl.es\/producto\/genollera-adidas-suport-i-comoditat-per-a-entrenaments-crawl\/"},"modified":"2024-11-11T10:11:31","modified_gmt":"2024-11-11T10:11:31","slug":"genollera-adidas-suport-i-comoditat-per-a-entrenaments-crawl","status":"publish","type":"product","link":"https:\/\/crawl.es\/ca\/producto\/genollera-adidas-suport-i-comoditat-per-a-entrenaments-crawl\/","title":{"rendered":"Genollera Adidas | Suport i Comoditat per a Entrenaments | Crawl"},"content":{"rendered":"<p>El suport de genoll de punt Adidas et permet seguir amb el teu entrenament i et ajuda a seguir avan\u00e7ant durant els per\u00edodes d&#8217;entrenament m\u00e9s durs. El suport de genoll de Adidas, dissenyat ergon\u00f2micament, est\u00e0 creat per a proporcionar un refor\u00e7 estructurat a tota la genoll sense limitar el teu moviment ni el teu rendiment. Fabricat amb una barreja de nil\u00f3 i elast\u00e0, el material transpirable i el\u00e0stic proporciona un suport que s&#8217;adapta a la teva cama amb un anell central que combina un teixit m\u00e9s ajustat amb un panell de major elasticitat, permetent que el suport s&#8217;adapti completament a la teva r\u00f2tula. Completa amb punys gruixuts tant a la part superior com a la inferior, el suport de genoll es mant\u00e9 en el seu lloc durant les sessions d&#8217;entrenament en\u00e8rgiques i segueix sent f\u00e0cil de posar i treure. Per a millorar tant la comoditat com l&#8217;estabilitat, els panells estrat\u00e8gicament col\u00b7locats del suport de genoll presenten diferents patrons de teixit que convergeixen per a formar-se al voltant de la genoll amb diferents nivells d&#8217;elasticitat per a un suport personalitzat i efectiu.<\/p>\n<p>\u00a0<\/p>\n<p>Talles:<\/p>\n<p>&#8211; S: 28-35 cm<\/p>\n<p>&#8211; M: 35-45 cm<\/p>\n<p>&#8211; L: 45-52 cm<\/p>\n<p>&#8211; XL: 52-62 cm<\/p>\n","protected":false},"excerpt":{"rendered":"<p>Genollera Adidas ergon\u00f2mica per a suport i confort. Material transpirable i el\u00e0stic per adaptar-se a la teva genoll. Ideal per a entrenaments intensos. Disponible en talles S, M, L i XL.<\/p>\n<p>\u00a0<\/p>\n","protected":false},"featured_media":10184,"comment_status":"open","ping_status":"closed","template":"","meta":[],"product_cat":[134,139],"product_tag":[],"brands":[{"id":403,"name":"Adidas","slug":"adidas"}],"_links":{"self":[{"href":"https:\/\/crawl.es\/ca\/wp-json\/wp\/v2\/product\/11978"}],"collection":[{"href":"https:\/\/crawl.es\/ca\/wp-json\/wp\/v2\/product"}],"about":[{"href":"https:\/\/crawl.es\/ca\/wp-json\/wp\/v2\/types\/product"}],"replies":[{"embeddable":true,"href":"https:\/\/crawl.es\/ca\/wp-json\/wp\/v2\/comments?post=11978"}],"wp:featuredmedia":[{"embeddable":true,"href":"https:\/\/crawl.es\/ca\/wp-json\/wp\/v2\/media\/10184"}],"wp:attachment":[{"href":"https:\/\/crawl.es\/ca\/wp-json\/wp\/v2\/media?parent=11978"}],"wp:term":[{"taxonomy":"product_cat","embeddable":true,"href":"https:\/\/crawl.es\/ca\/wp-json\/wp\/v2\/product_cat?post=11978"},{"taxonomy":"product_tag","embeddable":true,"href":"https:\/\/crawl.es\/ca\/wp-json\/wp\/v2\/product_tag?post=11978"}],"curies":[{"name":"wp","href":"https:\/\/api.w.org\/{rel}","templated":true}]}}