{"id":11982,"date":"2024-11-11T09:55:28","date_gmt":"2024-11-11T09:55:28","guid":{"rendered":"https:\/\/crawl.es\/producto\/tobillera-adidas-soporte-y-comodidad-para-entrenamientos-crawl\/"},"modified":"2024-12-17T09:09:08","modified_gmt":"2024-12-17T09:09:08","slug":"tobillera-adidas-soporte-y-comodidad-para-entrenamientos-crawl","status":"publish","type":"product","link":"https:\/\/crawl.es\/ca\/producto\/tobillera-adidas-soporte-y-comodidad-para-entrenamientos-crawl\/","title":{"rendered":"Turmellera Adidas | Suport i Comoditat per a Entrenaments | Crawl"},"content":{"rendered":"<p>La turmellera Adidas ofereix un refor\u00e7 estructurat sense limitar el moviment, assegurant que puguis mantenir-te actiu durant els teus entrenaments. Amb panells que presenten patrons de teixit variats, aquesta tobillera proporciona un suport efica\u00e7 i un ajust c\u00f2mode gr\u00e0cies al tac\u00f3 d&#8217;alta elasticitat. Fabricada amb material c\u00f2mode i transpirable, la tobillera garanteix comoditat durant l&#8217;\u00fas prolongat.<\/p>\n<p>Els seus punys gruixuts a la part superior i inferior asseguren que el suport es mantingui en el seu lloc durant les sessions d&#8217;entrenament m\u00e9s exigents.<\/p>\n<p>Talles: S: 24-29 cm M: 29-34 cm L: 34-36 cm XL: 36-40 cm<\/p>\n<p>REF: ADSU-12512BK-NL<\/p>\n","protected":false},"excerpt":{"rendered":"<p>Turmellera Adidas amb refor\u00e7 estructurat i material transpirable. Dissenyada per a suport sense limitar el moviment. Disponible en talles S, M, L i XL.<\/p>\n<p>REF: ADSU-12512BK-NL.<\/p>\n<p>\u00a0<\/p>\n","protected":false},"featured_media":10179,"comment_status":"open","ping_status":"closed","template":"","meta":[],"product_cat":[134,139],"product_tag":[],"brands":[{"id":403,"name":"Adidas","slug":"adidas"}],"_links":{"self":[{"href":"https:\/\/crawl.es\/ca\/wp-json\/wp\/v2\/product\/11982"}],"collection":[{"href":"https:\/\/crawl.es\/ca\/wp-json\/wp\/v2\/product"}],"about":[{"href":"https:\/\/crawl.es\/ca\/wp-json\/wp\/v2\/types\/product"}],"replies":[{"embeddable":true,"href":"https:\/\/crawl.es\/ca\/wp-json\/wp\/v2\/comments?post=11982"}],"wp:featuredmedia":[{"embeddable":true,"href":"https:\/\/crawl.es\/ca\/wp-json\/wp\/v2\/media\/10179"}],"wp:attachment":[{"href":"https:\/\/crawl.es\/ca\/wp-json\/wp\/v2\/media?parent=11982"}],"wp:term":[{"taxonomy":"product_cat","embeddable":true,"href":"https:\/\/crawl.es\/ca\/wp-json\/wp\/v2\/product_cat?post=11982"},{"taxonomy":"product_tag","embeddable":true,"href":"https:\/\/crawl.es\/ca\/wp-json\/wp\/v2\/product_tag?post=11982"}],"curies":[{"name":"wp","href":"https:\/\/api.w.org\/{rel}","templated":true}]}}