{"id":11985,"date":"2024-11-11T09:38:54","date_gmt":"2024-11-11T09:38:54","guid":{"rendered":"https:\/\/crawl.es\/producto\/vena-de-proteccio-universal-adidas-suport-i-recuperacio-crawl\/"},"modified":"2024-11-11T09:38:54","modified_gmt":"2024-11-11T09:38:54","slug":"vena-de-proteccio-universal-adidas-suport-i-recuperacio-crawl","status":"publish","type":"product","link":"https:\/\/crawl.es\/ca\/producto\/vena-de-proteccio-universal-adidas-suport-i-recuperacio-crawl\/","title":{"rendered":"Vena de Protecci\u00f3 Universal Adidas | Suport i Recuperaci\u00f3 | Crawl"},"content":{"rendered":"<p>Combinant rendiment amb recuperaci\u00f3; Els suports Adidas Climacool t&#8217;ajuden a moure&#8217;t amb llibertat. Aptes per a tots els esports i estils d&#8217;entrenament, les envoltures universals ofereixen un suport estrat\u00e8gic sense restringir el moviment. Amb 139 cm de llarg, el Long Wrap \u00e9s ideal per a donar suport tant al colze com al genoll. Dissenyat amb un fort tancament de velcro, l&#8217;embenat es mant\u00e9 al seu lloc durant les sessions m\u00e9s en\u00e8rgiques.<\/p>\n","protected":false},"excerpt":{"rendered":"<p>La vena de protecci\u00f3 universal Adidas Climacool ofereix suport sense limitar el moviment. Ideal per a colze i genoll. Talla \u00fanica. 139 cm de llarg. Perfecta per a tot tipus d&#8217;entrenament.<\/p>\n","protected":false},"featured_media":10169,"comment_status":"open","ping_status":"closed","template":"","meta":[],"product_cat":[134,139],"product_tag":[],"brands":[{"id":403,"name":"Adidas","slug":"adidas"}],"_links":{"self":[{"href":"https:\/\/crawl.es\/ca\/wp-json\/wp\/v2\/product\/11985"}],"collection":[{"href":"https:\/\/crawl.es\/ca\/wp-json\/wp\/v2\/product"}],"about":[{"href":"https:\/\/crawl.es\/ca\/wp-json\/wp\/v2\/types\/product"}],"replies":[{"embeddable":true,"href":"https:\/\/crawl.es\/ca\/wp-json\/wp\/v2\/comments?post=11985"}],"wp:featuredmedia":[{"embeddable":true,"href":"https:\/\/crawl.es\/ca\/wp-json\/wp\/v2\/media\/10169"}],"wp:attachment":[{"href":"https:\/\/crawl.es\/ca\/wp-json\/wp\/v2\/media?parent=11985"}],"wp:term":[{"taxonomy":"product_cat","embeddable":true,"href":"https:\/\/crawl.es\/ca\/wp-json\/wp\/v2\/product_cat?post=11985"},{"taxonomy":"product_tag","embeddable":true,"href":"https:\/\/crawl.es\/ca\/wp-json\/wp\/v2\/product_tag?post=11985"}],"curies":[{"name":"wp","href":"https:\/\/api.w.org\/{rel}","templated":true}]}}