{"id":11987,"date":"2024-11-11T09:25:36","date_gmt":"2024-11-11T09:25:36","guid":{"rendered":"https:\/\/crawl.es\/producto\/canellera-oberta-universal-adidas-suport-per-a-entrenaments-crawl\/"},"modified":"2024-12-17T09:16:14","modified_gmt":"2024-12-17T09:16:14","slug":"canellera-oberta-universal-adidas-suport-per-a-entrenaments-crawl","status":"publish","type":"product","link":"https:\/\/crawl.es\/ca\/producto\/canellera-oberta-universal-adidas-suport-per-a-entrenaments-crawl\/","title":{"rendered":"Canellera Oberta Universal Adidas | Suport per a Entrenaments | Crawl"},"content":{"rendered":"<p>La faixa de suport universal d&#8217;Adidas est\u00e0 dissenyada tant per al rendiment com per a la recuperaci\u00f3. Proporciona un suport fort i ajustable on i quan m\u00e9s ho necessitis.<\/p>\n<p>Els embenats i suports, que s&#8217;utilitzen durant les sessions esportives i d&#8217;entrenament, reforcen estrat\u00e8gicament l&#8217;articulaci\u00f3 en q\u00fcesti\u00f3 sense restringir massa el moviment. Fes-los servir al camp, al gimn\u00e0s o els dies de descans. Aplicar l&#8217;embenat el dia despr\u00e9s d&#8217;un partit important o una sessi\u00f3 d&#8217;entrenament tamb\u00e9 pot ajudar a reduir l&#8217;aparici\u00f3 de dolor muscular.<\/p>\n","protected":false},"excerpt":{"rendered":"<p>La canellera oberta universal Adidas ofereix suport ergon\u00f2mic i flexibilitat. Ideal per a entrenaments intensos, dissenyada amb material transpirable i ajust segur. Perfecta per a qualsevol activitat f\u00edsica.<\/p>\n","protected":false},"featured_media":10160,"comment_status":"open","ping_status":"closed","template":"","meta":[],"product_cat":[139,134],"product_tag":[],"brands":[{"id":403,"name":"Adidas","slug":"adidas"}],"_links":{"self":[{"href":"https:\/\/crawl.es\/ca\/wp-json\/wp\/v2\/product\/11987"}],"collection":[{"href":"https:\/\/crawl.es\/ca\/wp-json\/wp\/v2\/product"}],"about":[{"href":"https:\/\/crawl.es\/ca\/wp-json\/wp\/v2\/types\/product"}],"replies":[{"embeddable":true,"href":"https:\/\/crawl.es\/ca\/wp-json\/wp\/v2\/comments?post=11987"}],"wp:featuredmedia":[{"embeddable":true,"href":"https:\/\/crawl.es\/ca\/wp-json\/wp\/v2\/media\/10160"}],"wp:attachment":[{"href":"https:\/\/crawl.es\/ca\/wp-json\/wp\/v2\/media?parent=11987"}],"wp:term":[{"taxonomy":"product_cat","embeddable":true,"href":"https:\/\/crawl.es\/ca\/wp-json\/wp\/v2\/product_cat?post=11987"},{"taxonomy":"product_tag","embeddable":true,"href":"https:\/\/crawl.es\/ca\/wp-json\/wp\/v2\/product_tag?post=11987"}],"curies":[{"name":"wp","href":"https:\/\/api.w.org\/{rel}","templated":true}]}}