{"id":11988,"date":"2024-11-08T12:29:21","date_gmt":"2024-11-08T12:29:21","guid":{"rendered":"https:\/\/crawl.es\/producto\/banda-reversible-adidas-comoditat-i-estil-per-entrenar-crawl\/"},"modified":"2024-11-08T12:29:21","modified_gmt":"2024-11-08T12:29:21","slug":"banda-reversible-adidas-comoditat-i-estil-per-entrenar-crawl","status":"publish","type":"product","link":"https:\/\/crawl.es\/ca\/producto\/banda-reversible-adidas-comoditat-i-estil-per-entrenar-crawl\/","title":{"rendered":"Banda Reversible Adidas | Comoditat i Estil per Entrenar | Crawl"},"content":{"rendered":"<p>Amb un disseny de doble cara que et permet canviar el teu estil, la cinta per al cap reversible Adidas mant\u00e9 el teu cabell al seu lloc mentre entrenes, evitant la irritaci\u00f3 per a entrenaments m\u00e9s enfocats o un millor rendiment en la competici\u00f3.<\/p>\n<p>\u00a0<\/p>\n<p>Fabricada amb una barreja de materials el\u00e0stics duradors, la cinta per al cap ofereix un ajust c\u00f2mode amb un perfil 10 cm m\u00e9s ample per a una major cobertura i seguretat.<\/p>\n<p>\u00a0<\/p>\n<p>Caracter\u00edstiques:<\/p>\n<p>&#8211; Ideal per a utilitzar durant tot tipus d&#8217;entrenament i esports.<\/p>\n<p>&#8211; El disseny reversible et permet canviar el teu estil.<\/p>\n<p>&#8211; El perfil de banda m\u00e9s ample proporciona una major cobertura.<\/p>\n<p>&#8211; Feta amb una barreja de materials el\u00e0stics per a un ajust c\u00f2mode.<\/p>\n<p>\u00a0<\/p>\n","protected":false},"excerpt":{"rendered":"<p>La banda reversible Adidas mant\u00e9 el teu cabell al seu lloc amb un disseny de doble cara. Ideal per a entrenaments i esports, ofereix un ajustament c\u00f2mode i m\u00e9s cobertura.<\/p>\n","protected":false},"featured_media":10154,"comment_status":"open","ping_status":"closed","template":"","meta":[],"product_cat":[134,144],"product_tag":[],"brands":[{"id":403,"name":"Adidas","slug":"adidas"}],"_links":{"self":[{"href":"https:\/\/crawl.es\/ca\/wp-json\/wp\/v2\/product\/11988"}],"collection":[{"href":"https:\/\/crawl.es\/ca\/wp-json\/wp\/v2\/product"}],"about":[{"href":"https:\/\/crawl.es\/ca\/wp-json\/wp\/v2\/types\/product"}],"replies":[{"embeddable":true,"href":"https:\/\/crawl.es\/ca\/wp-json\/wp\/v2\/comments?post=11988"}],"wp:featuredmedia":[{"embeddable":true,"href":"https:\/\/crawl.es\/ca\/wp-json\/wp\/v2\/media\/10154"}],"wp:attachment":[{"href":"https:\/\/crawl.es\/ca\/wp-json\/wp\/v2\/media?parent=11988"}],"wp:term":[{"taxonomy":"product_cat","embeddable":true,"href":"https:\/\/crawl.es\/ca\/wp-json\/wp\/v2\/product_cat?post=11988"},{"taxonomy":"product_tag","embeddable":true,"href":"https:\/\/crawl.es\/ca\/wp-json\/wp\/v2\/product_tag?post=11988"}],"curies":[{"name":"wp","href":"https:\/\/api.w.org\/{rel}","templated":true}]}}