{"id":11991,"date":"2024-11-08T12:22:31","date_gmt":"2024-11-08T12:22:31","guid":{"rendered":"https:\/\/crawl.es\/producto\/cinta-esportiva-adidas-ajust-perfecte-i-antilliscant-crawl\/"},"modified":"2024-11-08T12:22:31","modified_gmt":"2024-11-08T12:22:31","slug":"cinta-esportiva-adidas-ajust-perfecte-i-antilliscant-crawl","status":"publish","type":"product","link":"https:\/\/crawl.es\/ca\/producto\/cinta-esportiva-adidas-ajust-perfecte-i-antilliscant-crawl\/","title":{"rendered":"Cinta Esportiva Adidas | Ajust Perfecte i Antilliscant | Crawl"},"content":{"rendered":"<p>Feta d&#8217;una barreja de material el\u00e0stic que garanteix un ajust perfecte, la diadema Adidas mant\u00e9 el teu cabell sota control perqu\u00e8 puguis concentrar-te en les teves activitats. Amb una incrustaci\u00f3 de silicona impresa, la diadema es mant\u00e9 col\u00b7locada durant qualsevol tipus d&#8217;entrenament, des de l&#8217;entrenament funcional, ioga, running i altres.<\/p>\n<p>\u00a0<\/p>\n<p>Caracter\u00edstiques:<\/p>\n<p>Ideal per a tot tipus d&#8217;entrenament i esport.<\/p>\n<p>Feta d&#8217;una barreja de material el\u00e0stic que permet un ajust perfecte.<\/p>\n<p>La incrustaci\u00f3 de silicona redueix el lliscament.<\/p>\n<p>Disseny de banda m\u00e9s ampla que proporciona una major cobertura.<\/p>\n<p>Rentable a 30 graus, assecat r\u00e0pid per degoteig.<\/p>\n<p>\u00danica talla.<\/p>\n","protected":false},"excerpt":{"rendered":"<p>La cinta esportiva Adidas ofereix un ajust perfecte i comoditat amb el seu material el\u00e0stic i silicona antilliscant. Ideal per a entrenaments funcionals, ioga, running i m\u00e9s.<\/p>\n","protected":false},"featured_media":10147,"comment_status":"open","ping_status":"closed","template":"","meta":[],"product_cat":[134,144],"product_tag":[],"brands":[{"id":403,"name":"Adidas","slug":"adidas"}],"_links":{"self":[{"href":"https:\/\/crawl.es\/ca\/wp-json\/wp\/v2\/product\/11991"}],"collection":[{"href":"https:\/\/crawl.es\/ca\/wp-json\/wp\/v2\/product"}],"about":[{"href":"https:\/\/crawl.es\/ca\/wp-json\/wp\/v2\/types\/product"}],"replies":[{"embeddable":true,"href":"https:\/\/crawl.es\/ca\/wp-json\/wp\/v2\/comments?post=11991"}],"wp:featuredmedia":[{"embeddable":true,"href":"https:\/\/crawl.es\/ca\/wp-json\/wp\/v2\/media\/10147"}],"wp:attachment":[{"href":"https:\/\/crawl.es\/ca\/wp-json\/wp\/v2\/media?parent=11991"}],"wp:term":[{"taxonomy":"product_cat","embeddable":true,"href":"https:\/\/crawl.es\/ca\/wp-json\/wp\/v2\/product_cat?post=11991"},{"taxonomy":"product_tag","embeddable":true,"href":"https:\/\/crawl.es\/ca\/wp-json\/wp\/v2\/product_tag?post=11991"}],"curies":[{"name":"wp","href":"https:\/\/api.w.org\/{rel}","templated":true}]}}